{"id":67,"date":"2018-11-14T21:11:32","date_gmt":"2018-11-14T21:11:32","guid":{"rendered":"https:\/\/sead-ev.de\/?page_id=67"},"modified":"2019-05-25T16:56:29","modified_gmt":"2019-05-25T14:56:29","slug":"mitmachen","status":"publish","type":"page","link":"https:\/\/sead-ev.de\/en\/unterstuetzung\/mitmachen","title":{"rendered":"Taking part"},"content":{"rendered":"<p><img fetchpriority=\"high\" decoding=\"async\" data-attachment-id=\"916\" data-permalink=\"https:\/\/sead-ev.de\/en\/unterstuetzung\/mitmachen\/56896981_846985182312320_6069423001298796544_n\" data-orig-file=\"https:\/\/sead-ev.de\/wp-content\/uploads\/2019\/04\/56896981_846985182312320_6069423001298796544_n.jpg\" data-orig-size=\"2048,1229\" data-comments-opened=\"1\" data-image-meta=\"{&quot;aperture&quot;:&quot;0&quot;,&quot;credit&quot;:&quot;&quot;,&quot;camera&quot;:&quot;&quot;,&quot;caption&quot;:&quot;&quot;,&quot;created_timestamp&quot;:&quot;0&quot;,&quot;copyright&quot;:&quot;&quot;,&quot;focal_length&quot;:&quot;0&quot;,&quot;iso&quot;:&quot;0&quot;,&quot;shutter_speed&quot;:&quot;0&quot;,&quot;title&quot;:&quot;&quot;,&quot;orientation&quot;:&quot;0&quot;}\" data-image-title=\"56896981_846985182312320_6069423001298796544_n\" data-image-description=\"\" data-image-caption=\"\" data-large-file=\"https:\/\/sead-ev.de\/wp-content\/uploads\/2019\/04\/56896981_846985182312320_6069423001298796544_n-1024x615.jpg\" class=\"alignnone wp-image-916 size-medium\" src=\"https:\/\/sead-ev.de\/wp-content\/uploads\/2019\/04\/56896981_846985182312320_6069423001298796544_n-300x180.jpg\" alt=\"\" width=\"300\" height=\"180\" srcset=\"https:\/\/sead-ev.de\/wp-content\/uploads\/2019\/04\/56896981_846985182312320_6069423001298796544_n-300x180.jpg 300w, https:\/\/sead-ev.de\/wp-content\/uploads\/2019\/04\/56896981_846985182312320_6069423001298796544_n-768x461.jpg 768w, https:\/\/sead-ev.de\/wp-content\/uploads\/2019\/04\/56896981_846985182312320_6069423001298796544_n-1024x615.jpg 1024w, https:\/\/sead-ev.de\/wp-content\/uploads\/2019\/04\/56896981_846985182312320_6069423001298796544_n-2000x1200.jpg 2000w, https:\/\/sead-ev.de\/wp-content\/uploads\/2019\/04\/56896981_846985182312320_6069423001298796544_n.jpg 2048w\" sizes=\"(max-width: 300px) 100vw, 300px\" \/><\/p>\n<p><span id=\"cch_fd996487ae193c\" class=\"_mh6 _wsc\"><span class=\"_3oh- _58nk\">You want to be a part of this? Then join our team!<br><\/span><\/span><\/p>\n<p class=\"translation-block\">There are several ways you can support our work. For example, you can organize fundraising events in your school and workplace, or you can organize a Christmas market stand with us for the benefit of SEAD. We are also always looking for additional hands at our events.<\/p>\n<p><span id=\"cch_fd996487ae193c\" class=\"_mh6 _wsc\"><span class=\"_3oh- _58nk\">Gerne kannst Du auch Mitglied werden und unsere Arbeit direkt durch dein Engagement unterst\u00fctzen. <\/span><\/span><span id=\"cch_fd996487ae193c\" class=\"_mh6 _wsc\"><span class=\"_3oh- _58nk\">Mitgliedsgeb\u00fchren werden daf\u00fcr nicht f\u00e4llig. Stattdessen m\u00f6chten wir, dass Du als Teil von SEAD einen Beitrag zu unserem Verein leistest und uns in einem unserer T\u00e4tigkeitsbereiche unterst\u00fctzt. Von Flyer\/Website-Gestaltung, Projektideen, Unterst\u00fctzung bei Veranstaltungen und Workshops, bis zu Marketing, Organisatorisches, Politisches oder Soziales&#8230;&#8230;SEAD ist offen f\u00fcr Jeden \ud83d\ude42&nbsp; <\/span><\/span><\/p>\n<p><span id=\"cch_fd996487ae193c\" class=\"_mh6 _wsc\"><span class=\"_3oh- _58nk\">We are looking for people who enjoy development cooperation, want to contribute their potential and bring along tolerance, open mindedness and motivation.\nYou can participate for one year on a trial basis before joining as a member.\nYou will then be able to participate in our meetings and thus directly shape the future of SEAD.<\/span><\/span><span id=\"cch_fd996487ae193c\" class=\"_mh6 _wsc\"><span class=\"_3oh- _58nk\">&nbsp;die Zukunft von SEAD mitgestalten. <\/span><\/span><\/p>\n<p><span id=\"cch_fd996487ae193c\" class=\"_mh6 _wsc\"><span class=\"_3oh- _58nk\">We also offer workshops on intercultural learning and we are happy to make a presentation about the Good Shepherd Home and the work of SEAD at your school, workplace or church. <\/span><\/span><\/p>\n<p><span id=\"cch_fd996487ae193c\" class=\"_mh6 _wsc\"><span class=\"_3oh- _58nk\">Whatever it is, you are welcome to contact us at any time. We are looking forward to your cooperation!<\/span><\/span><\/p>\n\n\n<div style=\"height:77px\" aria-hidden=\"true\" class=\"wp-block-spacer\"><\/div>\n\n\n\n<p><strong>Special thanks to <\/strong><\/p>\n\n\n\n<p><strong><br><\/strong>Artur Dick for the design of our website <\/p>\n\n\n\n<p>Janina Kordes for the design of our logo <\/p>\n\n\n\n<p><br><\/p>","protected":false},"excerpt":{"rendered":"<p>Du willst mitmachen? Dann werde Teil unseres Teams! Es gibt verschiedene M\u00f6glichkeiten, wie Du unsere Arbeit unterst\u00fctzen kannst. Du kannst z.B. Spendenaktionen in deiner Schule und Arbeitsstelle veranstalten, oder mit uns einen Weihnachtsmarktstand zugunsten von SEAD organisieren. Auch bei anderen Veranstaltungen suchen wir immer helfende H\u00e4nde. Gerne kannst Du auch Mitglied werden und unsere Arbeit &hellip; <\/p>\n<p class=\"link-more\"><a href=\"https:\/\/sead-ev.de\/en\/unterstuetzung\/mitmachen\" class=\"more-link\">Continue reading<span class=\"screen-reader-text\"> &#8222;Mitmachen&#8220;<\/span><\/a><\/p>","protected":false},"author":1,"featured_media":0,"parent":27,"menu_order":0,"comment_status":"closed","ping_status":"closed","template":"","meta":{"jetpack_post_was_ever_published":false,"footnotes":""},"class_list":["post-67","page","type-page","status-publish","hentry"],"yoast_head":"<!-- This site is optimized with the Yoast SEO plugin v27.4 - https:\/\/yoast.com\/product\/yoast-seo-wordpress\/ -->\n<title>Mitmachen - SEAD e.V. - Nachhaltige Entwicklung<\/title>\n<meta name=\"robots\" content=\"index, follow, max-snippet:-1, max-image-preview:large, max-video-preview:-1\" \/>\n<link rel=\"canonical\" href=\"https:\/\/sead-ev.de\/en\/unterstuetzung\/mitmachen\" \/>\n<meta property=\"og:locale\" content=\"en_US\" \/>\n<meta property=\"og:type\" content=\"article\" \/>\n<meta property=\"og:title\" content=\"Mitmachen - SEAD e.V. - Nachhaltige Entwicklung\" \/>\n<meta property=\"og:description\" content=\"Du willst mitmachen? Dann werde Teil unseres Teams! Es gibt verschiedene M\u00f6glichkeiten, wie Du unsere Arbeit unterst\u00fctzen kannst. Du kannst z.B. Spendenaktionen in deiner Schule und Arbeitsstelle veranstalten, oder mit uns einen Weihnachtsmarktstand zugunsten von SEAD organisieren. Auch bei anderen Veranstaltungen suchen wir immer helfende H\u00e4nde. Gerne kannst Du auch Mitglied werden und unsere Arbeit &hellip; Continue reading &quot;Mitmachen&quot;\" \/>\n<meta property=\"og:url\" content=\"https:\/\/sead-ev.de\/en\/unterstuetzung\/mitmachen\" \/>\n<meta property=\"og:site_name\" content=\"SEAD e.V. - Nachhaltige Entwicklung\" \/>\n<meta property=\"article:modified_time\" content=\"2019-05-25T14:56:29+00:00\" \/>\n<meta property=\"og:image\" content=\"https:\/\/sead-ev.de\/wp-content\/uploads\/2019\/04\/56896981_846985182312320_6069423001298796544_n-300x180.jpg\" \/>\n<meta name=\"twitter:card\" content=\"summary_large_image\" \/>\n<meta name=\"twitter:label1\" content=\"Est. reading time\" \/>\n\t<meta name=\"twitter:data1\" content=\"1 minute\" \/>\n<script type=\"application\/ld+json\" class=\"yoast-schema-graph\">{\"@context\":\"https:\\\/\\\/schema.org\",\"@graph\":[{\"@type\":\"WebPage\",\"@id\":\"https:\\\/\\\/sead-ev.de\\\/en\\\/unterstuetzung\\\/mitmachen\",\"url\":\"https:\\\/\\\/sead-ev.de\\\/en\\\/unterstuetzung\\\/mitmachen\",\"name\":\"Mitmachen - SEAD e.V. - Nachhaltige Entwicklung\",\"isPartOf\":{\"@id\":\"https:\\\/\\\/sead-ev.de\\\/#website\"},\"primaryImageOfPage\":{\"@id\":\"https:\\\/\\\/sead-ev.de\\\/en\\\/unterstuetzung\\\/mitmachen#primaryimage\"},\"image\":{\"@id\":\"https:\\\/\\\/sead-ev.de\\\/en\\\/unterstuetzung\\\/mitmachen#primaryimage\"},\"thumbnailUrl\":\"https:\\\/\\\/sead-ev.de\\\/wp-content\\\/uploads\\\/2019\\\/04\\\/56896981_846985182312320_6069423001298796544_n-300x180.jpg\",\"datePublished\":\"2018-11-14T21:11:32+00:00\",\"dateModified\":\"2019-05-25T14:56:29+00:00\",\"breadcrumb\":{\"@id\":\"https:\\\/\\\/sead-ev.de\\\/en\\\/unterstuetzung\\\/mitmachen#breadcrumb\"},\"inLanguage\":\"en-US\",\"potentialAction\":[{\"@type\":\"ReadAction\",\"target\":[\"https:\\\/\\\/sead-ev.de\\\/en\\\/unterstuetzung\\\/mitmachen\"]}]},{\"@type\":\"ImageObject\",\"inLanguage\":\"en-US\",\"@id\":\"https:\\\/\\\/sead-ev.de\\\/en\\\/unterstuetzung\\\/mitmachen#primaryimage\",\"url\":\"https:\\\/\\\/sead-ev.de\\\/wp-content\\\/uploads\\\/2019\\\/04\\\/56896981_846985182312320_6069423001298796544_n-300x180.jpg\",\"contentUrl\":\"https:\\\/\\\/sead-ev.de\\\/wp-content\\\/uploads\\\/2019\\\/04\\\/56896981_846985182312320_6069423001298796544_n-300x180.jpg\"},{\"@type\":\"BreadcrumbList\",\"@id\":\"https:\\\/\\\/sead-ev.de\\\/en\\\/unterstuetzung\\\/mitmachen#breadcrumb\",\"itemListElement\":[{\"@type\":\"ListItem\",\"position\":1,\"name\":\"Startseite\",\"item\":\"https:\\\/\\\/sead-ev.de\\\/\"},{\"@type\":\"ListItem\",\"position\":2,\"name\":\"Unterst\u00fctzung\",\"item\":\"https:\\\/\\\/sead-ev.de\\\/en\\\/unterstuetzung\"},{\"@type\":\"ListItem\",\"position\":3,\"name\":\"Mitmachen\"}]},{\"@type\":\"WebSite\",\"@id\":\"https:\\\/\\\/sead-ev.de\\\/#website\",\"url\":\"https:\\\/\\\/sead-ev.de\\\/\",\"name\":\"SEAD e.V - Entwicklungshilfe Kamerun\",\"description\":\"Sustainability - Education - Agriculture - Development\",\"publisher\":{\"@id\":\"https:\\\/\\\/sead-ev.de\\\/#organization\"},\"potentialAction\":[{\"@type\":\"SearchAction\",\"target\":{\"@type\":\"EntryPoint\",\"urlTemplate\":\"https:\\\/\\\/sead-ev.de\\\/?s={search_term_string}\"},\"query-input\":{\"@type\":\"PropertyValueSpecification\",\"valueRequired\":true,\"valueName\":\"search_term_string\"}}],\"inLanguage\":\"en-US\"},{\"@type\":\"Organization\",\"@id\":\"https:\\\/\\\/sead-ev.de\\\/#organization\",\"name\":\"sead e.V\",\"url\":\"https:\\\/\\\/sead-ev.de\\\/\",\"logo\":{\"@type\":\"ImageObject\",\"inLanguage\":\"en-US\",\"@id\":\"https:\\\/\\\/sead-ev.de\\\/#\\\/schema\\\/logo\\\/image\\\/\",\"url\":\"https:\\\/\\\/sead-ev.de\\\/wp-content\\\/uploads\\\/2019\\\/03\\\/cropped-SEAD_Logo-05-3.png\",\"contentUrl\":\"https:\\\/\\\/sead-ev.de\\\/wp-content\\\/uploads\\\/2019\\\/03\\\/cropped-SEAD_Logo-05-3.png\",\"width\":250,\"height\":250,\"caption\":\"sead e.V\"},\"image\":{\"@id\":\"https:\\\/\\\/sead-ev.de\\\/#\\\/schema\\\/logo\\\/image\\\/\"},\"sameAs\":[\"https:\\\/\\\/www.instagram.com\\\/sead_e.v\\\/\"]}]}<\/script>\n<!-- \/ Yoast SEO plugin. -->","yoast_head_json":{"title":"Mitmachen - SEAD e.V. - Nachhaltige Entwicklung","robots":{"index":"index","follow":"follow","max-snippet":"max-snippet:-1","max-image-preview":"max-image-preview:large","max-video-preview":"max-video-preview:-1"},"canonical":"https:\/\/sead-ev.de\/en\/unterstuetzung\/mitmachen","og_locale":"en_US","og_type":"article","og_title":"Mitmachen - SEAD e.V. - Nachhaltige Entwicklung","og_description":"Du willst mitmachen? Dann werde Teil unseres Teams! Es gibt verschiedene M\u00f6glichkeiten, wie Du unsere Arbeit unterst\u00fctzen kannst. Du kannst z.B. Spendenaktionen in deiner Schule und Arbeitsstelle veranstalten, oder mit uns einen Weihnachtsmarktstand zugunsten von SEAD organisieren. Auch bei anderen Veranstaltungen suchen wir immer helfende H\u00e4nde. Gerne kannst Du auch Mitglied werden und unsere Arbeit &hellip; Continue reading \"Mitmachen\"","og_url":"https:\/\/sead-ev.de\/en\/unterstuetzung\/mitmachen","og_site_name":"SEAD e.V. - Nachhaltige Entwicklung","article_modified_time":"2019-05-25T14:56:29+00:00","og_image":[{"url":"https:\/\/sead-ev.de\/wp-content\/uploads\/2019\/04\/56896981_846985182312320_6069423001298796544_n-300x180.jpg","type":"","width":"","height":""}],"twitter_card":"summary_large_image","twitter_misc":{"Est. reading time":"1 minute"},"schema":{"@context":"https:\/\/schema.org","@graph":[{"@type":"WebPage","@id":"https:\/\/sead-ev.de\/en\/unterstuetzung\/mitmachen","url":"https:\/\/sead-ev.de\/en\/unterstuetzung\/mitmachen","name":"Mitmachen - SEAD e.V. - Nachhaltige Entwicklung","isPartOf":{"@id":"https:\/\/sead-ev.de\/#website"},"primaryImageOfPage":{"@id":"https:\/\/sead-ev.de\/en\/unterstuetzung\/mitmachen#primaryimage"},"image":{"@id":"https:\/\/sead-ev.de\/en\/unterstuetzung\/mitmachen#primaryimage"},"thumbnailUrl":"https:\/\/sead-ev.de\/wp-content\/uploads\/2019\/04\/56896981_846985182312320_6069423001298796544_n-300x180.jpg","datePublished":"2018-11-14T21:11:32+00:00","dateModified":"2019-05-25T14:56:29+00:00","breadcrumb":{"@id":"https:\/\/sead-ev.de\/en\/unterstuetzung\/mitmachen#breadcrumb"},"inLanguage":"en-US","potentialAction":[{"@type":"ReadAction","target":["https:\/\/sead-ev.de\/en\/unterstuetzung\/mitmachen"]}]},{"@type":"ImageObject","inLanguage":"en-US","@id":"https:\/\/sead-ev.de\/en\/unterstuetzung\/mitmachen#primaryimage","url":"https:\/\/sead-ev.de\/wp-content\/uploads\/2019\/04\/56896981_846985182312320_6069423001298796544_n-300x180.jpg","contentUrl":"https:\/\/sead-ev.de\/wp-content\/uploads\/2019\/04\/56896981_846985182312320_6069423001298796544_n-300x180.jpg"},{"@type":"BreadcrumbList","@id":"https:\/\/sead-ev.de\/en\/unterstuetzung\/mitmachen#breadcrumb","itemListElement":[{"@type":"ListItem","position":1,"name":"Startseite","item":"https:\/\/sead-ev.de\/"},{"@type":"ListItem","position":2,"name":"Unterst\u00fctzung","item":"https:\/\/sead-ev.de\/en\/unterstuetzung"},{"@type":"ListItem","position":3,"name":"Mitmachen"}]},{"@type":"WebSite","@id":"https:\/\/sead-ev.de\/#website","url":"https:\/\/sead-ev.de\/","name":"SEAD e.V - Entwicklungshilfe Kamerun","description":"Sustainability - Education - Agriculture - Development","publisher":{"@id":"https:\/\/sead-ev.de\/#organization"},"potentialAction":[{"@type":"SearchAction","target":{"@type":"EntryPoint","urlTemplate":"https:\/\/sead-ev.de\/?s={search_term_string}"},"query-input":{"@type":"PropertyValueSpecification","valueRequired":true,"valueName":"search_term_string"}}],"inLanguage":"en-US"},{"@type":"Organization","@id":"https:\/\/sead-ev.de\/#organization","name":"sead e.V","url":"https:\/\/sead-ev.de\/","logo":{"@type":"ImageObject","inLanguage":"en-US","@id":"https:\/\/sead-ev.de\/#\/schema\/logo\/image\/","url":"https:\/\/sead-ev.de\/wp-content\/uploads\/2019\/03\/cropped-SEAD_Logo-05-3.png","contentUrl":"https:\/\/sead-ev.de\/wp-content\/uploads\/2019\/03\/cropped-SEAD_Logo-05-3.png","width":250,"height":250,"caption":"sead e.V"},"image":{"@id":"https:\/\/sead-ev.de\/#\/schema\/logo\/image\/"},"sameAs":["https:\/\/www.instagram.com\/sead_e.v\/"]}]}},"jetpack_shortlink":"https:\/\/wp.me\/PaxqgZ-15","jetpack-related-posts":[{"id":163,"url":"https:\/\/sead-ev.de\/en\/berichte","url_meta":{"origin":67,"position":0},"title":"Reports","author":"artur","date":"29. March 2019","format":false,"excerpt":"Was gibts Neues? Hier kannst Du erfahren, wie der aktuelle Stand im Good Shepher Home und Bamenda ist. Ob Erfahrungberichte, Projektupdates und Politisches zur Anglophonen Krise, auf unseren Blogeintr\u00e4gen sollst du die M\u00f6glichkeit bekommen einen besseren Einblick in die Strukturen den Good Shepherd Homes zu bekommen, sowie auch \u00fcber die\u2026","rel":"","context":"Similar post","block_context":{"text":"Similar post","link":""},"img":{"alt_text":"","src":"https:\/\/i0.wp.com\/sead-ev.de\/wp-content\/uploads\/2019\/04\/IMG_9960-1.jpg?resize=350%2C200&ssl=1","width":350,"height":200,"srcset":"https:\/\/i0.wp.com\/sead-ev.de\/wp-content\/uploads\/2019\/04\/IMG_9960-1.jpg?resize=350%2C200&ssl=1 1x, https:\/\/i0.wp.com\/sead-ev.de\/wp-content\/uploads\/2019\/04\/IMG_9960-1.jpg?resize=525%2C300&ssl=1 1.5x, https:\/\/i0.wp.com\/sead-ev.de\/wp-content\/uploads\/2019\/04\/IMG_9960-1.jpg?resize=700%2C400&ssl=1 2x, https:\/\/i0.wp.com\/sead-ev.de\/wp-content\/uploads\/2019\/04\/IMG_9960-1.jpg?resize=1050%2C600&ssl=1 3x, https:\/\/i0.wp.com\/sead-ev.de\/wp-content\/uploads\/2019\/04\/IMG_9960-1.jpg?resize=1400%2C800&ssl=1 4x"},"classes":[]},{"id":133,"url":"https:\/\/sead-ev.de\/en\/leitlinien-sead","url_meta":{"origin":67,"position":1},"title":"Guiding principles SEAD","author":"Larissa Mayer","date":"29. March 2019","format":false,"excerpt":"\"Gehe ich vor dir, dann wei\u00df ich nicht, ob ich dich auf einen richtigen Weg bringe. Gehst du vor mir, dann wei\u00df ich nicht, ob du mich auf den richtigen Weg bringst. Gehe ich neben dir, werden wir gemeinsam den richtigen Weg finden.\" \u00a0 S\u00fcdafrikanisches Sprichwort \u00a0 Sustainability (Nachhaltigkeit): Sehen\u2026","rel":"","context":"Similar post","block_context":{"text":"Similar post","link":""},"img":{"alt_text":"","src":"https:\/\/i0.wp.com\/sead-ev.de\/wp-content\/uploads\/2019\/04\/anhang1.jpg?resize=350%2C200&ssl=1","width":350,"height":200,"srcset":"https:\/\/i0.wp.com\/sead-ev.de\/wp-content\/uploads\/2019\/04\/anhang1.jpg?resize=350%2C200&ssl=1 1x, https:\/\/i0.wp.com\/sead-ev.de\/wp-content\/uploads\/2019\/04\/anhang1.jpg?resize=525%2C300&ssl=1 1.5x, https:\/\/i0.wp.com\/sead-ev.de\/wp-content\/uploads\/2019\/04\/anhang1.jpg?resize=700%2C400&ssl=1 2x, https:\/\/i0.wp.com\/sead-ev.de\/wp-content\/uploads\/2019\/04\/anhang1.jpg?resize=1050%2C600&ssl=1 3x, https:\/\/i0.wp.com\/sead-ev.de\/wp-content\/uploads\/2019\/04\/anhang1.jpg?resize=1400%2C800&ssl=1 4x"},"classes":[]},{"id":141,"url":"https:\/\/sead-ev.de\/en\/sead\/schulbildung-und-stipendien","url_meta":{"origin":67,"position":2},"title":"Education","author":"Larissa Mayer","date":"29. March 2019","format":false,"excerpt":"\"Education is the most powerful weapon which you can use to change the world\u201d Nelson Mandela Bereits Mandela war sich schon der Bedeutung von Bildung f\u00fcr die bestehende Gesellschaft bewusst. Auch wir sehen in Bildung den Weg aus der Armut, zu mehr Frieden, Gerechtigkeit und einer nachhaltigen Welt. In den\u2026","rel":"","context":"Similar post","block_context":{"text":"Similar post","link":""},"img":{"alt_text":"","src":"https:\/\/i0.wp.com\/sead-ev.de\/wp-content\/uploads\/2019\/04\/56610374_588866138247452_6046759781727731712_n-227x300.jpg?resize=350%2C200&ssl=1","width":350,"height":200},"classes":[]},{"id":135,"url":"https:\/\/sead-ev.de\/en\/vorstellung-der-vereinsmitglieder","url_meta":{"origin":67,"position":3},"title":"Introduction of the members","author":"Larissa Mayer","date":"29. March 2019","format":false,"excerpt":"\u00a0Larissa Mayer, 1. Vorsitzende von SEAD\"If you think you are too small to make a difference try sleeping with a mosquito\" - Dalai LamaBereich: Vorstandsmitglied & ProjektkoordinationSo stelle ich mir die Zukunft von SEAD vor: Ich sehe gro\u00dfes Potential in den bereits laufenden Projekten zur Selbstversorgung des Good Shepherd Homes,\u2026","rel":"","context":"Similar post","block_context":{"text":"Similar post","link":""},"img":{"alt_text":"","src":"https:\/\/i0.wp.com\/sead-ev.de\/wp-content\/uploads\/2020\/12\/IMG_1096-2.jpg?resize=350%2C200&ssl=1","width":350,"height":200,"srcset":"https:\/\/i0.wp.com\/sead-ev.de\/wp-content\/uploads\/2020\/12\/IMG_1096-2.jpg?resize=350%2C200&ssl=1 1x, https:\/\/i0.wp.com\/sead-ev.de\/wp-content\/uploads\/2020\/12\/IMG_1096-2.jpg?resize=525%2C300&ssl=1 1.5x, https:\/\/i0.wp.com\/sead-ev.de\/wp-content\/uploads\/2020\/12\/IMG_1096-2.jpg?resize=700%2C400&ssl=1 2x"},"classes":[]},{"id":65,"url":"https:\/\/sead-ev.de\/en\/unterstuetzung\/spenden","url_meta":{"origin":67,"position":4},"title":"Donate","author":"artur","date":"14. November 2018","format":false,"excerpt":"Um die Arbeit von SEAD zu erm\u00f6glichen, sind wir auf deine Spende angewiesen. Wichtig f\u00fcr Dich ist, dass deine Spende zu 100% zugunsten des Good Shepherd Homes verwendet wird. Eine Spendenbescheinigung bekommst Du am Ende des Jahres (bitte Adresse bei \u00dcberweisung angeben!). Mit 1\u20ac kann ein Kind in Kamerun schon\u2026","rel":"","context":"Similar post","block_context":{"text":"Similar post","link":""},"img":{"alt_text":"","src":"https:\/\/i0.wp.com\/sead-ev.de\/wp-content\/uploads\/2019\/04\/Unbenannt.jpg?resize=350%2C200&ssl=1","width":350,"height":200,"srcset":"https:\/\/i0.wp.com\/sead-ev.de\/wp-content\/uploads\/2019\/04\/Unbenannt.jpg?resize=350%2C200&ssl=1 1x, https:\/\/i0.wp.com\/sead-ev.de\/wp-content\/uploads\/2019\/04\/Unbenannt.jpg?resize=525%2C300&ssl=1 1.5x, https:\/\/i0.wp.com\/sead-ev.de\/wp-content\/uploads\/2019\/04\/Unbenannt.jpg?resize=700%2C400&ssl=1 2x"},"classes":[]},{"id":1953,"url":"https:\/\/sead-ev.de\/en\/newsletter-2","url_meta":{"origin":67,"position":5},"title":"Newsletter","author":"Larissa Mayer","date":"29. March 2022","format":false,"excerpt":"Die Ghostwriting -Preise variieren je nach Projektumfang. Dies kann die Menge an Forschungen, den Schreibstil und den Zeitrahmen f\u00fcr das Projekt umfassen.Der Preis kann auch von den Erfahrungen und F\u00e4higkeiten des ghostwriting preise Ghostwriter abh\u00e4ngen. Die erfahreneren Ghostwriter werden h\u00f6here Preise berechnen.Hausaufgaben sind eine der Hauptquellen f\u00fcr Stress und Unruhen\u2026","rel":"","context":"Similar post","block_context":{"text":"Similar post","link":""},"img":{"alt_text":"","src":"","width":0,"height":0},"classes":[]}],"jetpack_sharing_enabled":true,"_links":{"self":[{"href":"https:\/\/sead-ev.de\/en\/wp-json\/wp\/v2\/pages\/67","targetHints":{"allow":["GET"]}}],"collection":[{"href":"https:\/\/sead-ev.de\/en\/wp-json\/wp\/v2\/pages"}],"about":[{"href":"https:\/\/sead-ev.de\/en\/wp-json\/wp\/v2\/types\/page"}],"author":[{"embeddable":true,"href":"https:\/\/sead-ev.de\/en\/wp-json\/wp\/v2\/users\/1"}],"replies":[{"embeddable":true,"href":"https:\/\/sead-ev.de\/en\/wp-json\/wp\/v2\/comments?post=67"}],"version-history":[{"count":16,"href":"https:\/\/sead-ev.de\/en\/wp-json\/wp\/v2\/pages\/67\/revisions"}],"predecessor-version":[{"id":1409,"href":"https:\/\/sead-ev.de\/en\/wp-json\/wp\/v2\/pages\/67\/revisions\/1409"}],"up":[{"embeddable":true,"href":"https:\/\/sead-ev.de\/en\/wp-json\/wp\/v2\/pages\/27"}],"wp:attachment":[{"href":"https:\/\/sead-ev.de\/en\/wp-json\/wp\/v2\/media?parent=67"}],"curies":[{"name":"wp","href":"https:\/\/api.w.org\/{rel}","templated":true}]}}