{"id":65,"date":"2018-11-14T21:11:14","date_gmt":"2018-11-14T21:11:14","guid":{"rendered":"https:\/\/sead-ev.de\/?page_id=65"},"modified":"2019-12-26T17:20:02","modified_gmt":"2019-12-26T16:20:02","slug":"spenden","status":"publish","type":"page","link":"https:\/\/sead-ev.de\/en\/unterstuetzung\/spenden","title":{"rendered":"Donate"},"content":{"rendered":"<p><span id=\"cch_fd996487ae193c\" class=\"_mh6 _wsc\"><span class=\"_3oh- _58nk\"><img fetchpriority=\"high\" decoding=\"async\" data-attachment-id=\"919\" data-permalink=\"https:\/\/sead-ev.de\/en\/unterstuetzung\/spenden\/56749302_403132807134257_8647728500863664128_n\" data-orig-file=\"https:\/\/sead-ev.de\/wp-content\/uploads\/2019\/04\/56749302_403132807134257_8647728500863664128_n.jpg\" data-orig-size=\"2400,1952\" data-comments-opened=\"1\" data-image-meta=\"{&quot;aperture&quot;:&quot;0&quot;,&quot;credit&quot;:&quot;&quot;,&quot;camera&quot;:&quot;&quot;,&quot;caption&quot;:&quot;&quot;,&quot;created_timestamp&quot;:&quot;0&quot;,&quot;copyright&quot;:&quot;&quot;,&quot;focal_length&quot;:&quot;0&quot;,&quot;iso&quot;:&quot;0&quot;,&quot;shutter_speed&quot;:&quot;0&quot;,&quot;title&quot;:&quot;&quot;,&quot;orientation&quot;:&quot;0&quot;}\" data-image-title=\"56749302_403132807134257_8647728500863664128_n\" data-image-description=\"\" data-image-caption=\"\" data-large-file=\"https:\/\/sead-ev.de\/wp-content\/uploads\/2019\/04\/56749302_403132807134257_8647728500863664128_n-1024x833.jpg\" class=\"alignnone wp-image-919 size-medium\" src=\"https:\/\/sead-ev.de\/wp-content\/uploads\/2019\/04\/56749302_403132807134257_8647728500863664128_n-300x244.jpg\" alt=\"\" width=\"300\" height=\"244\" srcset=\"https:\/\/sead-ev.de\/wp-content\/uploads\/2019\/04\/56749302_403132807134257_8647728500863664128_n-300x244.jpg 300w, https:\/\/sead-ev.de\/wp-content\/uploads\/2019\/04\/56749302_403132807134257_8647728500863664128_n-768x625.jpg 768w, https:\/\/sead-ev.de\/wp-content\/uploads\/2019\/04\/56749302_403132807134257_8647728500863664128_n-1024x833.jpg 1024w\" sizes=\"(max-width: 300px) 100vw, 300px\" \/><\/span><\/span><\/p>\n<p><span id=\"cch_fd996487ae193c\" class=\"_mh6 _wsc\"><span class=\"_3oh- _58nk\">To ensure the work of SEAD, we depend on your donation. Most important for you is that your donation is used 100% for the benefit of the Good Shepherd Homes. You will receive a donation receipt at the end of the year (please include your address with your transfer!).<br \/><\/span><\/span><\/p>\n<p>With 1\u20ac, a child in Cameroon can receive three warm meals. Therefore, we are grateful for every donation, whether small or large, or any other form of help.<\/p>\n<p><span id=\"cch_fd996487ae193c\" class=\"_mh6 _wsc\"><span class=\"_3oh- _58nk\">Thank you very much for your support! <\/span><\/span><\/p>\n\n\n<figure class=\"wp-block-image size-large\"><a href=\"https:\/\/paypal.me\/seadev\" target=\"_blank\" rel=\"noreferrer noopener\"><img decoding=\"async\" width=\"201\" height=\"85\" data-attachment-id=\"1423\" data-permalink=\"https:\/\/sead-ev.de\/en\/unterstuetzung\/spenden\/paypal-donate-button-download-png-2\" data-orig-file=\"https:\/\/sead-ev.de\/wp-content\/uploads\/2019\/12\/PayPal-Donate-Button-Download-PNG-2.png\" data-orig-size=\"201,85\" data-comments-opened=\"1\" data-image-meta=\"{&quot;aperture&quot;:&quot;0&quot;,&quot;credit&quot;:&quot;&quot;,&quot;camera&quot;:&quot;&quot;,&quot;caption&quot;:&quot;&quot;,&quot;created_timestamp&quot;:&quot;0&quot;,&quot;copyright&quot;:&quot;&quot;,&quot;focal_length&quot;:&quot;0&quot;,&quot;iso&quot;:&quot;0&quot;,&quot;shutter_speed&quot;:&quot;0&quot;,&quot;title&quot;:&quot;&quot;,&quot;orientation&quot;:&quot;0&quot;}\" data-image-title=\"PayPal-Donate-Button-Download-PNG-2\" data-image-description=\"\" data-image-caption=\"\" data-large-file=\"https:\/\/sead-ev.de\/wp-content\/uploads\/2019\/12\/PayPal-Donate-Button-Download-PNG-2.png\" src=\"https:\/\/sead-ev.de\/wp-content\/uploads\/2019\/12\/PayPal-Donate-Button-Download-PNG-2.png\" alt=\"\" class=\"wp-image-1423\"\/><\/a><\/figure>\n\n\n\n<h5 class=\"wp-block-heading\">Association Account:<\/h5>\n\n\n<p>GLS Bank&nbsp;&nbsp;&nbsp;&nbsp;&nbsp;&nbsp;&nbsp;&nbsp;&nbsp;&nbsp;&nbsp;&nbsp;&nbsp;&nbsp;&nbsp;&nbsp;&nbsp;&nbsp;&nbsp;&nbsp;&nbsp;&nbsp;&nbsp;&nbsp;&nbsp;&nbsp;&nbsp;&nbsp;&nbsp;&nbsp;&nbsp;&nbsp;&nbsp;&nbsp;&nbsp;&nbsp;&nbsp;&nbsp;&nbsp;&nbsp;&nbsp;&nbsp;&nbsp;&nbsp;&nbsp;&nbsp;&nbsp;&nbsp;&nbsp;&nbsp;&nbsp;&nbsp;&nbsp;&nbsp;&nbsp;&nbsp;&nbsp;&nbsp;&nbsp;&nbsp;&nbsp;&nbsp;&nbsp;&nbsp;&nbsp;&nbsp;&nbsp;&nbsp;&nbsp;&nbsp;&nbsp;&nbsp;&nbsp;&nbsp;&nbsp;&nbsp;&nbsp;&nbsp;&nbsp;&nbsp;&nbsp;&nbsp;&nbsp;&nbsp;&nbsp;&nbsp;&nbsp;&nbsp;&nbsp;&nbsp;&nbsp;&nbsp;&nbsp;&nbsp;&nbsp;&nbsp;&nbsp;&nbsp;&nbsp;&nbsp;&nbsp;&nbsp;&nbsp;&nbsp;&nbsp;&nbsp;&nbsp;&nbsp;&nbsp;&nbsp;&nbsp;&nbsp;&nbsp;&nbsp;&nbsp;&nbsp;&nbsp;&nbsp;&nbsp;&nbsp;&nbsp;&nbsp;&nbsp;&nbsp;&nbsp;&nbsp;&nbsp;&nbsp;&nbsp;&nbsp;&nbsp;&nbsp;&nbsp;&nbsp;&nbsp;&nbsp;&nbsp;&nbsp;&nbsp;&nbsp;&nbsp;&nbsp;&nbsp;&nbsp;&nbsp;&nbsp;&nbsp;&nbsp;&nbsp;&nbsp;&nbsp;&nbsp;&nbsp;<\/p>\n<p>SEAD e.V.&nbsp;&nbsp;&nbsp;&nbsp;&nbsp;&nbsp;&nbsp;&nbsp;&nbsp;&nbsp;&nbsp;&nbsp;<\/p>\n<p>BIC: GENODEM1GLS &nbsp;&nbsp;&nbsp;&nbsp;&nbsp;&nbsp;&nbsp;&nbsp;&nbsp;&nbsp;&nbsp;&nbsp;&nbsp;&nbsp;&nbsp;&nbsp;&nbsp;&nbsp;&nbsp;&nbsp;&nbsp;&nbsp;&nbsp;&nbsp;&nbsp;&nbsp;&nbsp;&nbsp;&nbsp;&nbsp;&nbsp;&nbsp;&nbsp;&nbsp;&nbsp;&nbsp;&nbsp;&nbsp;<\/p>\n<p>IBAN: DE11 4306 0967 7931 4714 00<\/p>\n\n\n<figure class=\"wp-block-image\"><img decoding=\"async\" width=\"851\" height=\"694\" data-attachment-id=\"507\" data-permalink=\"https:\/\/sead-ev.de\/en\/unterstuetzung\/spenden\/unbenannt\" data-orig-file=\"https:\/\/sead-ev.de\/wp-content\/uploads\/2019\/04\/Unbenannt.jpg\" data-orig-size=\"851,694\" data-comments-opened=\"1\" data-image-meta=\"{&quot;aperture&quot;:&quot;0&quot;,&quot;credit&quot;:&quot;Larissa Mayer&quot;,&quot;camera&quot;:&quot;&quot;,&quot;caption&quot;:&quot;&quot;,&quot;created_timestamp&quot;:&quot;1553477358&quot;,&quot;copyright&quot;:&quot;&quot;,&quot;focal_length&quot;:&quot;0&quot;,&quot;iso&quot;:&quot;0&quot;,&quot;shutter_speed&quot;:&quot;0&quot;,&quot;title&quot;:&quot;&quot;,&quot;orientation&quot;:&quot;0&quot;}\" data-image-title=\"Unbenannt\" data-image-description=\"\" data-image-caption=\"\" data-large-file=\"https:\/\/sead-ev.de\/wp-content\/uploads\/2019\/04\/Unbenannt.jpg\" src=\"https:\/\/sead-ev.de\/wp-content\/uploads\/2019\/04\/Unbenannt.jpg\" alt=\"\" class=\"wp-image-507\" srcset=\"https:\/\/sead-ev.de\/wp-content\/uploads\/2019\/04\/Unbenannt.jpg 851w, https:\/\/sead-ev.de\/wp-content\/uploads\/2019\/04\/Unbenannt-300x245.jpg 300w, https:\/\/sead-ev.de\/wp-content\/uploads\/2019\/04\/Unbenannt-768x626.jpg 768w\" sizes=\"(max-width: 767px) 89vw, (max-width: 1000px) 54vw, (max-width: 1071px) 543px, 580px\" \/><\/figure>","protected":false},"excerpt":{"rendered":"<p>Um die Arbeit von SEAD zu erm\u00f6glichen, sind wir auf deine Spende angewiesen. Wichtig f\u00fcr Dich ist, dass deine Spende zu 100% zugunsten des Good Shepherd Homes verwendet wird. Eine Spendenbescheinigung bekommst Du am Ende des Jahres (bitte Adresse bei \u00dcberweisung angeben!). Mit 1\u20ac kann ein Kind in Kamerun schon drei warme Mahlzeiten erhalten. Aus &hellip; <\/p>\n<p class=\"link-more\"><a href=\"https:\/\/sead-ev.de\/en\/unterstuetzung\/spenden\" class=\"more-link\">Continue reading<span class=\"screen-reader-text\"> &#8222;Spenden&#8220;<\/span><\/a><\/p>","protected":false},"author":1,"featured_media":0,"parent":27,"menu_order":0,"comment_status":"closed","ping_status":"closed","template":"","meta":{"jetpack_post_was_ever_published":false,"footnotes":""},"class_list":["post-65","page","type-page","status-publish","hentry"],"yoast_head":"<!-- This site is optimized with the Yoast SEO plugin v27.4 - https:\/\/yoast.com\/product\/yoast-seo-wordpress\/ -->\n<title>Spenden - SEAD e.V. - Nachhaltige Entwicklung<\/title>\n<meta name=\"robots\" content=\"index, follow, max-snippet:-1, max-image-preview:large, max-video-preview:-1\" \/>\n<link rel=\"canonical\" href=\"https:\/\/sead-ev.de\/en\/unterstuetzung\/spenden\" \/>\n<meta property=\"og:locale\" content=\"en_US\" \/>\n<meta property=\"og:type\" content=\"article\" \/>\n<meta property=\"og:title\" content=\"Spenden - SEAD e.V. - Nachhaltige Entwicklung\" \/>\n<meta property=\"og:description\" content=\"Um die Arbeit von SEAD zu erm\u00f6glichen, sind wir auf deine Spende angewiesen. Wichtig f\u00fcr Dich ist, dass deine Spende zu 100% zugunsten des Good Shepherd Homes verwendet wird. Eine Spendenbescheinigung bekommst Du am Ende des Jahres (bitte Adresse bei \u00dcberweisung angeben!). Mit 1\u20ac kann ein Kind in Kamerun schon drei warme Mahlzeiten erhalten. Aus &hellip; Continue reading &quot;Spenden&quot;\" \/>\n<meta property=\"og:url\" content=\"https:\/\/sead-ev.de\/en\/unterstuetzung\/spenden\" \/>\n<meta property=\"og:site_name\" content=\"SEAD e.V. - Nachhaltige Entwicklung\" \/>\n<meta property=\"article:modified_time\" content=\"2019-12-26T16:20:02+00:00\" \/>\n<meta property=\"og:image\" content=\"https:\/\/sead-ev.de\/wp-content\/uploads\/2019\/04\/56749302_403132807134257_8647728500863664128_n-300x244.jpg\" \/>\n<meta name=\"twitter:card\" content=\"summary_large_image\" \/>\n<meta name=\"twitter:label1\" content=\"Est. reading time\" \/>\n\t<meta name=\"twitter:data1\" content=\"1 minute\" \/>\n<script type=\"application\/ld+json\" class=\"yoast-schema-graph\">{\"@context\":\"https:\\\/\\\/schema.org\",\"@graph\":[{\"@type\":\"WebPage\",\"@id\":\"https:\\\/\\\/sead-ev.de\\\/en\\\/unterstuetzung\\\/spenden\",\"url\":\"https:\\\/\\\/sead-ev.de\\\/en\\\/unterstuetzung\\\/spenden\",\"name\":\"Spenden - SEAD e.V. - Nachhaltige Entwicklung\",\"isPartOf\":{\"@id\":\"https:\\\/\\\/sead-ev.de\\\/#website\"},\"primaryImageOfPage\":{\"@id\":\"https:\\\/\\\/sead-ev.de\\\/en\\\/unterstuetzung\\\/spenden#primaryimage\"},\"image\":{\"@id\":\"https:\\\/\\\/sead-ev.de\\\/en\\\/unterstuetzung\\\/spenden#primaryimage\"},\"thumbnailUrl\":\"https:\\\/\\\/sead-ev.de\\\/wp-content\\\/uploads\\\/2019\\\/04\\\/56749302_403132807134257_8647728500863664128_n-300x244.jpg\",\"datePublished\":\"2018-11-14T21:11:14+00:00\",\"dateModified\":\"2019-12-26T16:20:02+00:00\",\"breadcrumb\":{\"@id\":\"https:\\\/\\\/sead-ev.de\\\/en\\\/unterstuetzung\\\/spenden#breadcrumb\"},\"inLanguage\":\"en-US\",\"potentialAction\":[{\"@type\":\"ReadAction\",\"target\":[\"https:\\\/\\\/sead-ev.de\\\/en\\\/unterstuetzung\\\/spenden\"]}]},{\"@type\":\"ImageObject\",\"inLanguage\":\"en-US\",\"@id\":\"https:\\\/\\\/sead-ev.de\\\/en\\\/unterstuetzung\\\/spenden#primaryimage\",\"url\":\"https:\\\/\\\/sead-ev.de\\\/wp-content\\\/uploads\\\/2019\\\/04\\\/56749302_403132807134257_8647728500863664128_n-300x244.jpg\",\"contentUrl\":\"https:\\\/\\\/sead-ev.de\\\/wp-content\\\/uploads\\\/2019\\\/04\\\/56749302_403132807134257_8647728500863664128_n-300x244.jpg\"},{\"@type\":\"BreadcrumbList\",\"@id\":\"https:\\\/\\\/sead-ev.de\\\/en\\\/unterstuetzung\\\/spenden#breadcrumb\",\"itemListElement\":[{\"@type\":\"ListItem\",\"position\":1,\"name\":\"Startseite\",\"item\":\"https:\\\/\\\/sead-ev.de\\\/\"},{\"@type\":\"ListItem\",\"position\":2,\"name\":\"Unterst\u00fctzung\",\"item\":\"https:\\\/\\\/sead-ev.de\\\/en\\\/unterstuetzung\"},{\"@type\":\"ListItem\",\"position\":3,\"name\":\"Spenden\"}]},{\"@type\":\"WebSite\",\"@id\":\"https:\\\/\\\/sead-ev.de\\\/#website\",\"url\":\"https:\\\/\\\/sead-ev.de\\\/\",\"name\":\"SEAD e.V - Entwicklungshilfe Kamerun\",\"description\":\"Sustainability - Education - Agriculture - Development\",\"publisher\":{\"@id\":\"https:\\\/\\\/sead-ev.de\\\/#organization\"},\"potentialAction\":[{\"@type\":\"SearchAction\",\"target\":{\"@type\":\"EntryPoint\",\"urlTemplate\":\"https:\\\/\\\/sead-ev.de\\\/?s={search_term_string}\"},\"query-input\":{\"@type\":\"PropertyValueSpecification\",\"valueRequired\":true,\"valueName\":\"search_term_string\"}}],\"inLanguage\":\"en-US\"},{\"@type\":\"Organization\",\"@id\":\"https:\\\/\\\/sead-ev.de\\\/#organization\",\"name\":\"sead e.V\",\"url\":\"https:\\\/\\\/sead-ev.de\\\/\",\"logo\":{\"@type\":\"ImageObject\",\"inLanguage\":\"en-US\",\"@id\":\"https:\\\/\\\/sead-ev.de\\\/#\\\/schema\\\/logo\\\/image\\\/\",\"url\":\"https:\\\/\\\/sead-ev.de\\\/wp-content\\\/uploads\\\/2019\\\/03\\\/cropped-SEAD_Logo-05-3.png\",\"contentUrl\":\"https:\\\/\\\/sead-ev.de\\\/wp-content\\\/uploads\\\/2019\\\/03\\\/cropped-SEAD_Logo-05-3.png\",\"width\":250,\"height\":250,\"caption\":\"sead e.V\"},\"image\":{\"@id\":\"https:\\\/\\\/sead-ev.de\\\/#\\\/schema\\\/logo\\\/image\\\/\"},\"sameAs\":[\"https:\\\/\\\/www.instagram.com\\\/sead_e.v\\\/\"]}]}<\/script>\n<!-- \/ Yoast SEO plugin. -->","yoast_head_json":{"title":"Spenden - SEAD e.V. - Nachhaltige Entwicklung","robots":{"index":"index","follow":"follow","max-snippet":"max-snippet:-1","max-image-preview":"max-image-preview:large","max-video-preview":"max-video-preview:-1"},"canonical":"https:\/\/sead-ev.de\/en\/unterstuetzung\/spenden","og_locale":"en_US","og_type":"article","og_title":"Spenden - SEAD e.V. - Nachhaltige Entwicklung","og_description":"Um die Arbeit von SEAD zu erm\u00f6glichen, sind wir auf deine Spende angewiesen. Wichtig f\u00fcr Dich ist, dass deine Spende zu 100% zugunsten des Good Shepherd Homes verwendet wird. Eine Spendenbescheinigung bekommst Du am Ende des Jahres (bitte Adresse bei \u00dcberweisung angeben!). Mit 1\u20ac kann ein Kind in Kamerun schon drei warme Mahlzeiten erhalten. Aus &hellip; Continue reading \"Spenden\"","og_url":"https:\/\/sead-ev.de\/en\/unterstuetzung\/spenden","og_site_name":"SEAD e.V. - Nachhaltige Entwicklung","article_modified_time":"2019-12-26T16:20:02+00:00","og_image":[{"url":"https:\/\/sead-ev.de\/wp-content\/uploads\/2019\/04\/56749302_403132807134257_8647728500863664128_n-300x244.jpg","type":"","width":"","height":""}],"twitter_card":"summary_large_image","twitter_misc":{"Est. reading time":"1 minute"},"schema":{"@context":"https:\/\/schema.org","@graph":[{"@type":"WebPage","@id":"https:\/\/sead-ev.de\/en\/unterstuetzung\/spenden","url":"https:\/\/sead-ev.de\/en\/unterstuetzung\/spenden","name":"Spenden - SEAD e.V. - Nachhaltige Entwicklung","isPartOf":{"@id":"https:\/\/sead-ev.de\/#website"},"primaryImageOfPage":{"@id":"https:\/\/sead-ev.de\/en\/unterstuetzung\/spenden#primaryimage"},"image":{"@id":"https:\/\/sead-ev.de\/en\/unterstuetzung\/spenden#primaryimage"},"thumbnailUrl":"https:\/\/sead-ev.de\/wp-content\/uploads\/2019\/04\/56749302_403132807134257_8647728500863664128_n-300x244.jpg","datePublished":"2018-11-14T21:11:14+00:00","dateModified":"2019-12-26T16:20:02+00:00","breadcrumb":{"@id":"https:\/\/sead-ev.de\/en\/unterstuetzung\/spenden#breadcrumb"},"inLanguage":"en-US","potentialAction":[{"@type":"ReadAction","target":["https:\/\/sead-ev.de\/en\/unterstuetzung\/spenden"]}]},{"@type":"ImageObject","inLanguage":"en-US","@id":"https:\/\/sead-ev.de\/en\/unterstuetzung\/spenden#primaryimage","url":"https:\/\/sead-ev.de\/wp-content\/uploads\/2019\/04\/56749302_403132807134257_8647728500863664128_n-300x244.jpg","contentUrl":"https:\/\/sead-ev.de\/wp-content\/uploads\/2019\/04\/56749302_403132807134257_8647728500863664128_n-300x244.jpg"},{"@type":"BreadcrumbList","@id":"https:\/\/sead-ev.de\/en\/unterstuetzung\/spenden#breadcrumb","itemListElement":[{"@type":"ListItem","position":1,"name":"Startseite","item":"https:\/\/sead-ev.de\/"},{"@type":"ListItem","position":2,"name":"Unterst\u00fctzung","item":"https:\/\/sead-ev.de\/en\/unterstuetzung"},{"@type":"ListItem","position":3,"name":"Spenden"}]},{"@type":"WebSite","@id":"https:\/\/sead-ev.de\/#website","url":"https:\/\/sead-ev.de\/","name":"SEAD e.V - Entwicklungshilfe Kamerun","description":"Sustainability - Education - Agriculture - Development","publisher":{"@id":"https:\/\/sead-ev.de\/#organization"},"potentialAction":[{"@type":"SearchAction","target":{"@type":"EntryPoint","urlTemplate":"https:\/\/sead-ev.de\/?s={search_term_string}"},"query-input":{"@type":"PropertyValueSpecification","valueRequired":true,"valueName":"search_term_string"}}],"inLanguage":"en-US"},{"@type":"Organization","@id":"https:\/\/sead-ev.de\/#organization","name":"sead e.V","url":"https:\/\/sead-ev.de\/","logo":{"@type":"ImageObject","inLanguage":"en-US","@id":"https:\/\/sead-ev.de\/#\/schema\/logo\/image\/","url":"https:\/\/sead-ev.de\/wp-content\/uploads\/2019\/03\/cropped-SEAD_Logo-05-3.png","contentUrl":"https:\/\/sead-ev.de\/wp-content\/uploads\/2019\/03\/cropped-SEAD_Logo-05-3.png","width":250,"height":250,"caption":"sead e.V"},"image":{"@id":"https:\/\/sead-ev.de\/#\/schema\/logo\/image\/"},"sameAs":["https:\/\/www.instagram.com\/sead_e.v\/"]}]}},"jetpack_shortlink":"https:\/\/wp.me\/PaxqgZ-13","jetpack-related-posts":[{"id":141,"url":"https:\/\/sead-ev.de\/en\/sead\/schulbildung-und-stipendien","url_meta":{"origin":65,"position":0},"title":"Education","author":"Larissa Mayer","date":"29. March 2019","format":false,"excerpt":"\"Education is the most powerful weapon which you can use to change the world\u201d Nelson Mandela Bereits Mandela war sich schon der Bedeutung von Bildung f\u00fcr die bestehende Gesellschaft bewusst. Auch wir sehen in Bildung den Weg aus der Armut, zu mehr Frieden, Gerechtigkeit und einer nachhaltigen Welt. In den\u2026","rel":"","context":"Similar post","block_context":{"text":"Similar post","link":""},"img":{"alt_text":"","src":"https:\/\/i0.wp.com\/sead-ev.de\/wp-content\/uploads\/2019\/04\/56610374_588866138247452_6046759781727731712_n-227x300.jpg?resize=350%2C200&ssl=1","width":350,"height":200},"classes":[]},{"id":135,"url":"https:\/\/sead-ev.de\/en\/vorstellung-der-vereinsmitglieder","url_meta":{"origin":65,"position":1},"title":"Introduction of the members","author":"Larissa Mayer","date":"29. March 2019","format":false,"excerpt":"\u00a0Larissa Mayer, 1. Vorsitzende von SEAD\"If you think you are too small to make a difference try sleeping with a mosquito\" - Dalai LamaBereich: Vorstandsmitglied & ProjektkoordinationSo stelle ich mir die Zukunft von SEAD vor: Ich sehe gro\u00dfes Potential in den bereits laufenden Projekten zur Selbstversorgung des Good Shepherd Homes,\u2026","rel":"","context":"Similar post","block_context":{"text":"Similar post","link":""},"img":{"alt_text":"","src":"https:\/\/i0.wp.com\/sead-ev.de\/wp-content\/uploads\/2020\/12\/IMG_1096-2.jpg?resize=350%2C200&ssl=1","width":350,"height":200,"srcset":"https:\/\/i0.wp.com\/sead-ev.de\/wp-content\/uploads\/2020\/12\/IMG_1096-2.jpg?resize=350%2C200&ssl=1 1x, https:\/\/i0.wp.com\/sead-ev.de\/wp-content\/uploads\/2020\/12\/IMG_1096-2.jpg?resize=525%2C300&ssl=1 1.5x, https:\/\/i0.wp.com\/sead-ev.de\/wp-content\/uploads\/2020\/12\/IMG_1096-2.jpg?resize=700%2C400&ssl=1 2x"},"classes":[]},{"id":133,"url":"https:\/\/sead-ev.de\/en\/leitlinien-sead","url_meta":{"origin":65,"position":2},"title":"Guiding principles SEAD","author":"Larissa Mayer","date":"29. March 2019","format":false,"excerpt":"\"Gehe ich vor dir, dann wei\u00df ich nicht, ob ich dich auf einen richtigen Weg bringe. Gehst du vor mir, dann wei\u00df ich nicht, ob du mich auf den richtigen Weg bringst. Gehe ich neben dir, werden wir gemeinsam den richtigen Weg finden.\" \u00a0 S\u00fcdafrikanisches Sprichwort \u00a0 Sustainability (Nachhaltigkeit): Sehen\u2026","rel":"","context":"Similar post","block_context":{"text":"Similar post","link":""},"img":{"alt_text":"","src":"https:\/\/i0.wp.com\/sead-ev.de\/wp-content\/uploads\/2019\/04\/anhang1.jpg?resize=350%2C200&ssl=1","width":350,"height":200,"srcset":"https:\/\/i0.wp.com\/sead-ev.de\/wp-content\/uploads\/2019\/04\/anhang1.jpg?resize=350%2C200&ssl=1 1x, https:\/\/i0.wp.com\/sead-ev.de\/wp-content\/uploads\/2019\/04\/anhang1.jpg?resize=525%2C300&ssl=1 1.5x, https:\/\/i0.wp.com\/sead-ev.de\/wp-content\/uploads\/2019\/04\/anhang1.jpg?resize=700%2C400&ssl=1 2x, https:\/\/i0.wp.com\/sead-ev.de\/wp-content\/uploads\/2019\/04\/anhang1.jpg?resize=1050%2C600&ssl=1 3x, https:\/\/i0.wp.com\/sead-ev.de\/wp-content\/uploads\/2019\/04\/anhang1.jpg?resize=1400%2C800&ssl=1 4x"},"classes":[]},{"id":1953,"url":"https:\/\/sead-ev.de\/en\/newsletter-2","url_meta":{"origin":65,"position":3},"title":"Newsletter","author":"Larissa Mayer","date":"29. March 2022","format":false,"excerpt":"Die Ghostwriting -Preise variieren je nach Projektumfang. Dies kann die Menge an Forschungen, den Schreibstil und den Zeitrahmen f\u00fcr das Projekt umfassen.Der Preis kann auch von den Erfahrungen und F\u00e4higkeiten des ghostwriting preise Ghostwriter abh\u00e4ngen. Die erfahreneren Ghostwriter werden h\u00f6here Preise berechnen.Hausaufgaben sind eine der Hauptquellen f\u00fcr Stress und Unruhen\u2026","rel":"","context":"Similar post","block_context":{"text":"Similar post","link":""},"img":{"alt_text":"","src":"","width":0,"height":0},"classes":[]},{"id":163,"url":"https:\/\/sead-ev.de\/en\/berichte","url_meta":{"origin":65,"position":4},"title":"Reports","author":"artur","date":"29. March 2019","format":false,"excerpt":"Was gibts Neues? Hier kannst Du erfahren, wie der aktuelle Stand im Good Shepher Home und Bamenda ist. Ob Erfahrungberichte, Projektupdates und Politisches zur Anglophonen Krise, auf unseren Blogeintr\u00e4gen sollst du die M\u00f6glichkeit bekommen einen besseren Einblick in die Strukturen den Good Shepherd Homes zu bekommen, sowie auch \u00fcber die\u2026","rel":"","context":"Similar post","block_context":{"text":"Similar post","link":""},"img":{"alt_text":"","src":"https:\/\/i0.wp.com\/sead-ev.de\/wp-content\/uploads\/2019\/04\/IMG_9960-1.jpg?resize=350%2C200&ssl=1","width":350,"height":200,"srcset":"https:\/\/i0.wp.com\/sead-ev.de\/wp-content\/uploads\/2019\/04\/IMG_9960-1.jpg?resize=350%2C200&ssl=1 1x, https:\/\/i0.wp.com\/sead-ev.de\/wp-content\/uploads\/2019\/04\/IMG_9960-1.jpg?resize=525%2C300&ssl=1 1.5x, https:\/\/i0.wp.com\/sead-ev.de\/wp-content\/uploads\/2019\/04\/IMG_9960-1.jpg?resize=700%2C400&ssl=1 2x, https:\/\/i0.wp.com\/sead-ev.de\/wp-content\/uploads\/2019\/04\/IMG_9960-1.jpg?resize=1050%2C600&ssl=1 3x, https:\/\/i0.wp.com\/sead-ev.de\/wp-content\/uploads\/2019\/04\/IMG_9960-1.jpg?resize=1400%2C800&ssl=1 4x"},"classes":[]},{"id":25,"url":"https:\/\/sead-ev.de\/en\/blog","url_meta":{"origin":65,"position":5},"title":"Blog","author":"artur","date":"14. November 2018","format":false,"excerpt":"","rel":"","context":"Similar post","block_context":{"text":"Similar post","link":""},"img":{"alt_text":"Kind schaut \u00fcber Mauer","src":"https:\/\/i0.wp.com\/sead-ev.de\/wp-content\/uploads\/2019\/04\/IMG_9960.jpg?resize=350%2C200&ssl=1","width":350,"height":200,"srcset":"https:\/\/i0.wp.com\/sead-ev.de\/wp-content\/uploads\/2019\/04\/IMG_9960.jpg?resize=350%2C200&ssl=1 1x, https:\/\/i0.wp.com\/sead-ev.de\/wp-content\/uploads\/2019\/04\/IMG_9960.jpg?resize=525%2C300&ssl=1 1.5x, https:\/\/i0.wp.com\/sead-ev.de\/wp-content\/uploads\/2019\/04\/IMG_9960.jpg?resize=700%2C400&ssl=1 2x, https:\/\/i0.wp.com\/sead-ev.de\/wp-content\/uploads\/2019\/04\/IMG_9960.jpg?resize=1050%2C600&ssl=1 3x, https:\/\/i0.wp.com\/sead-ev.de\/wp-content\/uploads\/2019\/04\/IMG_9960.jpg?resize=1400%2C800&ssl=1 4x"},"classes":[]}],"jetpack_sharing_enabled":true,"_links":{"self":[{"href":"https:\/\/sead-ev.de\/en\/wp-json\/wp\/v2\/pages\/65","targetHints":{"allow":["GET"]}}],"collection":[{"href":"https:\/\/sead-ev.de\/en\/wp-json\/wp\/v2\/pages"}],"about":[{"href":"https:\/\/sead-ev.de\/en\/wp-json\/wp\/v2\/types\/page"}],"author":[{"embeddable":true,"href":"https:\/\/sead-ev.de\/en\/wp-json\/wp\/v2\/users\/1"}],"replies":[{"embeddable":true,"href":"https:\/\/sead-ev.de\/en\/wp-json\/wp\/v2\/comments?post=65"}],"version-history":[{"count":24,"href":"https:\/\/sead-ev.de\/en\/wp-json\/wp\/v2\/pages\/65\/revisions"}],"predecessor-version":[{"id":1425,"href":"https:\/\/sead-ev.de\/en\/wp-json\/wp\/v2\/pages\/65\/revisions\/1425"}],"up":[{"embeddable":true,"href":"https:\/\/sead-ev.de\/en\/wp-json\/wp\/v2\/pages\/27"}],"wp:attachment":[{"href":"https:\/\/sead-ev.de\/en\/wp-json\/wp\/v2\/media?parent=65"}],"curies":[{"name":"wp","href":"https:\/\/api.w.org\/{rel}","templated":true}]}}