{"id":31,"date":"2018-11-14T20:54:54","date_gmt":"2018-11-14T20:54:54","guid":{"rendered":"https:\/\/sead-ev.de\/?page_id=31"},"modified":"2024-05-25T11:33:20","modified_gmt":"2024-05-25T09:33:20","slug":"impressum","status":"publish","type":"page","link":"https:\/\/sead-ev.de\/en\/impressum","title":{"rendered":"Imprint"},"content":{"rendered":"<div class=\"impressum\">\n<h1>Imprint<\/h1>\n<p>Angaben gem\u00e4\u00df \u00a7 5 DDG<\/p>\n<p>SEAD e.V<\/p>\n<p>Sustainability-Education-Agriculture-Development<br \/>\nEntwicklungshilfe Kamerun<\/p>\n<p><strong>Vertreten durch: <\/strong><br \/>\nLarissa Mayer<\/p>\n<p><strong>Kontakt:<\/strong><br \/>\nE-Mail: <a href=\"mailto:info@sead-ev.de\">info@sead-ev.de<\/a><\/p>\n<p><strong>Verantwortlich f\u00fcr den Inhalt nach \u00a7 55 Abs. 2 RStV:<\/strong><br \/>\nLarissa Mayer<\/p>\n<p>SEAD e.V.<br \/>\nIn den Riedwiesen 19<br \/>\n74564 Crailsheim<\/p>\n<p><strong>Entwickelt von <a href=\"https:\/\/dick-technology.de\">https:\/\/dick-technology.de<\/a><\/strong><\/p>\n<p><strong>Haftungsausschluss: <\/strong><\/p>\n<p><strong>Haftung f\u00fcr Inhalte<\/strong><\/p>\n<p>Die Inhalte unserer Seiten wurden mit gr\u00f6\u00dfter Sorgfalt erstellt. F\u00fcr die Richtigkeit, Vollst\u00e4ndigkeit und Aktualit\u00e4t der Inhalte k\u00f6nnen wir jedoch keine Gew\u00e4hr \u00fcbernehmen. Als Diensteanbieter sind wir gem\u00e4\u00df \u00a7 7 Abs.1 TMG f\u00fcr eigene Inhalte auf diesen Seiten nach den allgemeinen Gesetzen verantwortlich. Nach \u00a7\u00a7 8 bis 10 TMG sind wir als Diensteanbieter jedoch nicht verpflichtet, \u00fcbermittelte oder gespeicherte fremde Informationen zu \u00fcberwachen oder nach Umst\u00e4nden zu forschen, die auf eine rechtswidrige T\u00e4tigkeit hinweisen. Verpflichtungen zur Entfernung oder Sperrung der Nutzung von Informationen nach den allgemeinen Gesetzen bleiben hiervon unber\u00fchrt. Eine diesbez\u00fcgliche Haftung ist jedoch erst ab dem Zeitpunkt der Kenntnis einer konkreten Rechtsverletzung m\u00f6glich. Bei Bekanntwerden von entsprechenden Rechtsverletzungen werden wir diese Inhalte umgehend entfernen.<\/p>\n<p><strong>Haftung f\u00fcr Links<\/strong><\/p>\n<p>Unser Angebot enth\u00e4lt Links zu externen Webseiten Dritter, auf deren Inhalte wir keinen Einfluss haben. Deshalb k\u00f6nnen wir f\u00fcr diese fremden Inhalte auch keine Gew\u00e4hr \u00fcbernehmen. F\u00fcr die Inhalte der verlinkten Seiten ist stets der jeweilige Anbieter oder Betreiber der Seiten verantwortlich. Die verlinkten Seiten wurden zum Zeitpunkt der Verlinkung auf m\u00f6gliche Rechtsverst\u00f6\u00dfe \u00fcberpr\u00fcft. Rechtswidrige Inhalte waren zum Zeitpunkt der Verlinkung nicht erkennbar. Eine permanente inhaltliche Kontrolle der verlinkten Seiten ist jedoch ohne konkrete Anhaltspunkte einer Rechtsverletzung nicht zumutbar. Bei Bekanntwerden von Rechtsverletzungen werden wir derartige Links umgehend entfernen.<\/p>\n<p><strong>Urheberrecht<\/strong><\/p>\n<p>Die durch die Seitenbetreiber erstellten Inhalte und Werke auf diesen Seiten unterliegen dem deutschen Urheberrecht. Die Vervielf\u00e4ltigung, Bearbeitung, Verbreitung und jede Art der Verwertung au\u00dferhalb der Grenzen des Urheberrechtes bed\u00fcrfen der schriftlichen Zustimmung des jeweiligen Autors bzw. Erstellers. Downloads und Kopien dieser Seite sind nur f\u00fcr den privaten, nicht kommerziellen Gebrauch gestattet. Soweit die Inhalte auf dieser Seite nicht vom Betreiber erstellt wurden, werden die Urheberrechte Dritter beachtet. Insbesondere werden Inhalte Dritter als solche gekennzeichnet. Sollten Sie trotzdem auf eine Urheberrechtsverletzung aufmerksam werden, bitten wir um einen entsprechenden Hinweis. Bei Bekanntwerden von Rechtsverletzungen werden wir derartige Inhalte umgehend entfernen.<\/p>\n<p><strong>Privacy Policy<\/strong><\/p>\n<p>Die Nutzung unserer Webseite ist in der Regel ohne Angabe personenbezogener Daten m\u00f6glich. Soweit auf unseren Seiten personenbezogene Daten (beispielsweise Name, Anschrift oder eMail-Adressen) erhoben werden, erfolgt dies, soweit m\u00f6glich, stets auf freiwilliger Basis. Diese Daten werden ohne Ihre ausdr\u00fcckliche Zustimmung nicht an Dritte weitergegeben.<br \/>\nWir weisen darauf hin, dass die Daten\u00fcbertragung im Internet (z.B. bei der Kommunikation per E-Mail) Sicherheitsl\u00fccken aufweisen kann. Ein l\u00fcckenloser Schutz der Daten vor dem Zugriff durch Dritte ist nicht m\u00f6glich.<br \/>\nDer Nutzung von im Rahmen der Impressumspflicht ver\u00f6ffentlichten Kontaktdaten durch Dritte zur \u00dcbersendung von nicht ausdr\u00fccklich angeforderter Werbung und Informationsmaterialien wird hiermit ausdr\u00fccklich widersprochen. Die Betreiber der Seiten behalten sich ausdr\u00fccklich rechtliche Schritte im Falle der unverlangten Zusendung von Werbeinformationen, etwa durch Spam-Mails, vor.<\/p>\n<p><strong>Google Analytics<\/strong><\/p>\n<p>Diese Website benutzt Google Analytics, einen Webanalysedienst der Google Inc. (&#8220;Google&#8220;). Google Analytics verwendet sog. &#8220;Cookies&#8220;, Textdateien, die auf Ihrem Computer gespeichert werden und die eine Analyse der Benutzung der Website durch Sie erm\u00f6glicht. Die durch den Cookie erzeugten Informationen \u00fcber Ihre Benutzung dieser Website (einschlie\u00dflich Ihrer IP-Adresse) wird an einen Server von Google in den USA \u00fcbertragen und dort gespeichert. Google wird diese Informationen benutzen, um Ihre Nutzung der Website auszuwerten, um Reports \u00fcber die Websiteaktivit\u00e4ten f\u00fcr die Websitebetreiber zusammenzustellen und um weitere mit der Websitenutzung und der Internetnutzung verbundene Dienstleistungen zu erbringen. Auch wird Google diese Informationen gegebenenfalls an Dritte \u00fcbertragen, sofern dies gesetzlich vorgeschrieben oder soweit Dritte diese Daten im Auftrag von Google verarbeiten. Google wird in keinem Fall Ihre IP-Adresse mit anderen Daten der Google in Verbindung bringen. Sie k\u00f6nnen die Installation der Cookies durch eine entsprechende Einstellung Ihrer Browser Software verhindern; wir weisen Sie jedoch darauf hin, dass Sie in diesem Fall gegebenenfalls nicht s\u00e4mtliche Funktionen dieser Website voll umf\u00e4nglich nutzen k\u00f6nnen. Durch die Nutzung dieser Website erkl\u00e4ren Sie sich mit der Bearbeitung der \u00fcber Sie erhobenen Daten durch Google in der zuvor beschriebenen Art und Weise und zu dem zuvor benannten Zweck einverstanden.<\/p>\n<p><strong>Google AdSense<\/strong><\/p>\n<p>Diese Website benutzt Google Adsense, einen Webanzeigendienst der Google Inc., USA (&#8220;Google&#8220;). Google Adsense verwendet sog. &#8220;Cookies&#8220; (Textdateien), die auf Ihrem Computer gespeichert werden und die eine Analyse der Benutzung der Website durch Sie erm\u00f6glicht. Google Adsense verwendet auch sog. &#8220;Web Beacons&#8220; (kleine unsichtbare Grafiken) zur Sammlung von Informationen. Durch die Verwendung des Web Beacons k\u00f6nnen einfache Aktionen wie der Besucherverkehr auf der Webseite aufgezeichnet und gesammelt werden. Die durch den Cookie und\/oder Web Beacon erzeugten Informationen \u00fcber Ihre Benutzung dieser Website (einschlie\u00dflich Ihrer IP-Adresse) werden an einen Server von Google in den USA \u00fcbertragen und dort gespeichert. Google wird diese Informationen benutzen, um Ihre Nutzung der Website im Hinblick auf die Anzeigen auszuwerten, um Reports \u00fcber die Websiteaktivit\u00e4ten und Anzeigen f\u00fcr die Websitebetreiber zusammenzustellen und um weitere mit der Websitenutzung und der Internetnutzung verbundene Dienstleistungen zu erbringen. Auch wird Google diese Informationen gegebenenfalls an Dritte \u00fcbertragen, sofern dies gesetzlich vorgeschrieben oder soweit Dritte diese Daten im Auftrag von Google verarbeiten. Google wird in keinem Fall Ihre IP-Adresse mit anderen Daten der Google in Verbindung bringen. Das Speichern von Cookies auf Ihrer Festplatte und die Anzeige von Web Beacons k\u00f6nnen Sie verhindern, indem Sie in Ihren Browser-Einstellungen &#8220;keine Cookies akzeptieren&#8220; w\u00e4hlen (Im MS Internet-Explorer unter &#8220;Extras &gt; Internetoptionen &gt; Datenschutz &gt; Einstellung&#8220;; im Firefox unter &#8220;Extras &gt; Einstellungen &gt; Datenschutz &gt; Cookies&#8220;); wir weisen Sie jedoch darauf hin, dass Sie in diesem Fall gegebenenfalls nicht s\u00e4mtliche Funktionen dieser Website voll umf\u00e4nglich nutzen k\u00f6nnen. Durch die Nutzung dieser Website erkl\u00e4ren Sie sich mit der Bearbeitung der \u00fcber Sie erhobenen Daten durch Google in der zuvor beschriebenen Art und Weise und zu dem zuvor benannten Zweck einverstanden.<\/p>\n<p>Impressum vom <a href=\"https:\/\/www.impressum-generator.de\">Impressum Generator<\/a> der <a href=\"https:\/\/www.kanzlei-hasselbach.de\/\">Kanzlei Hasselbach, Rechtsanw\u00e4lte f\u00fcr Arbeitsrecht und Familienrecht<\/a><\/p>\n<\/div>\n<div><\/div>\n<div><\/div>\n<div><\/div>","protected":false},"excerpt":{"rendered":"<p>Impressum Angaben gem\u00e4\u00df \u00a7 5 DDG SEAD e.V Sustainability-Education-Agriculture-Development Entwicklungshilfe Kamerun Vertreten durch: Larissa Mayer Kontakt: E-Mail: info@sead-ev.de Verantwortlich f\u00fcr den Inhalt nach \u00a7 55 Abs. 2 RStV: Larissa Mayer SEAD e.V. In den Riedwiesen 19 74564 Crailsheim Entwickelt von https:\/\/dick-technology.de Haftungsausschluss: Haftung f\u00fcr Inhalte Die Inhalte unserer Seiten wurden mit gr\u00f6\u00dfter Sorgfalt erstellt. F\u00fcr &hellip; <\/p>\n<p class=\"link-more\"><a href=\"https:\/\/sead-ev.de\/en\/impressum\" class=\"more-link\">Continue reading<span class=\"screen-reader-text\"> &#8222;Impressum&#8220;<\/span><\/a><\/p>","protected":false},"author":1,"featured_media":0,"parent":0,"menu_order":0,"comment_status":"closed","ping_status":"closed","template":"","meta":{"footnotes":""},"class_list":["post-31","page","type-page","status-publish","hentry"],"yoast_head":"<!-- This site is optimized with the Yoast SEO plugin v27.5 - https:\/\/yoast.com\/product\/yoast-seo-wordpress\/ -->\n<title>Impressum - SEAD e.V. - Nachhaltige Entwicklung<\/title>\n<meta name=\"robots\" content=\"index, follow, max-snippet:-1, max-image-preview:large, max-video-preview:-1\" \/>\n<link rel=\"canonical\" href=\"https:\/\/sead-ev.de\/en\/impressum\/\" \/>\n<meta property=\"og:locale\" content=\"en_US\" \/>\n<meta property=\"og:type\" content=\"article\" \/>\n<meta property=\"og:title\" content=\"Impressum - SEAD e.V. - Nachhaltige Entwicklung\" \/>\n<meta property=\"og:description\" content=\"Impressum Angaben gem\u00e4\u00df \u00a7 5 DDG SEAD e.V Sustainability-Education-Agriculture-Development Entwicklungshilfe Kamerun Vertreten durch: Larissa Mayer Kontakt: E-Mail: info@sead-ev.de Verantwortlich f\u00fcr den Inhalt nach \u00a7 55 Abs. 2 RStV: Larissa Mayer SEAD e.V. In den Riedwiesen 19 74564 Crailsheim Entwickelt von https:\/\/dick-technology.de Haftungsausschluss: Haftung f\u00fcr Inhalte Die Inhalte unserer Seiten wurden mit gr\u00f6\u00dfter Sorgfalt erstellt. F\u00fcr &hellip; Continue reading &quot;Impressum&quot;\" \/>\n<meta property=\"og:url\" content=\"https:\/\/sead-ev.de\/en\/impressum\/\" \/>\n<meta property=\"og:site_name\" content=\"SEAD e.V. - Nachhaltige Entwicklung\" \/>\n<meta property=\"article:modified_time\" content=\"2024-05-25T09:33:20+00:00\" \/>\n<meta name=\"twitter:card\" content=\"summary_large_image\" \/>\n<meta name=\"twitter:label1\" content=\"Est. reading time\" \/>\n\t<meta name=\"twitter:data1\" content=\"5 minutes\" \/>\n<script type=\"application\/ld+json\" class=\"yoast-schema-graph\">{\"@context\":\"https:\\\/\\\/schema.org\",\"@graph\":[{\"@type\":\"WebPage\",\"@id\":\"https:\\\/\\\/sead-ev.de\\\/impressum\",\"url\":\"https:\\\/\\\/sead-ev.de\\\/impressum\",\"name\":\"Impressum - SEAD e.V. - Nachhaltige Entwicklung\",\"isPartOf\":{\"@id\":\"https:\\\/\\\/sead-ev.de\\\/#website\"},\"datePublished\":\"2018-11-14T20:54:54+00:00\",\"dateModified\":\"2024-05-25T09:33:20+00:00\",\"breadcrumb\":{\"@id\":\"https:\\\/\\\/sead-ev.de\\\/impressum#breadcrumb\"},\"inLanguage\":\"en-US\",\"potentialAction\":[{\"@type\":\"ReadAction\",\"target\":[\"https:\\\/\\\/sead-ev.de\\\/impressum\"]}]},{\"@type\":\"BreadcrumbList\",\"@id\":\"https:\\\/\\\/sead-ev.de\\\/impressum#breadcrumb\",\"itemListElement\":[{\"@type\":\"ListItem\",\"position\":1,\"name\":\"Startseite\",\"item\":\"https:\\\/\\\/sead-ev.de\\\/\"},{\"@type\":\"ListItem\",\"position\":2,\"name\":\"Impressum\"}]},{\"@type\":\"WebSite\",\"@id\":\"https:\\\/\\\/sead-ev.de\\\/#website\",\"url\":\"https:\\\/\\\/sead-ev.de\\\/\",\"name\":\"SEAD e.V - Entwicklungshilfe Kamerun\",\"description\":\"Sustainability - Education - Agriculture - Development\",\"publisher\":{\"@id\":\"https:\\\/\\\/sead-ev.de\\\/#organization\"},\"potentialAction\":[{\"@type\":\"SearchAction\",\"target\":{\"@type\":\"EntryPoint\",\"urlTemplate\":\"https:\\\/\\\/sead-ev.de\\\/?s={search_term_string}\"},\"query-input\":{\"@type\":\"PropertyValueSpecification\",\"valueRequired\":true,\"valueName\":\"search_term_string\"}}],\"inLanguage\":\"en-US\"},{\"@type\":\"Organization\",\"@id\":\"https:\\\/\\\/sead-ev.de\\\/#organization\",\"name\":\"sead e.V\",\"url\":\"https:\\\/\\\/sead-ev.de\\\/\",\"logo\":{\"@type\":\"ImageObject\",\"inLanguage\":\"en-US\",\"@id\":\"https:\\\/\\\/sead-ev.de\\\/#\\\/schema\\\/logo\\\/image\\\/\",\"url\":\"https:\\\/\\\/sead-ev.de\\\/wp-content\\\/uploads\\\/2019\\\/03\\\/cropped-SEAD_Logo-05-3.png\",\"contentUrl\":\"https:\\\/\\\/sead-ev.de\\\/wp-content\\\/uploads\\\/2019\\\/03\\\/cropped-SEAD_Logo-05-3.png\",\"width\":250,\"height\":250,\"caption\":\"sead e.V\"},\"image\":{\"@id\":\"https:\\\/\\\/sead-ev.de\\\/#\\\/schema\\\/logo\\\/image\\\/\"},\"sameAs\":[\"https:\\\/\\\/www.instagram.com\\\/sead_e.v\\\/\"]}]}<\/script>\n<!-- \/ Yoast SEO plugin. -->","yoast_head_json":{"title":"Impressum - SEAD e.V. - Nachhaltige Entwicklung","robots":{"index":"index","follow":"follow","max-snippet":"max-snippet:-1","max-image-preview":"max-image-preview:large","max-video-preview":"max-video-preview:-1"},"canonical":"https:\/\/sead-ev.de\/en\/impressum\/","og_locale":"en_US","og_type":"article","og_title":"Impressum - SEAD e.V. - Nachhaltige Entwicklung","og_description":"Impressum Angaben gem\u00e4\u00df \u00a7 5 DDG SEAD e.V Sustainability-Education-Agriculture-Development Entwicklungshilfe Kamerun Vertreten durch: Larissa Mayer Kontakt: E-Mail: info@sead-ev.de Verantwortlich f\u00fcr den Inhalt nach \u00a7 55 Abs. 2 RStV: Larissa Mayer SEAD e.V. In den Riedwiesen 19 74564 Crailsheim Entwickelt von https:\/\/dick-technology.de Haftungsausschluss: Haftung f\u00fcr Inhalte Die Inhalte unserer Seiten wurden mit gr\u00f6\u00dfter Sorgfalt erstellt. F\u00fcr &hellip; Continue reading \"Impressum\"","og_url":"https:\/\/sead-ev.de\/en\/impressum\/","og_site_name":"SEAD e.V. - Nachhaltige Entwicklung","article_modified_time":"2024-05-25T09:33:20+00:00","twitter_card":"summary_large_image","twitter_misc":{"Est. reading time":"5 minutes"},"schema":{"@context":"https:\/\/schema.org","@graph":[{"@type":"WebPage","@id":"https:\/\/sead-ev.de\/impressum","url":"https:\/\/sead-ev.de\/impressum","name":"Impressum - SEAD e.V. - Nachhaltige Entwicklung","isPartOf":{"@id":"https:\/\/sead-ev.de\/#website"},"datePublished":"2018-11-14T20:54:54+00:00","dateModified":"2024-05-25T09:33:20+00:00","breadcrumb":{"@id":"https:\/\/sead-ev.de\/impressum#breadcrumb"},"inLanguage":"en-US","potentialAction":[{"@type":"ReadAction","target":["https:\/\/sead-ev.de\/impressum"]}]},{"@type":"BreadcrumbList","@id":"https:\/\/sead-ev.de\/impressum#breadcrumb","itemListElement":[{"@type":"ListItem","position":1,"name":"Startseite","item":"https:\/\/sead-ev.de\/"},{"@type":"ListItem","position":2,"name":"Impressum"}]},{"@type":"WebSite","@id":"https:\/\/sead-ev.de\/#website","url":"https:\/\/sead-ev.de\/","name":"SEAD e.V - Entwicklungshilfe Kamerun","description":"Sustainability - Education - Agriculture - Development","publisher":{"@id":"https:\/\/sead-ev.de\/#organization"},"potentialAction":[{"@type":"SearchAction","target":{"@type":"EntryPoint","urlTemplate":"https:\/\/sead-ev.de\/?s={search_term_string}"},"query-input":{"@type":"PropertyValueSpecification","valueRequired":true,"valueName":"search_term_string"}}],"inLanguage":"en-US"},{"@type":"Organization","@id":"https:\/\/sead-ev.de\/#organization","name":"sead e.V","url":"https:\/\/sead-ev.de\/","logo":{"@type":"ImageObject","inLanguage":"en-US","@id":"https:\/\/sead-ev.de\/#\/schema\/logo\/image\/","url":"https:\/\/sead-ev.de\/wp-content\/uploads\/2019\/03\/cropped-SEAD_Logo-05-3.png","contentUrl":"https:\/\/sead-ev.de\/wp-content\/uploads\/2019\/03\/cropped-SEAD_Logo-05-3.png","width":250,"height":250,"caption":"sead e.V"},"image":{"@id":"https:\/\/sead-ev.de\/#\/schema\/logo\/image\/"},"sameAs":["https:\/\/www.instagram.com\/sead_e.v\/"]}]}},"jetpack_shortlink":"https:\/\/wp.me\/PaxqgZ-v","jetpack-related-posts":[{"id":139,"url":"https:\/\/sead-ev.de\/en\/sead\/hasenzucht","url_meta":{"origin":31,"position":0},"title":"Rabbit breeding","author":"Larissa Mayer","date":"29. March 2019","format":false,"excerpt":"Hasenzucht Die Hasenzucht ist eines der neusten Projekte im Good Shepherd Home. Einer der \u00e4lteren Jungen im Waisenhaus begann vor zwei Jahren die Zucht mit zwei Hasen und hatte schon bald darauf eine kleine Hasenfamilie. Ein gro\u00dfer Hase kann in Kamerun f\u00fcr 10\u20ac-15\u20ac verkauft werden. Das ist viel Geld, wenn\u2026","rel":"","context":"Similar post","block_context":{"text":"Similar post","link":""},"img":{"alt_text":"","src":"https:\/\/i0.wp.com\/sead-ev.de\/wp-content\/uploads\/2019\/04\/56608890_439120883524518_574624567885037568_n-1.jpg?resize=350%2C200&ssl=1","width":350,"height":200},"classes":[]},{"id":465,"url":"https:\/\/sead-ev.de\/en\/ueber-uns","url_meta":{"origin":31,"position":1},"title":"About us","author":"Larissa Mayer","date":"1. April 2019","format":false,"excerpt":"Der Verein Der gemeinn\u00fctzige Verein SEAD wurde von 7 jungen Menschen gegr\u00fcndet und m\u00f6chte die Good Shepherd Waisenh\u00e4user in Kamerun durch Projekte vor Ort unterst\u00fctzen. Die Good Shepherd Familie in Bamenda beherbergt \u00fcber 150 Kinder, die ihre Eltern verloren haben, vernachl\u00e4ssigt wurden oder Stra\u00dfenkinder waren. Um den t\u00e4glichen Nahrungsbedarf und\u2026","rel":"","context":"Similar post","block_context":{"text":"Similar post","link":""},"img":{"alt_text":"","src":"https:\/\/i0.wp.com\/sead-ev.de\/wp-content\/uploads\/2019\/04\/56744588_1243454665835888_896073208946491392_n-2.jpg?resize=350%2C200&ssl=1","width":350,"height":200,"srcset":"https:\/\/i0.wp.com\/sead-ev.de\/wp-content\/uploads\/2019\/04\/56744588_1243454665835888_896073208946491392_n-2.jpg?resize=350%2C200&ssl=1 1x, https:\/\/i0.wp.com\/sead-ev.de\/wp-content\/uploads\/2019\/04\/56744588_1243454665835888_896073208946491392_n-2.jpg?resize=525%2C300&ssl=1 1.5x, https:\/\/i0.wp.com\/sead-ev.de\/wp-content\/uploads\/2019\/04\/56744588_1243454665835888_896073208946491392_n-2.jpg?resize=700%2C400&ssl=1 2x, https:\/\/i0.wp.com\/sead-ev.de\/wp-content\/uploads\/2019\/04\/56744588_1243454665835888_896073208946491392_n-2.jpg?resize=1050%2C600&ssl=1 3x, https:\/\/i0.wp.com\/sead-ev.de\/wp-content\/uploads\/2019\/04\/56744588_1243454665835888_896073208946491392_n-2.jpg?resize=1400%2C800&ssl=1 4x"},"classes":[]},{"id":146,"url":"https:\/\/sead-ev.de\/en\/sead\/schweinezucht","url_meta":{"origin":31,"position":2},"title":"Pig breeding","author":"Larissa Mayer","date":"29. March 2019","format":false,"excerpt":"Schweinezucht Unter den verschiedenen Tierarten z\u00e4hlt die Schweinezucht in Kamerun zu der wichtigsten Quelle der Fleischproduktion, direkt nach den Masth\u00fchnern. Traditionell gesehen war sie schon fr\u00fcher eines der wichtigsten Berufsfelder im Nordwesten Kameruns. Heute ist sie fester Bestandteil im kommerziellen Markt. Die Schweinezucht f\u00fcr die Fleischproduktion und der Verkauf von\u2026","rel":"","context":"Similar post","block_context":{"text":"Similar post","link":""},"img":{"alt_text":"","src":"https:\/\/i0.wp.com\/sead-ev.de\/wp-content\/uploads\/2019\/04\/57186072_389267001911946_4209239396584521728_n.jpg?resize=350%2C200&ssl=1","width":350,"height":200,"srcset":"https:\/\/i0.wp.com\/sead-ev.de\/wp-content\/uploads\/2019\/04\/57186072_389267001911946_4209239396584521728_n.jpg?resize=350%2C200&ssl=1 1x, https:\/\/i0.wp.com\/sead-ev.de\/wp-content\/uploads\/2019\/04\/57186072_389267001911946_4209239396584521728_n.jpg?resize=525%2C300&ssl=1 1.5x, https:\/\/i0.wp.com\/sead-ev.de\/wp-content\/uploads\/2019\/04\/57186072_389267001911946_4209239396584521728_n.jpg?resize=700%2C400&ssl=1 2x"},"classes":[]},{"id":148,"url":"https:\/\/sead-ev.de\/en\/berichte\/aktuelles","url_meta":{"origin":31,"position":3},"title":"Aktuelles","author":"Larissa Mayer","date":"17. April 2019","format":false,"excerpt":"Unterst\u00fctze jetzt unsere \"Betterplace-Spendenkampagne\" https:\/\/www.betterplace.org\/en\/projects\/107390-funding-of-tuition-fees-of-kevin-fofie-from-the-good-shepherd-orphanage\/opinions#ppp-sticky-anchor Unser kamerunisches SEAD Mitglied Kevin Fofie beginnt mit seinem Online-Studium an der \"University of People\". W\u00e4hrend die meisten von uns die M\u00f6glichkeit haben zu studieren und eine finanzielle Unterst\u00fctzung von dem Staat beantragen k\u00f6nnen, ist das in Kamerun leider anders. Die Studienkosten sind oft zu\u2026","rel":"","context":"Similar post","block_context":{"text":"Similar post","link":""},"img":{"alt_text":"","src":"https:\/\/i0.wp.com\/sead-ev.de\/wp-content\/uploads\/2022\/03\/IMG_7276-2-768x512.jpg?resize=350%2C200&ssl=1","width":350,"height":200,"srcset":"https:\/\/i0.wp.com\/sead-ev.de\/wp-content\/uploads\/2022\/03\/IMG_7276-2-768x512.jpg?resize=350%2C200&ssl=1 1x, https:\/\/i0.wp.com\/sead-ev.de\/wp-content\/uploads\/2022\/03\/IMG_7276-2-768x512.jpg?resize=525%2C300&ssl=1 1.5x"},"classes":[]},{"id":143,"url":"https:\/\/sead-ev.de\/en\/sead\/wasserprojekt","url_meta":{"origin":31,"position":4},"title":"Water Project","author":"Larissa Mayer","date":"29. March 2019","format":false,"excerpt":"Wasserprojekt Das Menschenrecht auf Wasser und Sanit\u00e4t wurde im Juli 2010 deklariert. Der Zugang zu sauberem Trinkwasser ist immer noch f\u00fcr 44% der Bev\u00f6lkerung in D\u00f6rfern in Kamerun problematisch und f\u00fchrt zu Krankheiten sowie auch Todesf\u00e4llen. Oftmals muss ein langer Weg zur\u00fcckgelegt werden, um an einen Brunnen zu gelangen. Besonders\u2026","rel":"","context":"Similar post","block_context":{"text":"Similar post","link":""},"img":{"alt_text":"","src":"https:\/\/i0.wp.com\/sead-ev.de\/wp-content\/uploads\/2019\/04\/57006234_2293322167610578_3666708018336104448_n.jpg?resize=350%2C200&ssl=1","width":350,"height":200,"srcset":"https:\/\/i0.wp.com\/sead-ev.de\/wp-content\/uploads\/2019\/04\/57006234_2293322167610578_3666708018336104448_n.jpg?resize=350%2C200&ssl=1 1x, https:\/\/i0.wp.com\/sead-ev.de\/wp-content\/uploads\/2019\/04\/57006234_2293322167610578_3666708018336104448_n.jpg?resize=525%2C300&ssl=1 1.5x, https:\/\/i0.wp.com\/sead-ev.de\/wp-content\/uploads\/2019\/04\/57006234_2293322167610578_3666708018336104448_n.jpg?resize=700%2C400&ssl=1 2x"},"classes":[]},{"id":1953,"url":"https:\/\/sead-ev.de\/en\/newsletter-2","url_meta":{"origin":31,"position":5},"title":"Newsletter","author":"Larissa Mayer","date":"29. March 2022","format":false,"excerpt":"Die Ghostwriting -Preise variieren je nach Projektumfang. Dies kann die Menge an Forschungen, den Schreibstil und den Zeitrahmen f\u00fcr das Projekt umfassen.Der Preis kann auch von den Erfahrungen und F\u00e4higkeiten des ghostwriting preise Ghostwriter abh\u00e4ngen. Die erfahreneren Ghostwriter werden h\u00f6here Preise berechnen.Hausaufgaben sind eine der Hauptquellen f\u00fcr Stress und Unruhen\u2026","rel":"","context":"Similar post","block_context":{"text":"Similar post","link":""},"img":{"alt_text":"","src":"","width":0,"height":0},"classes":[]}],"jetpack_sharing_enabled":true,"_links":{"self":[{"href":"https:\/\/sead-ev.de\/en\/wp-json\/wp\/v2\/pages\/31","targetHints":{"allow":["GET"]}}],"collection":[{"href":"https:\/\/sead-ev.de\/en\/wp-json\/wp\/v2\/pages"}],"about":[{"href":"https:\/\/sead-ev.de\/en\/wp-json\/wp\/v2\/types\/page"}],"author":[{"embeddable":true,"href":"https:\/\/sead-ev.de\/en\/wp-json\/wp\/v2\/users\/1"}],"replies":[{"embeddable":true,"href":"https:\/\/sead-ev.de\/en\/wp-json\/wp\/v2\/comments?post=31"}],"version-history":[{"count":7,"href":"https:\/\/sead-ev.de\/en\/wp-json\/wp\/v2\/pages\/31\/revisions"}],"predecessor-version":[{"id":3268,"href":"https:\/\/sead-ev.de\/en\/wp-json\/wp\/v2\/pages\/31\/revisions\/3268"}],"wp:attachment":[{"href":"https:\/\/sead-ev.de\/en\/wp-json\/wp\/v2\/media?parent=31"}],"curies":[{"name":"wp","href":"https:\/\/api.w.org\/{rel}","templated":true}]}}