{"id":27,"date":"2018-11-14T20:54:21","date_gmt":"2018-11-14T20:54:21","guid":{"rendered":"https:\/\/sead-ev.de\/?page_id=27"},"modified":"2019-04-06T19:05:06","modified_gmt":"2019-04-06T17:05:06","slug":"unterstuetzung","status":"publish","type":"page","link":"https:\/\/sead-ev.de\/en\/unterstuetzung","title":{"rendered":"Support"},"content":{"rendered":"<p style=\"text-align:center\">Support our projects with your donation, become a member, sponsor or become a part of our team!<\/p>\n\n\n\n<p style=\"text-align:center\">We are looking forward to your personal message, suggestion or criticism :-)<\/p>\n\n\n\n<p><br><\/p>","protected":false},"excerpt":{"rendered":"<p>Unterst\u00fctze unsere Projekte mit Deiner Spende, werde Mitglied, SponsorIn oder Teil unseres Teams! Wir freuen uns \u00fcber deine pers\u00f6nliche Nachricht, Anregung oder Kritik:-)<\/p>","protected":false},"author":1,"featured_media":687,"parent":0,"menu_order":0,"comment_status":"closed","ping_status":"closed","template":"","meta":{"footnotes":""},"class_list":["post-27","page","type-page","status-publish","has-post-thumbnail","hentry"],"yoast_head":"<!-- This site is optimized with the Yoast SEO plugin v27.5 - https:\/\/yoast.com\/product\/yoast-seo-wordpress\/ -->\n<title>Unterst\u00fctzung - SEAD e.V. - Nachhaltige Entwicklung<\/title>\n<meta name=\"robots\" content=\"index, follow, max-snippet:-1, max-image-preview:large, max-video-preview:-1\" \/>\n<link rel=\"canonical\" href=\"https:\/\/sead-ev.de\/en\/unterstuetzung\" \/>\n<meta property=\"og:locale\" content=\"en_US\" \/>\n<meta property=\"og:type\" content=\"article\" \/>\n<meta property=\"og:title\" content=\"Unterst\u00fctzung - SEAD e.V. - Nachhaltige Entwicklung\" \/>\n<meta property=\"og:description\" content=\"Unterst\u00fctze unsere Projekte mit Deiner Spende, werde Mitglied, SponsorIn oder Teil unseres Teams! Wir freuen uns \u00fcber deine pers\u00f6nliche Nachricht, Anregung oder Kritik:-)\" \/>\n<meta property=\"og:url\" content=\"https:\/\/sead-ev.de\/en\/unterstuetzung\" \/>\n<meta property=\"og:site_name\" content=\"SEAD e.V. - Nachhaltige Entwicklung\" \/>\n<meta property=\"article:modified_time\" content=\"2019-04-06T17:05:06+00:00\" \/>\n<meta property=\"og:image\" content=\"https:\/\/sead-ev.de\/wp-content\/uploads\/2019\/04\/56255421_847204942290720_6633348547951460352_n.jpg\" \/>\n\t<meta property=\"og:image:width\" content=\"4096\" \/>\n\t<meta property=\"og:image:height\" content=\"2730\" \/>\n\t<meta property=\"og:image:type\" content=\"image\/jpeg\" \/>\n<meta name=\"twitter:card\" content=\"summary_large_image\" \/>\n<script type=\"application\/ld+json\" class=\"yoast-schema-graph\">{\"@context\":\"https:\\\/\\\/schema.org\",\"@graph\":[{\"@type\":\"WebPage\",\"@id\":\"https:\\\/\\\/sead-ev.de\\\/en\\\/unterstuetzung\",\"url\":\"https:\\\/\\\/sead-ev.de\\\/en\\\/unterstuetzung\",\"name\":\"Unterst\u00fctzung - SEAD e.V. - Nachhaltige Entwicklung\",\"isPartOf\":{\"@id\":\"https:\\\/\\\/sead-ev.de\\\/#website\"},\"primaryImageOfPage\":{\"@id\":\"https:\\\/\\\/sead-ev.de\\\/en\\\/unterstuetzung#primaryimage\"},\"image\":{\"@id\":\"https:\\\/\\\/sead-ev.de\\\/en\\\/unterstuetzung#primaryimage\"},\"thumbnailUrl\":\"https:\\\/\\\/sead-ev.de\\\/wp-content\\\/uploads\\\/2019\\\/04\\\/56255421_847204942290720_6633348547951460352_n.jpg\",\"datePublished\":\"2018-11-14T20:54:21+00:00\",\"dateModified\":\"2019-04-06T17:05:06+00:00\",\"breadcrumb\":{\"@id\":\"https:\\\/\\\/sead-ev.de\\\/en\\\/unterstuetzung#breadcrumb\"},\"inLanguage\":\"en-US\",\"potentialAction\":[{\"@type\":\"ReadAction\",\"target\":[\"https:\\\/\\\/sead-ev.de\\\/en\\\/unterstuetzung\"]}]},{\"@type\":\"ImageObject\",\"inLanguage\":\"en-US\",\"@id\":\"https:\\\/\\\/sead-ev.de\\\/en\\\/unterstuetzung#primaryimage\",\"url\":\"https:\\\/\\\/sead-ev.de\\\/wp-content\\\/uploads\\\/2019\\\/04\\\/56255421_847204942290720_6633348547951460352_n.jpg\",\"contentUrl\":\"https:\\\/\\\/sead-ev.de\\\/wp-content\\\/uploads\\\/2019\\\/04\\\/56255421_847204942290720_6633348547951460352_n.jpg\",\"width\":4096,\"height\":2730},{\"@type\":\"BreadcrumbList\",\"@id\":\"https:\\\/\\\/sead-ev.de\\\/en\\\/unterstuetzung#breadcrumb\",\"itemListElement\":[{\"@type\":\"ListItem\",\"position\":1,\"name\":\"Startseite\",\"item\":\"https:\\\/\\\/sead-ev.de\\\/\"},{\"@type\":\"ListItem\",\"position\":2,\"name\":\"Unterst\u00fctzung\"}]},{\"@type\":\"WebSite\",\"@id\":\"https:\\\/\\\/sead-ev.de\\\/#website\",\"url\":\"https:\\\/\\\/sead-ev.de\\\/\",\"name\":\"SEAD e.V - Entwicklungshilfe Kamerun\",\"description\":\"Sustainability - Education - Agriculture - Development\",\"publisher\":{\"@id\":\"https:\\\/\\\/sead-ev.de\\\/#organization\"},\"potentialAction\":[{\"@type\":\"SearchAction\",\"target\":{\"@type\":\"EntryPoint\",\"urlTemplate\":\"https:\\\/\\\/sead-ev.de\\\/?s={search_term_string}\"},\"query-input\":{\"@type\":\"PropertyValueSpecification\",\"valueRequired\":true,\"valueName\":\"search_term_string\"}}],\"inLanguage\":\"en-US\"},{\"@type\":\"Organization\",\"@id\":\"https:\\\/\\\/sead-ev.de\\\/#organization\",\"name\":\"sead e.V\",\"url\":\"https:\\\/\\\/sead-ev.de\\\/\",\"logo\":{\"@type\":\"ImageObject\",\"inLanguage\":\"en-US\",\"@id\":\"https:\\\/\\\/sead-ev.de\\\/#\\\/schema\\\/logo\\\/image\\\/\",\"url\":\"https:\\\/\\\/sead-ev.de\\\/wp-content\\\/uploads\\\/2019\\\/03\\\/cropped-SEAD_Logo-05-3.png\",\"contentUrl\":\"https:\\\/\\\/sead-ev.de\\\/wp-content\\\/uploads\\\/2019\\\/03\\\/cropped-SEAD_Logo-05-3.png\",\"width\":250,\"height\":250,\"caption\":\"sead e.V\"},\"image\":{\"@id\":\"https:\\\/\\\/sead-ev.de\\\/#\\\/schema\\\/logo\\\/image\\\/\"},\"sameAs\":[\"https:\\\/\\\/www.instagram.com\\\/sead_e.v\\\/\"]}]}<\/script>\n<!-- \/ Yoast SEO plugin. -->","yoast_head_json":{"title":"Unterst\u00fctzung - SEAD e.V. - Nachhaltige Entwicklung","robots":{"index":"index","follow":"follow","max-snippet":"max-snippet:-1","max-image-preview":"max-image-preview:large","max-video-preview":"max-video-preview:-1"},"canonical":"https:\/\/sead-ev.de\/en\/unterstuetzung","og_locale":"en_US","og_type":"article","og_title":"Unterst\u00fctzung - SEAD e.V. - Nachhaltige Entwicklung","og_description":"Unterst\u00fctze unsere Projekte mit Deiner Spende, werde Mitglied, SponsorIn oder Teil unseres Teams! Wir freuen uns \u00fcber deine pers\u00f6nliche Nachricht, Anregung oder Kritik:-)","og_url":"https:\/\/sead-ev.de\/en\/unterstuetzung","og_site_name":"SEAD e.V. - Nachhaltige Entwicklung","article_modified_time":"2019-04-06T17:05:06+00:00","og_image":[{"width":4096,"height":2730,"url":"https:\/\/sead-ev.de\/wp-content\/uploads\/2019\/04\/56255421_847204942290720_6633348547951460352_n.jpg","type":"image\/jpeg"}],"twitter_card":"summary_large_image","schema":{"@context":"https:\/\/schema.org","@graph":[{"@type":"WebPage","@id":"https:\/\/sead-ev.de\/en\/unterstuetzung","url":"https:\/\/sead-ev.de\/en\/unterstuetzung","name":"Unterst\u00fctzung - SEAD e.V. - Nachhaltige Entwicklung","isPartOf":{"@id":"https:\/\/sead-ev.de\/#website"},"primaryImageOfPage":{"@id":"https:\/\/sead-ev.de\/en\/unterstuetzung#primaryimage"},"image":{"@id":"https:\/\/sead-ev.de\/en\/unterstuetzung#primaryimage"},"thumbnailUrl":"https:\/\/sead-ev.de\/wp-content\/uploads\/2019\/04\/56255421_847204942290720_6633348547951460352_n.jpg","datePublished":"2018-11-14T20:54:21+00:00","dateModified":"2019-04-06T17:05:06+00:00","breadcrumb":{"@id":"https:\/\/sead-ev.de\/en\/unterstuetzung#breadcrumb"},"inLanguage":"en-US","potentialAction":[{"@type":"ReadAction","target":["https:\/\/sead-ev.de\/en\/unterstuetzung"]}]},{"@type":"ImageObject","inLanguage":"en-US","@id":"https:\/\/sead-ev.de\/en\/unterstuetzung#primaryimage","url":"https:\/\/sead-ev.de\/wp-content\/uploads\/2019\/04\/56255421_847204942290720_6633348547951460352_n.jpg","contentUrl":"https:\/\/sead-ev.de\/wp-content\/uploads\/2019\/04\/56255421_847204942290720_6633348547951460352_n.jpg","width":4096,"height":2730},{"@type":"BreadcrumbList","@id":"https:\/\/sead-ev.de\/en\/unterstuetzung#breadcrumb","itemListElement":[{"@type":"ListItem","position":1,"name":"Startseite","item":"https:\/\/sead-ev.de\/"},{"@type":"ListItem","position":2,"name":"Unterst\u00fctzung"}]},{"@type":"WebSite","@id":"https:\/\/sead-ev.de\/#website","url":"https:\/\/sead-ev.de\/","name":"SEAD e.V - Entwicklungshilfe Kamerun","description":"Sustainability - Education - Agriculture - Development","publisher":{"@id":"https:\/\/sead-ev.de\/#organization"},"potentialAction":[{"@type":"SearchAction","target":{"@type":"EntryPoint","urlTemplate":"https:\/\/sead-ev.de\/?s={search_term_string}"},"query-input":{"@type":"PropertyValueSpecification","valueRequired":true,"valueName":"search_term_string"}}],"inLanguage":"en-US"},{"@type":"Organization","@id":"https:\/\/sead-ev.de\/#organization","name":"sead e.V","url":"https:\/\/sead-ev.de\/","logo":{"@type":"ImageObject","inLanguage":"en-US","@id":"https:\/\/sead-ev.de\/#\/schema\/logo\/image\/","url":"https:\/\/sead-ev.de\/wp-content\/uploads\/2019\/03\/cropped-SEAD_Logo-05-3.png","contentUrl":"https:\/\/sead-ev.de\/wp-content\/uploads\/2019\/03\/cropped-SEAD_Logo-05-3.png","width":250,"height":250,"caption":"sead e.V"},"image":{"@id":"https:\/\/sead-ev.de\/#\/schema\/logo\/image\/"},"sameAs":["https:\/\/www.instagram.com\/sead_e.v\/"]}]}},"jetpack_shortlink":"https:\/\/wp.me\/PaxqgZ-r","jetpack-related-posts":[{"id":65,"url":"https:\/\/sead-ev.de\/en\/unterstuetzung\/spenden","url_meta":{"origin":27,"position":0},"title":"Donate","author":"artur","date":"14. November 2018","format":false,"excerpt":"Um die Arbeit von SEAD zu erm\u00f6glichen, sind wir auf deine Spende angewiesen. Wichtig f\u00fcr Dich ist, dass deine Spende zu 100% zugunsten des Good Shepherd Homes verwendet wird. Eine Spendenbescheinigung bekommst Du am Ende des Jahres (bitte Adresse bei \u00dcberweisung angeben!). Mit 1\u20ac kann ein Kind in Kamerun schon\u2026","rel":"","context":"Similar post","block_context":{"text":"Similar post","link":""},"img":{"alt_text":"","src":"https:\/\/i0.wp.com\/sead-ev.de\/wp-content\/uploads\/2019\/04\/Unbenannt.jpg?resize=350%2C200&ssl=1","width":350,"height":200,"srcset":"https:\/\/i0.wp.com\/sead-ev.de\/wp-content\/uploads\/2019\/04\/Unbenannt.jpg?resize=350%2C200&ssl=1 1x, https:\/\/i0.wp.com\/sead-ev.de\/wp-content\/uploads\/2019\/04\/Unbenannt.jpg?resize=525%2C300&ssl=1 1.5x, https:\/\/i0.wp.com\/sead-ev.de\/wp-content\/uploads\/2019\/04\/Unbenannt.jpg?resize=700%2C400&ssl=1 2x"},"classes":[]},{"id":67,"url":"https:\/\/sead-ev.de\/en\/unterstuetzung\/mitmachen","url_meta":{"origin":27,"position":1},"title":"Taking part","author":"artur","date":"14. November 2018","format":false,"excerpt":"Du willst mitmachen? Dann werde Teil unseres Teams! Es gibt verschiedene M\u00f6glichkeiten, wie Du unsere Arbeit unterst\u00fctzen kannst. Du kannst z.B. Spendenaktionen in deiner Schule und Arbeitsstelle veranstalten, oder mit uns einen Weihnachtsmarktstand zugunsten von SEAD organisieren. Auch bei anderen Veranstaltungen suchen wir immer helfende H\u00e4nde. Gerne kannst Du auch\u2026","rel":"","context":"Similar post","block_context":{"text":"Similar post","link":""},"img":{"alt_text":"","src":"https:\/\/i0.wp.com\/sead-ev.de\/wp-content\/uploads\/2019\/04\/56896981_846985182312320_6069423001298796544_n-300x180.jpg?resize=350%2C200&ssl=1","width":350,"height":200},"classes":[]},{"id":148,"url":"https:\/\/sead-ev.de\/en\/berichte\/aktuelles","url_meta":{"origin":27,"position":2},"title":"Aktuelles","author":"Larissa Mayer","date":"17. April 2019","format":false,"excerpt":"Unterst\u00fctze jetzt unsere \"Betterplace-Spendenkampagne\" https:\/\/www.betterplace.org\/en\/projects\/107390-funding-of-tuition-fees-of-kevin-fofie-from-the-good-shepherd-orphanage\/opinions#ppp-sticky-anchor Unser kamerunisches SEAD Mitglied Kevin Fofie beginnt mit seinem Online-Studium an der \"University of People\". W\u00e4hrend die meisten von uns die M\u00f6glichkeit haben zu studieren und eine finanzielle Unterst\u00fctzung von dem Staat beantragen k\u00f6nnen, ist das in Kamerun leider anders. Die Studienkosten sind oft zu\u2026","rel":"","context":"Similar post","block_context":{"text":"Similar post","link":""},"img":{"alt_text":"","src":"https:\/\/i0.wp.com\/sead-ev.de\/wp-content\/uploads\/2022\/03\/IMG_7276-2-768x512.jpg?resize=350%2C200&ssl=1","width":350,"height":200,"srcset":"https:\/\/i0.wp.com\/sead-ev.de\/wp-content\/uploads\/2022\/03\/IMG_7276-2-768x512.jpg?resize=350%2C200&ssl=1 1x, https:\/\/i0.wp.com\/sead-ev.de\/wp-content\/uploads\/2022\/03\/IMG_7276-2-768x512.jpg?resize=525%2C300&ssl=1 1.5x"},"classes":[]},{"id":69,"url":"https:\/\/sead-ev.de\/en\/unterstuetzung\/sponsoring","url_meta":{"origin":27,"position":3},"title":"Sponsorship","author":"artur","date":"14. November 2018","format":false,"excerpt":"Die Hero Textil AG ist ein Textilunternehmen in Crailsheim und Haupsponsor von SEAD e.V. In ihrer vollstufigen Inlandsproduktion fertigen sie Strickeins\u00e4tze f\u00fcr Berufs- und Outdoorkleidung an. Dabei werden ausnahmslos Garne mit EU Ursprung und Oeko-Tex\u00ae Zertifi\u00adzierung verarbeitet. Seit fast 40 Jahren vereinen sie damit Handwerk und Hightech und beliefern 42\u2026","rel":"","context":"Similar post","block_context":{"text":"Similar post","link":""},"img":{"alt_text":"","src":"https:\/\/i0.wp.com\/sead-ev.de\/wp-content\/uploads\/2019\/04\/Hero_Logo_Xmas_2-300x300.jpg?resize=350%2C200&ssl=1","width":350,"height":200},"classes":[]},{"id":40,"url":"https:\/\/sead-ev.de\/en\/sead\/agrar","url_meta":{"origin":27,"position":4},"title":"Agriculture","author":"artur","date":"14. November 2018","format":false,"excerpt":"Landwirtschaft Das Good Shepherd Home besitzt vier Felder im Umkreis von Bamenda mit einer gesamten Fl\u00e4che von 24 Hektar Land. Die gr\u00f6\u00dfte landwirtschaftsbetriebene Farm befindet sich in Bafut, einem kleinen Dorf, au\u00dferhalb von Bamenda. Hier werden Kochbananen, Casava, Tomaten, Kartoffeln, Bohnen, Mais, Wassermelonen und verschiedene Gem\u00fcsesorten angebaut, welche das komplette\u2026","rel":"","context":"Similar post","block_context":{"text":"Similar post","link":""},"img":{"alt_text":"","src":"https:\/\/i0.wp.com\/sead-ev.de\/wp-content\/uploads\/2019\/04\/56627434_3048026421877799_9179417152568950784_n-2.jpg?resize=350%2C200&ssl=1","width":350,"height":200},"classes":[]},{"id":146,"url":"https:\/\/sead-ev.de\/en\/sead\/schweinezucht","url_meta":{"origin":27,"position":5},"title":"Pig breeding","author":"Larissa Mayer","date":"29. March 2019","format":false,"excerpt":"Schweinezucht Unter den verschiedenen Tierarten z\u00e4hlt die Schweinezucht in Kamerun zu der wichtigsten Quelle der Fleischproduktion, direkt nach den Masth\u00fchnern. Traditionell gesehen war sie schon fr\u00fcher eines der wichtigsten Berufsfelder im Nordwesten Kameruns. Heute ist sie fester Bestandteil im kommerziellen Markt. Die Schweinezucht f\u00fcr die Fleischproduktion und der Verkauf von\u2026","rel":"","context":"Similar post","block_context":{"text":"Similar post","link":""},"img":{"alt_text":"","src":"https:\/\/i0.wp.com\/sead-ev.de\/wp-content\/uploads\/2019\/04\/57186072_389267001911946_4209239396584521728_n.jpg?resize=350%2C200&ssl=1","width":350,"height":200,"srcset":"https:\/\/i0.wp.com\/sead-ev.de\/wp-content\/uploads\/2019\/04\/57186072_389267001911946_4209239396584521728_n.jpg?resize=350%2C200&ssl=1 1x, https:\/\/i0.wp.com\/sead-ev.de\/wp-content\/uploads\/2019\/04\/57186072_389267001911946_4209239396584521728_n.jpg?resize=525%2C300&ssl=1 1.5x, https:\/\/i0.wp.com\/sead-ev.de\/wp-content\/uploads\/2019\/04\/57186072_389267001911946_4209239396584521728_n.jpg?resize=700%2C400&ssl=1 2x"},"classes":[]}],"jetpack_sharing_enabled":true,"_links":{"self":[{"href":"https:\/\/sead-ev.de\/en\/wp-json\/wp\/v2\/pages\/27","targetHints":{"allow":["GET"]}}],"collection":[{"href":"https:\/\/sead-ev.de\/en\/wp-json\/wp\/v2\/pages"}],"about":[{"href":"https:\/\/sead-ev.de\/en\/wp-json\/wp\/v2\/types\/page"}],"author":[{"embeddable":true,"href":"https:\/\/sead-ev.de\/en\/wp-json\/wp\/v2\/users\/1"}],"replies":[{"embeddable":true,"href":"https:\/\/sead-ev.de\/en\/wp-json\/wp\/v2\/comments?post=27"}],"version-history":[{"count":5,"href":"https:\/\/sead-ev.de\/en\/wp-json\/wp\/v2\/pages\/27\/revisions"}],"predecessor-version":[{"id":504,"href":"https:\/\/sead-ev.de\/en\/wp-json\/wp\/v2\/pages\/27\/revisions\/504"}],"wp:featuredmedia":[{"embeddable":true,"href":"https:\/\/sead-ev.de\/en\/wp-json\/wp\/v2\/media\/687"}],"wp:attachment":[{"href":"https:\/\/sead-ev.de\/en\/wp-json\/wp\/v2\/media?parent=27"}],"curies":[{"name":"wp","href":"https:\/\/api.w.org\/{rel}","templated":true}]}}