{"id":23,"date":"2018-11-14T20:53:28","date_gmt":"2018-11-14T20:53:28","guid":{"rendered":"https:\/\/sead-ev.de\/?page_id=23"},"modified":"2019-04-18T13:13:10","modified_gmt":"2019-04-18T11:13:10","slug":"sead","status":"publish","type":"page","link":"https:\/\/sead-ev.de\/en\/sead","title":{"rendered":"Projects"},"content":{"rendered":"<div class=\"wp-block-image\"><figure class=\"alignleft is-resized\"><img decoding=\"async\" data-attachment-id=\"929\" data-permalink=\"https:\/\/sead-ev.de\/en\/sead\/57183721_1955707354541261_7402643968816578560_n\" data-orig-file=\"https:\/\/sead-ev.de\/wp-content\/uploads\/2019\/04\/57183721_1955707354541261_7402643968816578560_n.jpg\" data-orig-size=\"480,419\" data-comments-opened=\"1\" data-image-meta=\"{&quot;aperture&quot;:&quot;0&quot;,&quot;credit&quot;:&quot;&quot;,&quot;camera&quot;:&quot;&quot;,&quot;caption&quot;:&quot;&quot;,&quot;created_timestamp&quot;:&quot;0&quot;,&quot;copyright&quot;:&quot;&quot;,&quot;focal_length&quot;:&quot;0&quot;,&quot;iso&quot;:&quot;0&quot;,&quot;shutter_speed&quot;:&quot;0&quot;,&quot;title&quot;:&quot;&quot;,&quot;orientation&quot;:&quot;0&quot;}\" data-image-title=\"57183721_1955707354541261_7402643968816578560_n\" data-image-description=\"\" data-image-caption=\"\" data-large-file=\"https:\/\/sead-ev.de\/wp-content\/uploads\/2019\/04\/57183721_1955707354541261_7402643968816578560_n.jpg\" src=\"https:\/\/sead-ev.de\/wp-content\/uploads\/2019\/04\/57183721_1955707354541261_7402643968816578560_n.jpg\" alt=\"\" class=\"wp-image-929\" width=\"98\" height=\"86\" srcset=\"https:\/\/sead-ev.de\/wp-content\/uploads\/2019\/04\/57183721_1955707354541261_7402643968816578560_n.jpg 480w, https:\/\/sead-ev.de\/wp-content\/uploads\/2019\/04\/57183721_1955707354541261_7402643968816578560_n-300x262.jpg 300w\" sizes=\"(max-width: 98px) 100vw, 98px\" \/><\/figure><\/div>\n\n\n\n<p>Our projects in the Good Shepherd Home aim to self-sufficiency. Through this, basic needs such as food, clothing and medicine for the children and young people can be secured. It should also be possible over time to cover the complete school costs of the children. <\/p>\n\n\n\n<p>Since our Cameroonian members are directly on site, we hope that our goals can be implemented in the long term. Through their regular updates, the transparency of our projects in particular should become visible. <\/p>\n\n\n\n<p>For more detailed project information, you can contact us or visit our blog and Instagram account.<\/p>","protected":false},"excerpt":{"rendered":"<p>Unsere Projekte im &#8222;Good Shepherd Home&#8220; zielen auf die Selbstversorgung ab. Grundbed\u00fcrfnisse wie Nahrung, Kleider und Medizin f\u00fcr die Kinder und Jugendlichen k\u00f6nnen dadurch gesichert werden. Ebenso soll es auch mit der Zeit m\u00f6glich sein, die kompletten Schulkosten der Kinder zu decken. Da unsere kamerunischen Mitglieder direkt vor Ort sind hoffen wir, dass unsere Ziele &hellip; <\/p>\n<p class=\"link-more\"><a href=\"https:\/\/sead-ev.de\/en\/sead\" class=\"more-link\">Continue reading<span class=\"screen-reader-text\"> &#8222;Projekte&#8220;<\/span><\/a><\/p>","protected":false},"author":1,"featured_media":688,"parent":0,"menu_order":0,"comment_status":"closed","ping_status":"closed","template":"","meta":{"jetpack_post_was_ever_published":false,"footnotes":""},"class_list":["post-23","page","type-page","status-publish","has-post-thumbnail","hentry"],"yoast_head":"<!-- This site is optimized with the Yoast SEO plugin v27.4 - https:\/\/yoast.com\/product\/yoast-seo-wordpress\/ -->\n<title>Projekte - SEAD e.V. - Nachhaltige Entwicklung<\/title>\n<meta name=\"description\" content=\"Die Projekte von SEAD zielen auf die Selbstversorgung des Good Shepherd Homes ab. Ans\u00e4tze sind: Empowerment und Hilfe zur Selbsthilfe.\" \/>\n<meta name=\"robots\" content=\"index, follow, max-snippet:-1, max-image-preview:large, max-video-preview:-1\" \/>\n<link rel=\"canonical\" href=\"https:\/\/sead-ev.de\/en\/sead\/\" \/>\n<meta property=\"og:locale\" content=\"en_US\" \/>\n<meta property=\"og:type\" content=\"article\" \/>\n<meta property=\"og:title\" content=\"Projekte - SEAD e.V. - Nachhaltige Entwicklung\" \/>\n<meta property=\"og:description\" content=\"Die Projekte von SEAD zielen auf die Selbstversorgung des Good Shepherd Homes ab. Ans\u00e4tze sind: Empowerment und Hilfe zur Selbsthilfe.\" \/>\n<meta property=\"og:url\" content=\"https:\/\/sead-ev.de\/en\/sead\/\" \/>\n<meta property=\"og:site_name\" content=\"SEAD e.V. - Nachhaltige Entwicklung\" \/>\n<meta property=\"article:modified_time\" content=\"2019-04-18T11:13:10+00:00\" \/>\n<meta property=\"og:image\" content=\"https:\/\/sead-ev.de\/wp-content\/uploads\/2019\/04\/56315664_427533368051592_1547115282365939712_n.jpg\" \/>\n\t<meta property=\"og:image:width\" content=\"4096\" \/>\n\t<meta property=\"og:image:height\" content=\"2730\" \/>\n\t<meta property=\"og:image:type\" content=\"image\/jpeg\" \/>\n<meta name=\"twitter:card\" content=\"summary_large_image\" \/>\n<script type=\"application\/ld+json\" class=\"yoast-schema-graph\">{\"@context\":\"https:\\\/\\\/schema.org\",\"@graph\":[{\"@type\":\"WebPage\",\"@id\":\"https:\\\/\\\/sead-ev.de\\\/sead\",\"url\":\"https:\\\/\\\/sead-ev.de\\\/sead\",\"name\":\"Projekte - SEAD e.V. - Nachhaltige Entwicklung\",\"isPartOf\":{\"@id\":\"https:\\\/\\\/sead-ev.de\\\/#website\"},\"primaryImageOfPage\":{\"@id\":\"https:\\\/\\\/sead-ev.de\\\/sead#primaryimage\"},\"image\":{\"@id\":\"https:\\\/\\\/sead-ev.de\\\/sead#primaryimage\"},\"thumbnailUrl\":\"https:\\\/\\\/sead-ev.de\\\/wp-content\\\/uploads\\\/2019\\\/04\\\/56315664_427533368051592_1547115282365939712_n.jpg\",\"datePublished\":\"2018-11-14T20:53:28+00:00\",\"dateModified\":\"2019-04-18T11:13:10+00:00\",\"description\":\"Die Projekte von SEAD zielen auf die Selbstversorgung des Good Shepherd Homes ab. Ans\u00e4tze sind: Empowerment und Hilfe zur Selbsthilfe.\",\"breadcrumb\":{\"@id\":\"https:\\\/\\\/sead-ev.de\\\/sead#breadcrumb\"},\"inLanguage\":\"en-US\",\"potentialAction\":[{\"@type\":\"ReadAction\",\"target\":[\"https:\\\/\\\/sead-ev.de\\\/sead\"]}]},{\"@type\":\"ImageObject\",\"inLanguage\":\"en-US\",\"@id\":\"https:\\\/\\\/sead-ev.de\\\/sead#primaryimage\",\"url\":\"https:\\\/\\\/sead-ev.de\\\/wp-content\\\/uploads\\\/2019\\\/04\\\/56315664_427533368051592_1547115282365939712_n.jpg\",\"contentUrl\":\"https:\\\/\\\/sead-ev.de\\\/wp-content\\\/uploads\\\/2019\\\/04\\\/56315664_427533368051592_1547115282365939712_n.jpg\",\"width\":4096,\"height\":2730},{\"@type\":\"BreadcrumbList\",\"@id\":\"https:\\\/\\\/sead-ev.de\\\/sead#breadcrumb\",\"itemListElement\":[{\"@type\":\"ListItem\",\"position\":1,\"name\":\"Startseite\",\"item\":\"https:\\\/\\\/sead-ev.de\\\/\"},{\"@type\":\"ListItem\",\"position\":2,\"name\":\"Projekte\"}]},{\"@type\":\"WebSite\",\"@id\":\"https:\\\/\\\/sead-ev.de\\\/#website\",\"url\":\"https:\\\/\\\/sead-ev.de\\\/\",\"name\":\"SEAD e.V - Entwicklungshilfe Kamerun\",\"description\":\"Sustainability - Education - Agriculture - Development\",\"publisher\":{\"@id\":\"https:\\\/\\\/sead-ev.de\\\/#organization\"},\"potentialAction\":[{\"@type\":\"SearchAction\",\"target\":{\"@type\":\"EntryPoint\",\"urlTemplate\":\"https:\\\/\\\/sead-ev.de\\\/?s={search_term_string}\"},\"query-input\":{\"@type\":\"PropertyValueSpecification\",\"valueRequired\":true,\"valueName\":\"search_term_string\"}}],\"inLanguage\":\"en-US\"},{\"@type\":\"Organization\",\"@id\":\"https:\\\/\\\/sead-ev.de\\\/#organization\",\"name\":\"sead e.V\",\"url\":\"https:\\\/\\\/sead-ev.de\\\/\",\"logo\":{\"@type\":\"ImageObject\",\"inLanguage\":\"en-US\",\"@id\":\"https:\\\/\\\/sead-ev.de\\\/#\\\/schema\\\/logo\\\/image\\\/\",\"url\":\"https:\\\/\\\/sead-ev.de\\\/wp-content\\\/uploads\\\/2019\\\/03\\\/cropped-SEAD_Logo-05-3.png\",\"contentUrl\":\"https:\\\/\\\/sead-ev.de\\\/wp-content\\\/uploads\\\/2019\\\/03\\\/cropped-SEAD_Logo-05-3.png\",\"width\":250,\"height\":250,\"caption\":\"sead e.V\"},\"image\":{\"@id\":\"https:\\\/\\\/sead-ev.de\\\/#\\\/schema\\\/logo\\\/image\\\/\"},\"sameAs\":[\"https:\\\/\\\/www.instagram.com\\\/sead_e.v\\\/\"]}]}<\/script>\n<!-- \/ Yoast SEO plugin. -->","yoast_head_json":{"title":"Projekte - SEAD e.V. - Nachhaltige Entwicklung","description":"Die Projekte von SEAD zielen auf die Selbstversorgung des Good Shepherd Homes ab. Ans\u00e4tze sind: Empowerment und Hilfe zur Selbsthilfe.","robots":{"index":"index","follow":"follow","max-snippet":"max-snippet:-1","max-image-preview":"max-image-preview:large","max-video-preview":"max-video-preview:-1"},"canonical":"https:\/\/sead-ev.de\/en\/sead\/","og_locale":"en_US","og_type":"article","og_title":"Projekte - SEAD e.V. - Nachhaltige Entwicklung","og_description":"Die Projekte von SEAD zielen auf die Selbstversorgung des Good Shepherd Homes ab. Ans\u00e4tze sind: Empowerment und Hilfe zur Selbsthilfe.","og_url":"https:\/\/sead-ev.de\/en\/sead\/","og_site_name":"SEAD e.V. - Nachhaltige Entwicklung","article_modified_time":"2019-04-18T11:13:10+00:00","og_image":[{"width":4096,"height":2730,"url":"https:\/\/sead-ev.de\/wp-content\/uploads\/2019\/04\/56315664_427533368051592_1547115282365939712_n.jpg","type":"image\/jpeg"}],"twitter_card":"summary_large_image","schema":{"@context":"https:\/\/schema.org","@graph":[{"@type":"WebPage","@id":"https:\/\/sead-ev.de\/sead","url":"https:\/\/sead-ev.de\/sead","name":"Projekte - SEAD e.V. - Nachhaltige Entwicklung","isPartOf":{"@id":"https:\/\/sead-ev.de\/#website"},"primaryImageOfPage":{"@id":"https:\/\/sead-ev.de\/sead#primaryimage"},"image":{"@id":"https:\/\/sead-ev.de\/sead#primaryimage"},"thumbnailUrl":"https:\/\/sead-ev.de\/wp-content\/uploads\/2019\/04\/56315664_427533368051592_1547115282365939712_n.jpg","datePublished":"2018-11-14T20:53:28+00:00","dateModified":"2019-04-18T11:13:10+00:00","description":"Die Projekte von SEAD zielen auf die Selbstversorgung des Good Shepherd Homes ab. Ans\u00e4tze sind: Empowerment und Hilfe zur Selbsthilfe.","breadcrumb":{"@id":"https:\/\/sead-ev.de\/sead#breadcrumb"},"inLanguage":"en-US","potentialAction":[{"@type":"ReadAction","target":["https:\/\/sead-ev.de\/sead"]}]},{"@type":"ImageObject","inLanguage":"en-US","@id":"https:\/\/sead-ev.de\/sead#primaryimage","url":"https:\/\/sead-ev.de\/wp-content\/uploads\/2019\/04\/56315664_427533368051592_1547115282365939712_n.jpg","contentUrl":"https:\/\/sead-ev.de\/wp-content\/uploads\/2019\/04\/56315664_427533368051592_1547115282365939712_n.jpg","width":4096,"height":2730},{"@type":"BreadcrumbList","@id":"https:\/\/sead-ev.de\/sead#breadcrumb","itemListElement":[{"@type":"ListItem","position":1,"name":"Startseite","item":"https:\/\/sead-ev.de\/"},{"@type":"ListItem","position":2,"name":"Projekte"}]},{"@type":"WebSite","@id":"https:\/\/sead-ev.de\/#website","url":"https:\/\/sead-ev.de\/","name":"SEAD e.V - Entwicklungshilfe Kamerun","description":"Sustainability - Education - Agriculture - Development","publisher":{"@id":"https:\/\/sead-ev.de\/#organization"},"potentialAction":[{"@type":"SearchAction","target":{"@type":"EntryPoint","urlTemplate":"https:\/\/sead-ev.de\/?s={search_term_string}"},"query-input":{"@type":"PropertyValueSpecification","valueRequired":true,"valueName":"search_term_string"}}],"inLanguage":"en-US"},{"@type":"Organization","@id":"https:\/\/sead-ev.de\/#organization","name":"sead e.V","url":"https:\/\/sead-ev.de\/","logo":{"@type":"ImageObject","inLanguage":"en-US","@id":"https:\/\/sead-ev.de\/#\/schema\/logo\/image\/","url":"https:\/\/sead-ev.de\/wp-content\/uploads\/2019\/03\/cropped-SEAD_Logo-05-3.png","contentUrl":"https:\/\/sead-ev.de\/wp-content\/uploads\/2019\/03\/cropped-SEAD_Logo-05-3.png","width":250,"height":250,"caption":"sead e.V"},"image":{"@id":"https:\/\/sead-ev.de\/#\/schema\/logo\/image\/"},"sameAs":["https:\/\/www.instagram.com\/sead_e.v\/"]}]}},"jetpack_shortlink":"https:\/\/wp.me\/PaxqgZ-n","jetpack-related-posts":[{"id":133,"url":"https:\/\/sead-ev.de\/en\/leitlinien-sead","url_meta":{"origin":23,"position":0},"title":"Guiding principles SEAD","author":"Larissa Mayer","date":"29. March 2019","format":false,"excerpt":"\"Gehe ich vor dir, dann wei\u00df ich nicht, ob ich dich auf einen richtigen Weg bringe. Gehst du vor mir, dann wei\u00df ich nicht, ob du mich auf den richtigen Weg bringst. Gehe ich neben dir, werden wir gemeinsam den richtigen Weg finden.\" \u00a0 S\u00fcdafrikanisches Sprichwort \u00a0 Sustainability (Nachhaltigkeit): Sehen\u2026","rel":"","context":"Similar post","block_context":{"text":"Similar post","link":""},"img":{"alt_text":"","src":"https:\/\/i0.wp.com\/sead-ev.de\/wp-content\/uploads\/2019\/04\/anhang1.jpg?resize=350%2C200&ssl=1","width":350,"height":200,"srcset":"https:\/\/i0.wp.com\/sead-ev.de\/wp-content\/uploads\/2019\/04\/anhang1.jpg?resize=350%2C200&ssl=1 1x, https:\/\/i0.wp.com\/sead-ev.de\/wp-content\/uploads\/2019\/04\/anhang1.jpg?resize=525%2C300&ssl=1 1.5x, https:\/\/i0.wp.com\/sead-ev.de\/wp-content\/uploads\/2019\/04\/anhang1.jpg?resize=700%2C400&ssl=1 2x, https:\/\/i0.wp.com\/sead-ev.de\/wp-content\/uploads\/2019\/04\/anhang1.jpg?resize=1050%2C600&ssl=1 3x, https:\/\/i0.wp.com\/sead-ev.de\/wp-content\/uploads\/2019\/04\/anhang1.jpg?resize=1400%2C800&ssl=1 4x"},"classes":[]},{"id":141,"url":"https:\/\/sead-ev.de\/en\/sead\/schulbildung-und-stipendien","url_meta":{"origin":23,"position":1},"title":"Education","author":"Larissa Mayer","date":"29. March 2019","format":false,"excerpt":"\"Education is the most powerful weapon which you can use to change the world\u201d Nelson Mandela Bereits Mandela war sich schon der Bedeutung von Bildung f\u00fcr die bestehende Gesellschaft bewusst. Auch wir sehen in Bildung den Weg aus der Armut, zu mehr Frieden, Gerechtigkeit und einer nachhaltigen Welt. In den\u2026","rel":"","context":"Similar post","block_context":{"text":"Similar post","link":""},"img":{"alt_text":"","src":"https:\/\/i0.wp.com\/sead-ev.de\/wp-content\/uploads\/2019\/04\/56610374_588866138247452_6046759781727731712_n-227x300.jpg?resize=350%2C200&ssl=1","width":350,"height":200},"classes":[]},{"id":135,"url":"https:\/\/sead-ev.de\/en\/vorstellung-der-vereinsmitglieder","url_meta":{"origin":23,"position":2},"title":"Introduction of the members","author":"Larissa Mayer","date":"29. March 2019","format":false,"excerpt":"\u00a0Larissa Mayer, 1. Vorsitzende von SEAD\"If you think you are too small to make a difference try sleeping with a mosquito\" - Dalai LamaBereich: Vorstandsmitglied & ProjektkoordinationSo stelle ich mir die Zukunft von SEAD vor: Ich sehe gro\u00dfes Potential in den bereits laufenden Projekten zur Selbstversorgung des Good Shepherd Homes,\u2026","rel":"","context":"Similar post","block_context":{"text":"Similar post","link":""},"img":{"alt_text":"","src":"https:\/\/i0.wp.com\/sead-ev.de\/wp-content\/uploads\/2020\/12\/IMG_1096-2.jpg?resize=350%2C200&ssl=1","width":350,"height":200,"srcset":"https:\/\/i0.wp.com\/sead-ev.de\/wp-content\/uploads\/2020\/12\/IMG_1096-2.jpg?resize=350%2C200&ssl=1 1x, https:\/\/i0.wp.com\/sead-ev.de\/wp-content\/uploads\/2020\/12\/IMG_1096-2.jpg?resize=525%2C300&ssl=1 1.5x, https:\/\/i0.wp.com\/sead-ev.de\/wp-content\/uploads\/2020\/12\/IMG_1096-2.jpg?resize=700%2C400&ssl=1 2x"},"classes":[]},{"id":163,"url":"https:\/\/sead-ev.de\/en\/berichte","url_meta":{"origin":23,"position":3},"title":"Reports","author":"artur","date":"29. March 2019","format":false,"excerpt":"Was gibts Neues? Hier kannst Du erfahren, wie der aktuelle Stand im Good Shepher Home und Bamenda ist. Ob Erfahrungberichte, Projektupdates und Politisches zur Anglophonen Krise, auf unseren Blogeintr\u00e4gen sollst du die M\u00f6glichkeit bekommen einen besseren Einblick in die Strukturen den Good Shepherd Homes zu bekommen, sowie auch \u00fcber die\u2026","rel":"","context":"Similar post","block_context":{"text":"Similar post","link":""},"img":{"alt_text":"","src":"https:\/\/i0.wp.com\/sead-ev.de\/wp-content\/uploads\/2019\/04\/IMG_9960-1.jpg?resize=350%2C200&ssl=1","width":350,"height":200,"srcset":"https:\/\/i0.wp.com\/sead-ev.de\/wp-content\/uploads\/2019\/04\/IMG_9960-1.jpg?resize=350%2C200&ssl=1 1x, https:\/\/i0.wp.com\/sead-ev.de\/wp-content\/uploads\/2019\/04\/IMG_9960-1.jpg?resize=525%2C300&ssl=1 1.5x, https:\/\/i0.wp.com\/sead-ev.de\/wp-content\/uploads\/2019\/04\/IMG_9960-1.jpg?resize=700%2C400&ssl=1 2x, https:\/\/i0.wp.com\/sead-ev.de\/wp-content\/uploads\/2019\/04\/IMG_9960-1.jpg?resize=1050%2C600&ssl=1 3x, https:\/\/i0.wp.com\/sead-ev.de\/wp-content\/uploads\/2019\/04\/IMG_9960-1.jpg?resize=1400%2C800&ssl=1 4x"},"classes":[]},{"id":1953,"url":"https:\/\/sead-ev.de\/en\/newsletter-2","url_meta":{"origin":23,"position":4},"title":"Newsletter","author":"Larissa Mayer","date":"29. March 2022","format":false,"excerpt":"Die Ghostwriting -Preise variieren je nach Projektumfang. Dies kann die Menge an Forschungen, den Schreibstil und den Zeitrahmen f\u00fcr das Projekt umfassen.Der Preis kann auch von den Erfahrungen und F\u00e4higkeiten des ghostwriting preise Ghostwriter abh\u00e4ngen. Die erfahreneren Ghostwriter werden h\u00f6here Preise berechnen.Hausaufgaben sind eine der Hauptquellen f\u00fcr Stress und Unruhen\u2026","rel":"","context":"Similar post","block_context":{"text":"Similar post","link":""},"img":{"alt_text":"","src":"","width":0,"height":0},"classes":[]},{"id":65,"url":"https:\/\/sead-ev.de\/en\/unterstuetzung\/spenden","url_meta":{"origin":23,"position":5},"title":"Donate","author":"artur","date":"14. November 2018","format":false,"excerpt":"Um die Arbeit von SEAD zu erm\u00f6glichen, sind wir auf deine Spende angewiesen. Wichtig f\u00fcr Dich ist, dass deine Spende zu 100% zugunsten des Good Shepherd Homes verwendet wird. Eine Spendenbescheinigung bekommst Du am Ende des Jahres (bitte Adresse bei \u00dcberweisung angeben!). Mit 1\u20ac kann ein Kind in Kamerun schon\u2026","rel":"","context":"Similar post","block_context":{"text":"Similar post","link":""},"img":{"alt_text":"","src":"https:\/\/i0.wp.com\/sead-ev.de\/wp-content\/uploads\/2019\/04\/Unbenannt.jpg?resize=350%2C200&ssl=1","width":350,"height":200,"srcset":"https:\/\/i0.wp.com\/sead-ev.de\/wp-content\/uploads\/2019\/04\/Unbenannt.jpg?resize=350%2C200&ssl=1 1x, https:\/\/i0.wp.com\/sead-ev.de\/wp-content\/uploads\/2019\/04\/Unbenannt.jpg?resize=525%2C300&ssl=1 1.5x, https:\/\/i0.wp.com\/sead-ev.de\/wp-content\/uploads\/2019\/04\/Unbenannt.jpg?resize=700%2C400&ssl=1 2x"},"classes":[]}],"jetpack_sharing_enabled":true,"_links":{"self":[{"href":"https:\/\/sead-ev.de\/en\/wp-json\/wp\/v2\/pages\/23","targetHints":{"allow":["GET"]}}],"collection":[{"href":"https:\/\/sead-ev.de\/en\/wp-json\/wp\/v2\/pages"}],"about":[{"href":"https:\/\/sead-ev.de\/en\/wp-json\/wp\/v2\/types\/page"}],"author":[{"embeddable":true,"href":"https:\/\/sead-ev.de\/en\/wp-json\/wp\/v2\/users\/1"}],"replies":[{"embeddable":true,"href":"https:\/\/sead-ev.de\/en\/wp-json\/wp\/v2\/comments?post=23"}],"version-history":[{"count":12,"href":"https:\/\/sead-ev.de\/en\/wp-json\/wp\/v2\/pages\/23\/revisions"}],"predecessor-version":[{"id":1057,"href":"https:\/\/sead-ev.de\/en\/wp-json\/wp\/v2\/pages\/23\/revisions\/1057"}],"wp:featuredmedia":[{"embeddable":true,"href":"https:\/\/sead-ev.de\/en\/wp-json\/wp\/v2\/media\/688"}],"wp:attachment":[{"href":"https:\/\/sead-ev.de\/en\/wp-json\/wp\/v2\/media?parent=23"}],"curies":[{"name":"wp","href":"https:\/\/api.w.org\/{rel}","templated":true}]}}