{"id":19,"date":"2018-11-14T20:51:50","date_gmt":"2018-11-14T20:51:50","guid":{"rendered":"https:\/\/sead-ev.de\/?page_id=19"},"modified":"2020-04-14T13:11:41","modified_gmt":"2020-04-14T11:11:41","slug":"startseite","status":"publish","type":"page","link":"https:\/\/sead-ev.de\/en\/","title":{"rendered":"Startseite"},"content":{"rendered":"<div data-elementor-type=\"wp-post\" data-elementor-id=\"19\" class=\"elementor elementor-19\">\n\t\t\t\t\t\t<section class=\"elementor-section elementor-top-section elementor-element elementor-element-2d53c350 elementor-section-boxed elementor-section-height-default elementor-section-height-default\" data-id=\"2d53c350\" data-element_type=\"section\" data-e-type=\"section\">\n\t\t\t\t\t\t<div class=\"elementor-container elementor-column-gap-default\">\n\t\t\t\t\t<div class=\"elementor-column elementor-col-100 elementor-top-column elementor-element elementor-element-36747b76\" data-id=\"36747b76\" data-element_type=\"column\" data-e-type=\"column\">\n\t\t\t<div class=\"elementor-widget-wrap elementor-element-populated\">\n\t\t\t\t\t\t<div class=\"elementor-element elementor-element-1d7f60b elementor-widget elementor-widget-spacer\" data-id=\"1d7f60b\" data-element_type=\"widget\" data-e-type=\"widget\" data-widget_type=\"spacer.default\">\n\t\t\t\t<div class=\"elementor-widget-container\">\n\t\t\t\t\t\t\t<div class=\"elementor-spacer\">\n\t\t\t<div class=\"elementor-spacer-inner\"><\/div>\n\t\t<\/div>\n\t\t\t\t\t\t<\/div>\n\t\t\t\t<\/div>\n\t\t\t\t<div class=\"elementor-element elementor-element-677967f5 elementor-widget elementor-widget-text-editor\" data-id=\"677967f5\" data-element_type=\"widget\" data-e-type=\"widget\" data-widget_type=\"text-editor.default\">\n\t\t\t\t<div class=\"elementor-widget-container\">\n\t\t\t\t\t\t\t\t\t\n<p style=\"font-size:21px;text-align:center\">&#8222;Love is such a powerful instrument to make people feel at home&#8220;<\/p>\n\n\n\n<p style=\"text-align:center\" class=\"has-small-font-size\"><em>Sister Jane Mankaa, Gr\u00fcnderin des Good Shepherd Home<\/em><\/p>\n\n\n\n<div style=\"height:100px\" aria-hidden=\"true\" class=\"wp-block-spacer\"><\/div>\n\t\t\t\t\t\t\t\t<\/div>\n\t\t\t\t<\/div>\n\t\t\t\t\t<\/div>\n\t\t<\/div>\n\t\t\t\t\t<\/div>\n\t\t<\/section>\n\t\t\t\t<section class=\"elementor-section elementor-top-section elementor-element elementor-element-3f075b4 elementor-section-boxed elementor-section-height-default elementor-section-height-default\" data-id=\"3f075b4\" data-element_type=\"section\" data-e-type=\"section\">\n\t\t\t\t\t\t<div class=\"elementor-container elementor-column-gap-default\">\n\t\t\t\t\t<div class=\"elementor-column elementor-col-100 elementor-top-column elementor-element elementor-element-3d83a6c\" data-id=\"3d83a6c\" data-element_type=\"column\" data-e-type=\"column\">\n\t\t\t<div class=\"elementor-widget-wrap elementor-element-populated\">\n\t\t\t\t\t\t<div class=\"elementor-element elementor-element-70ac31d elementor-widget elementor-widget-heading\" data-id=\"70ac31d\" data-element_type=\"widget\" data-e-type=\"widget\" data-widget_type=\"heading.default\">\n\t\t\t\t<div class=\"elementor-widget-container\">\n\t\t\t\t\t<h2 class=\"elementor-heading-title elementor-size-default\">SEAD e.V.<\/h2>\t\t\t\t<\/div>\n\t\t\t\t<\/div>\n\t\t\t\t<div class=\"elementor-element elementor-element-9acec85 elementor-widget elementor-widget-image\" data-id=\"9acec85\" data-element_type=\"widget\" data-e-type=\"widget\" data-widget_type=\"image.default\">\n\t\t\t\t<div class=\"elementor-widget-container\">\n\t\t\t\t\t\t\t\t\t\t\t\t\t\t\t<img fetchpriority=\"high\" decoding=\"async\" data-attachment-id=\"232\" data-permalink=\"https:\/\/sead-ev.de\/en\/img_8174-2\" data-orig-file=\"https:\/\/sead-ev.de\/wp-content\/uploads\/2019\/03\/IMG_8174-2.jpg\" data-orig-size=\"4087,2724\" data-comments-opened=\"1\" data-image-meta=\"{&quot;aperture&quot;:&quot;9&quot;,&quot;credit&quot;:&quot;Photographer: Kevin Stiller&quot;,&quot;camera&quot;:&quot;Canon EOS 500D&quot;,&quot;caption&quot;:&quot;&quot;,&quot;created_timestamp&quot;:&quot;1552054288&quot;,&quot;copyright&quot;:&quot;&quot;,&quot;focal_length&quot;:&quot;55&quot;,&quot;iso&quot;:&quot;100&quot;,&quot;shutter_speed&quot;:&quot;0.00625&quot;,&quot;title&quot;:&quot;&quot;,&quot;orientation&quot;:&quot;1&quot;}\" data-image-title=\"above good shepherd home\" data-image-description=\"\" data-image-caption=\"\" data-medium-file=\"https:\/\/sead-ev.de\/wp-content\/uploads\/2019\/03\/IMG_8174-2-300x200.jpg\" data-large-file=\"https:\/\/sead-ev.de\/wp-content\/uploads\/2019\/03\/IMG_8174-2-1024x682.jpg\" width=\"644\" height=\"429\" src=\"https:\/\/sead-ev.de\/wp-content\/uploads\/2019\/03\/IMG_8174-2-1024x682.jpg\" class=\"attachment-large size-large wp-image-232\" alt=\"above good shepherd home\" srcset=\"https:\/\/sead-ev.de\/wp-content\/uploads\/2019\/03\/IMG_8174-2-1024x682.jpg 1024w, https:\/\/sead-ev.de\/wp-content\/uploads\/2019\/03\/IMG_8174-2-300x200.jpg 300w, https:\/\/sead-ev.de\/wp-content\/uploads\/2019\/03\/IMG_8174-2-768x512.jpg 768w\" sizes=\"100vw\" \/>\t\t\t\t\t\t\t\t\t\t\t\t\t\t\t<\/div>\n\t\t\t\t<\/div>\n\t\t\t\t<div class=\"elementor-element elementor-element-a41c22f elementor-widget elementor-widget-text-editor\" data-id=\"a41c22f\" data-element_type=\"widget\" data-e-type=\"widget\" data-widget_type=\"text-editor.default\">\n\t\t\t\t<div class=\"elementor-widget-container\">\n\t\t\t\t\t\t\t\t\t<p style=\"text-align: center;\">SEAD e.V. is a non-profit association which supports the orphanage \"Good Shepherd Home\" in Cameroon. Our main areas are \"Sustainability\", \"Education\", \"Agriculture\" and \"Development\". Through approaches of empowerment and \"help for self-help\", agricultural projects are being created and expanded. These projects aim at a sustainable development and self-sufficiency of the orphanage. We promote partnership-based development cooperation and intercultural exchange through cooperation on equal terms, workshops, events and project visits.<\/p>\n<p>\u00a0<\/p>\t\t\t\t\t\t\t\t<\/div>\n\t\t\t\t<\/div>\n\t\t\t\t\t<\/div>\n\t\t<\/div>\n\t\t\t\t\t<\/div>\n\t\t<\/section>\n\t\t\t\t<section class=\"elementor-section elementor-top-section elementor-element elementor-element-e354156 elementor-section-boxed elementor-section-height-default elementor-section-height-default\" data-id=\"e354156\" data-element_type=\"section\" data-e-type=\"section\">\n\t\t\t\t\t\t<div class=\"elementor-container elementor-column-gap-default\">\n\t\t\t\t\t<div class=\"elementor-column elementor-col-100 elementor-top-column elementor-element elementor-element-c3513f6\" data-id=\"c3513f6\" data-element_type=\"column\" data-e-type=\"column\">\n\t\t\t<div class=\"elementor-widget-wrap\">\n\t\t\t\t\t\t\t<\/div>\n\t\t<\/div>\n\t\t\t\t\t<\/div>\n\t\t<\/section>\n\t\t\t\t<\/div>","protected":false},"excerpt":{"rendered":"<p>&#8222;Love is such a powerful instrument to make people feel at home&#8220; Sister Jane Mankaa, Gr\u00fcnderin des Good Shepherd Home SEAD e.V. SEAD e.V. ist ein gemeinn\u00fctziger Verein, welcher das Waisenhaus &#8222;Good Shepherd Home&#8220; in Kamerun unterst\u00fctzt. Hauptbereiche sind dabei &#8222;Sustainability&#8220;, &#8222;Education&#8220;, &#8222;Agriculture&#8220; und &#8222;Development&#8220;. Durch Ans\u00e4tze von Empowerment und &#8222;Hilfe zur Selbsthilfe&#8220; sollen landwirtschaftliche &hellip; <\/p>\n<p class=\"link-more\"><a href=\"https:\/\/sead-ev.de\/en\/\" class=\"more-link\">Continue reading<span class=\"screen-reader-text\"> &#8222;Startseite&#8220;<\/span><\/a><\/p>","protected":false},"author":1,"featured_media":0,"parent":0,"menu_order":0,"comment_status":"closed","ping_status":"closed","template":"","meta":{"jetpack_post_was_ever_published":false,"footnotes":""},"class_list":["post-19","page","type-page","status-publish","hentry"],"yoast_head":"<!-- This site is optimized with the Yoast SEO plugin v27.3 - https:\/\/yoast.com\/product\/yoast-seo-wordpress\/ -->\n<title>Startseite - SEAD e.V. - Waisenhausprojekt in Kamerun<\/title>\n<meta name=\"description\" content=\"SEAD e.V. steht f\u00fcr nachhaltige Entwicklung in den Bereichen Bildung und Landwirtschaft in Kamerun. Daf\u00fcr arbeiten wir eng mit den Menschen vor Ort zusammen.\" \/>\n<meta name=\"robots\" content=\"index, follow, max-snippet:-1, max-image-preview:large, max-video-preview:-1\" \/>\n<link rel=\"canonical\" href=\"https:\/\/sead-ev.de\/en\/\" \/>\n<meta property=\"og:locale\" content=\"en_US\" \/>\n<meta property=\"og:type\" content=\"article\" \/>\n<meta property=\"og:title\" content=\"Startseite - SEAD e.V. - Waisenhausprojekt in Kamerun\" \/>\n<meta property=\"og:description\" content=\"SEAD e.V. steht f\u00fcr nachhaltige Entwicklung in den Bereichen Bildung und Landwirtschaft in Kamerun. Daf\u00fcr arbeiten wir eng mit den Menschen vor Ort zusammen.\" \/>\n<meta property=\"og:url\" content=\"https:\/\/sead-ev.de\/en\/\" \/>\n<meta property=\"og:site_name\" content=\"SEAD e.V. - Nachhaltige Entwicklung\" \/>\n<meta property=\"article:modified_time\" content=\"2020-04-14T11:11:41+00:00\" \/>\n<meta property=\"og:image\" content=\"https:\/\/sead-ev.de\/wp-content\/uploads\/2019\/03\/IMG_8174-2-1024x682.jpg\" \/>\n<meta name=\"twitter:card\" content=\"summary_large_image\" \/>\n<script type=\"application\/ld+json\" class=\"yoast-schema-graph\">{\"@context\":\"https:\\\/\\\/schema.org\",\"@graph\":[{\"@type\":\"WebPage\",\"@id\":\"https:\\\/\\\/sead-ev.de\\\/\",\"url\":\"https:\\\/\\\/sead-ev.de\\\/\",\"name\":\"Startseite - SEAD e.V. - Waisenhausprojekt in Kamerun\",\"isPartOf\":{\"@id\":\"https:\\\/\\\/sead-ev.de\\\/#website\"},\"primaryImageOfPage\":{\"@id\":\"https:\\\/\\\/sead-ev.de\\\/#primaryimage\"},\"image\":{\"@id\":\"https:\\\/\\\/sead-ev.de\\\/#primaryimage\"},\"thumbnailUrl\":\"https:\\\/\\\/sead-ev.de\\\/wp-content\\\/uploads\\\/2019\\\/03\\\/IMG_8174-2-1024x682.jpg\",\"datePublished\":\"2018-11-14T20:51:50+00:00\",\"dateModified\":\"2020-04-14T11:11:41+00:00\",\"description\":\"SEAD e.V. steht f\u00fcr nachhaltige Entwicklung in den Bereichen Bildung und Landwirtschaft in Kamerun. Daf\u00fcr arbeiten wir eng mit den Menschen vor Ort zusammen.\",\"breadcrumb\":{\"@id\":\"https:\\\/\\\/sead-ev.de\\\/#breadcrumb\"},\"inLanguage\":\"en-US\",\"potentialAction\":[{\"@type\":\"ReadAction\",\"target\":[\"https:\\\/\\\/sead-ev.de\\\/\"]}]},{\"@type\":\"ImageObject\",\"inLanguage\":\"en-US\",\"@id\":\"https:\\\/\\\/sead-ev.de\\\/#primaryimage\",\"url\":\"https:\\\/\\\/sead-ev.de\\\/wp-content\\\/uploads\\\/2019\\\/03\\\/IMG_8174-2-1024x682.jpg\",\"contentUrl\":\"https:\\\/\\\/sead-ev.de\\\/wp-content\\\/uploads\\\/2019\\\/03\\\/IMG_8174-2-1024x682.jpg\"},{\"@type\":\"BreadcrumbList\",\"@id\":\"https:\\\/\\\/sead-ev.de\\\/#breadcrumb\",\"itemListElement\":[{\"@type\":\"ListItem\",\"position\":1,\"name\":\"Startseite\",\"item\":\"https:\\\/\\\/sead-ev.de\\\/\"},{\"@type\":\"ListItem\",\"position\":2,\"name\":\"Startseite\"}]},{\"@type\":\"WebSite\",\"@id\":\"https:\\\/\\\/sead-ev.de\\\/#website\",\"url\":\"https:\\\/\\\/sead-ev.de\\\/\",\"name\":\"SEAD e.V - Entwicklungshilfe Kamerun\",\"description\":\"Sustainability - Education - Agriculture - Development\",\"publisher\":{\"@id\":\"https:\\\/\\\/sead-ev.de\\\/#organization\"},\"potentialAction\":[{\"@type\":\"SearchAction\",\"target\":{\"@type\":\"EntryPoint\",\"urlTemplate\":\"https:\\\/\\\/sead-ev.de\\\/?s={search_term_string}\"},\"query-input\":{\"@type\":\"PropertyValueSpecification\",\"valueRequired\":true,\"valueName\":\"search_term_string\"}}],\"inLanguage\":\"en-US\"},{\"@type\":\"Organization\",\"@id\":\"https:\\\/\\\/sead-ev.de\\\/#organization\",\"name\":\"sead e.V\",\"url\":\"https:\\\/\\\/sead-ev.de\\\/\",\"logo\":{\"@type\":\"ImageObject\",\"inLanguage\":\"en-US\",\"@id\":\"https:\\\/\\\/sead-ev.de\\\/#\\\/schema\\\/logo\\\/image\\\/\",\"url\":\"https:\\\/\\\/sead-ev.de\\\/wp-content\\\/uploads\\\/2019\\\/03\\\/cropped-SEAD_Logo-05-3.png\",\"contentUrl\":\"https:\\\/\\\/sead-ev.de\\\/wp-content\\\/uploads\\\/2019\\\/03\\\/cropped-SEAD_Logo-05-3.png\",\"width\":250,\"height\":250,\"caption\":\"sead e.V\"},\"image\":{\"@id\":\"https:\\\/\\\/sead-ev.de\\\/#\\\/schema\\\/logo\\\/image\\\/\"},\"sameAs\":[\"https:\\\/\\\/www.instagram.com\\\/sead_e.v\\\/\"]}]}<\/script>\n<!-- \/ Yoast SEO plugin. -->","yoast_head_json":{"title":"Startseite - SEAD e.V. - Waisenhausprojekt in Kamerun","description":"SEAD e.V. steht f\u00fcr nachhaltige Entwicklung in den Bereichen Bildung und Landwirtschaft in Kamerun. Daf\u00fcr arbeiten wir eng mit den Menschen vor Ort zusammen.","robots":{"index":"index","follow":"follow","max-snippet":"max-snippet:-1","max-image-preview":"max-image-preview:large","max-video-preview":"max-video-preview:-1"},"canonical":"https:\/\/sead-ev.de\/en\/","og_locale":"en_US","og_type":"article","og_title":"Startseite - SEAD e.V. - Waisenhausprojekt in Kamerun","og_description":"SEAD e.V. steht f\u00fcr nachhaltige Entwicklung in den Bereichen Bildung und Landwirtschaft in Kamerun. Daf\u00fcr arbeiten wir eng mit den Menschen vor Ort zusammen.","og_url":"https:\/\/sead-ev.de\/en\/","og_site_name":"SEAD e.V. - Nachhaltige Entwicklung","article_modified_time":"2020-04-14T11:11:41+00:00","og_image":[{"url":"https:\/\/sead-ev.de\/wp-content\/uploads\/2019\/03\/IMG_8174-2-1024x682.jpg","type":"","width":"","height":""}],"twitter_card":"summary_large_image","schema":{"@context":"https:\/\/schema.org","@graph":[{"@type":"WebPage","@id":"https:\/\/sead-ev.de\/","url":"https:\/\/sead-ev.de\/","name":"Startseite - SEAD e.V. - Waisenhausprojekt in Kamerun","isPartOf":{"@id":"https:\/\/sead-ev.de\/#website"},"primaryImageOfPage":{"@id":"https:\/\/sead-ev.de\/#primaryimage"},"image":{"@id":"https:\/\/sead-ev.de\/#primaryimage"},"thumbnailUrl":"https:\/\/sead-ev.de\/wp-content\/uploads\/2019\/03\/IMG_8174-2-1024x682.jpg","datePublished":"2018-11-14T20:51:50+00:00","dateModified":"2020-04-14T11:11:41+00:00","description":"SEAD e.V. steht f\u00fcr nachhaltige Entwicklung in den Bereichen Bildung und Landwirtschaft in Kamerun. Daf\u00fcr arbeiten wir eng mit den Menschen vor Ort zusammen.","breadcrumb":{"@id":"https:\/\/sead-ev.de\/#breadcrumb"},"inLanguage":"en-US","potentialAction":[{"@type":"ReadAction","target":["https:\/\/sead-ev.de\/"]}]},{"@type":"ImageObject","inLanguage":"en-US","@id":"https:\/\/sead-ev.de\/#primaryimage","url":"https:\/\/sead-ev.de\/wp-content\/uploads\/2019\/03\/IMG_8174-2-1024x682.jpg","contentUrl":"https:\/\/sead-ev.de\/wp-content\/uploads\/2019\/03\/IMG_8174-2-1024x682.jpg"},{"@type":"BreadcrumbList","@id":"https:\/\/sead-ev.de\/#breadcrumb","itemListElement":[{"@type":"ListItem","position":1,"name":"Startseite","item":"https:\/\/sead-ev.de\/"},{"@type":"ListItem","position":2,"name":"Startseite"}]},{"@type":"WebSite","@id":"https:\/\/sead-ev.de\/#website","url":"https:\/\/sead-ev.de\/","name":"SEAD e.V - Entwicklungshilfe Kamerun","description":"Sustainability - Education - Agriculture - Development","publisher":{"@id":"https:\/\/sead-ev.de\/#organization"},"potentialAction":[{"@type":"SearchAction","target":{"@type":"EntryPoint","urlTemplate":"https:\/\/sead-ev.de\/?s={search_term_string}"},"query-input":{"@type":"PropertyValueSpecification","valueRequired":true,"valueName":"search_term_string"}}],"inLanguage":"en-US"},{"@type":"Organization","@id":"https:\/\/sead-ev.de\/#organization","name":"sead e.V","url":"https:\/\/sead-ev.de\/","logo":{"@type":"ImageObject","inLanguage":"en-US","@id":"https:\/\/sead-ev.de\/#\/schema\/logo\/image\/","url":"https:\/\/sead-ev.de\/wp-content\/uploads\/2019\/03\/cropped-SEAD_Logo-05-3.png","contentUrl":"https:\/\/sead-ev.de\/wp-content\/uploads\/2019\/03\/cropped-SEAD_Logo-05-3.png","width":250,"height":250,"caption":"sead e.V"},"image":{"@id":"https:\/\/sead-ev.de\/#\/schema\/logo\/image\/"},"sameAs":["https:\/\/www.instagram.com\/sead_e.v\/"]}]}},"jetpack_shortlink":"https:\/\/wp.me\/PaxqgZ-j","jetpack-related-posts":[{"id":207,"url":"https:\/\/sead-ev.de\/en\/good-shepherd-home","url_meta":{"origin":19,"position":0},"title":"Good Shepherd Home","author":"artur","date":"29. March 2019","format":false,"excerpt":"Good Shepherd Home In Kamerun leben \u00fcber 1,200,000 Waisenkinder. 25% davon haben ihre Eltern aufgrund von Aids verloren und sind Aidswaisen. Viele der Kinder m\u00fcssen auf der Stra\u00dfe leben und sich um ihr t\u00e4gliches \u00dcberleben selbst k\u00fcmmern. Sister Jane Mankaa fand einige dieser Kinder auf der Stra\u00dfe und f\u00fchlte sich\u2026","rel":"","context":"Similar post","block_context":{"text":"Similar post","link":""},"img":{"alt_text":"","src":"https:\/\/i0.wp.com\/sead-ev.de\/wp-content\/uploads\/2019\/04\/56523196_348810632411994_4175103980063424512_n.jpg?resize=350%2C200&ssl=1","width":350,"height":200,"srcset":"https:\/\/i0.wp.com\/sead-ev.de\/wp-content\/uploads\/2019\/04\/56523196_348810632411994_4175103980063424512_n.jpg?resize=350%2C200&ssl=1 1x, https:\/\/i0.wp.com\/sead-ev.de\/wp-content\/uploads\/2019\/04\/56523196_348810632411994_4175103980063424512_n.jpg?resize=525%2C300&ssl=1 1.5x, https:\/\/i0.wp.com\/sead-ev.de\/wp-content\/uploads\/2019\/04\/56523196_348810632411994_4175103980063424512_n.jpg?resize=700%2C400&ssl=1 2x, https:\/\/i0.wp.com\/sead-ev.de\/wp-content\/uploads\/2019\/04\/56523196_348810632411994_4175103980063424512_n.jpg?resize=1050%2C600&ssl=1 3x, https:\/\/i0.wp.com\/sead-ev.de\/wp-content\/uploads\/2019\/04\/56523196_348810632411994_4175103980063424512_n.jpg?resize=1400%2C800&ssl=1 4x"},"classes":[]},{"id":163,"url":"https:\/\/sead-ev.de\/en\/berichte","url_meta":{"origin":19,"position":1},"title":"Reports","author":"artur","date":"29. March 2019","format":false,"excerpt":"Was gibts Neues? Hier kannst Du erfahren, wie der aktuelle Stand im Good Shepher Home und Bamenda ist. Ob Erfahrungberichte, Projektupdates und Politisches zur Anglophonen Krise, auf unseren Blogeintr\u00e4gen sollst du die M\u00f6glichkeit bekommen einen besseren Einblick in die Strukturen den Good Shepherd Homes zu bekommen, sowie auch \u00fcber die\u2026","rel":"","context":"Similar post","block_context":{"text":"Similar post","link":""},"img":{"alt_text":"","src":"https:\/\/i0.wp.com\/sead-ev.de\/wp-content\/uploads\/2019\/04\/IMG_9960-1.jpg?resize=350%2C200&ssl=1","width":350,"height":200,"srcset":"https:\/\/i0.wp.com\/sead-ev.de\/wp-content\/uploads\/2019\/04\/IMG_9960-1.jpg?resize=350%2C200&ssl=1 1x, https:\/\/i0.wp.com\/sead-ev.de\/wp-content\/uploads\/2019\/04\/IMG_9960-1.jpg?resize=525%2C300&ssl=1 1.5x, https:\/\/i0.wp.com\/sead-ev.de\/wp-content\/uploads\/2019\/04\/IMG_9960-1.jpg?resize=700%2C400&ssl=1 2x, https:\/\/i0.wp.com\/sead-ev.de\/wp-content\/uploads\/2019\/04\/IMG_9960-1.jpg?resize=1050%2C600&ssl=1 3x, https:\/\/i0.wp.com\/sead-ev.de\/wp-content\/uploads\/2019\/04\/IMG_9960-1.jpg?resize=1400%2C800&ssl=1 4x"},"classes":[]},{"id":38,"url":"https:\/\/sead-ev.de\/en\/sead\/chickenfarm","url_meta":{"origin":19,"position":2},"title":"Chicken farm","author":"artur","date":"14. November 2018","format":false,"excerpt":"H\u00fchnerfarm Die H\u00fchnerzucht des Good Shepherd Homes z\u00e4hlt zu den Gr\u00f6\u00dften in der Region Bamendas. Jedes Jahr im September werden an die 15000 K\u00fcken gekauft, welche dann im Dezember, zur Weihnachtszeit, verkauft werden. Die Anzahl der K\u00fcken h\u00e4ngt jedoch stark von der politischen Situation in Kamerun ab und muss der\u2026","rel":"","context":"Similar post","block_context":{"text":"Similar post","link":""},"img":{"alt_text":"","src":"https:\/\/i0.wp.com\/sead-ev.de\/wp-content\/uploads\/2019\/04\/56764364_2399112336806876_4594291241964797952_n.jpg?resize=350%2C200&ssl=1","width":350,"height":200,"srcset":"https:\/\/i0.wp.com\/sead-ev.de\/wp-content\/uploads\/2019\/04\/56764364_2399112336806876_4594291241964797952_n.jpg?resize=350%2C200&ssl=1 1x, https:\/\/i0.wp.com\/sead-ev.de\/wp-content\/uploads\/2019\/04\/56764364_2399112336806876_4594291241964797952_n.jpg?resize=525%2C300&ssl=1 1.5x, https:\/\/i0.wp.com\/sead-ev.de\/wp-content\/uploads\/2019\/04\/56764364_2399112336806876_4594291241964797952_n.jpg?resize=700%2C400&ssl=1 2x"},"classes":[]},{"id":40,"url":"https:\/\/sead-ev.de\/en\/sead\/agrar","url_meta":{"origin":19,"position":3},"title":"Agriculture","author":"artur","date":"14. November 2018","format":false,"excerpt":"Landwirtschaft Das Good Shepherd Home besitzt vier Felder im Umkreis von Bamenda mit einer gesamten Fl\u00e4che von 24 Hektar Land. Die gr\u00f6\u00dfte landwirtschaftsbetriebene Farm befindet sich in Bafut, einem kleinen Dorf, au\u00dferhalb von Bamenda. Hier werden Kochbananen, Casava, Tomaten, Kartoffeln, Bohnen, Mais, Wassermelonen und verschiedene Gem\u00fcsesorten angebaut, welche das komplette\u2026","rel":"","context":"Similar post","block_context":{"text":"Similar post","link":""},"img":{"alt_text":"","src":"https:\/\/i0.wp.com\/sead-ev.de\/wp-content\/uploads\/2019\/04\/56627434_3048026421877799_9179417152568950784_n-2.jpg?resize=350%2C200&ssl=1","width":350,"height":200},"classes":[]},{"id":143,"url":"https:\/\/sead-ev.de\/en\/sead\/wasserprojekt","url_meta":{"origin":19,"position":4},"title":"Water Project","author":"Larissa Mayer","date":"29. March 2019","format":false,"excerpt":"Wasserprojekt Das Menschenrecht auf Wasser und Sanit\u00e4t wurde im Juli 2010 deklariert. Der Zugang zu sauberem Trinkwasser ist immer noch f\u00fcr 44% der Bev\u00f6lkerung in D\u00f6rfern in Kamerun problematisch und f\u00fchrt zu Krankheiten sowie auch Todesf\u00e4llen. Oftmals muss ein langer Weg zur\u00fcckgelegt werden, um an einen Brunnen zu gelangen. Besonders\u2026","rel":"","context":"Similar post","block_context":{"text":"Similar post","link":""},"img":{"alt_text":"","src":"https:\/\/i0.wp.com\/sead-ev.de\/wp-content\/uploads\/2019\/04\/57006234_2293322167610578_3666708018336104448_n.jpg?resize=350%2C200&ssl=1","width":350,"height":200,"srcset":"https:\/\/i0.wp.com\/sead-ev.de\/wp-content\/uploads\/2019\/04\/57006234_2293322167610578_3666708018336104448_n.jpg?resize=350%2C200&ssl=1 1x, https:\/\/i0.wp.com\/sead-ev.de\/wp-content\/uploads\/2019\/04\/57006234_2293322167610578_3666708018336104448_n.jpg?resize=525%2C300&ssl=1 1.5x, https:\/\/i0.wp.com\/sead-ev.de\/wp-content\/uploads\/2019\/04\/57006234_2293322167610578_3666708018336104448_n.jpg?resize=700%2C400&ssl=1 2x"},"classes":[]},{"id":146,"url":"https:\/\/sead-ev.de\/en\/sead\/schweinezucht","url_meta":{"origin":19,"position":5},"title":"Pig breeding","author":"Larissa Mayer","date":"29. March 2019","format":false,"excerpt":"Schweinezucht Unter den verschiedenen Tierarten z\u00e4hlt die Schweinezucht in Kamerun zu der wichtigsten Quelle der Fleischproduktion, direkt nach den Masth\u00fchnern. Traditionell gesehen war sie schon fr\u00fcher eines der wichtigsten Berufsfelder im Nordwesten Kameruns. Heute ist sie fester Bestandteil im kommerziellen Markt. Die Schweinezucht f\u00fcr die Fleischproduktion und der Verkauf von\u2026","rel":"","context":"Similar post","block_context":{"text":"Similar post","link":""},"img":{"alt_text":"","src":"https:\/\/i0.wp.com\/sead-ev.de\/wp-content\/uploads\/2019\/04\/57186072_389267001911946_4209239396584521728_n.jpg?resize=350%2C200&ssl=1","width":350,"height":200,"srcset":"https:\/\/i0.wp.com\/sead-ev.de\/wp-content\/uploads\/2019\/04\/57186072_389267001911946_4209239396584521728_n.jpg?resize=350%2C200&ssl=1 1x, https:\/\/i0.wp.com\/sead-ev.de\/wp-content\/uploads\/2019\/04\/57186072_389267001911946_4209239396584521728_n.jpg?resize=525%2C300&ssl=1 1.5x, https:\/\/i0.wp.com\/sead-ev.de\/wp-content\/uploads\/2019\/04\/57186072_389267001911946_4209239396584521728_n.jpg?resize=700%2C400&ssl=1 2x"},"classes":[]}],"jetpack_sharing_enabled":true,"_links":{"self":[{"href":"https:\/\/sead-ev.de\/en\/wp-json\/wp\/v2\/pages\/19","targetHints":{"allow":["GET"]}}],"collection":[{"href":"https:\/\/sead-ev.de\/en\/wp-json\/wp\/v2\/pages"}],"about":[{"href":"https:\/\/sead-ev.de\/en\/wp-json\/wp\/v2\/types\/page"}],"author":[{"embeddable":true,"href":"https:\/\/sead-ev.de\/en\/wp-json\/wp\/v2\/users\/1"}],"replies":[{"embeddable":true,"href":"https:\/\/sead-ev.de\/en\/wp-json\/wp\/v2\/comments?post=19"}],"version-history":[{"count":54,"href":"https:\/\/sead-ev.de\/en\/wp-json\/wp\/v2\/pages\/19\/revisions"}],"predecessor-version":[{"id":1464,"href":"https:\/\/sead-ev.de\/en\/wp-json\/wp\/v2\/pages\/19\/revisions\/1464"}],"wp:attachment":[{"href":"https:\/\/sead-ev.de\/en\/wp-json\/wp\/v2\/media?parent=19"}],"curies":[{"name":"wp","href":"https:\/\/api.w.org\/{rel}","templated":true}]}}