{"id":163,"date":"2019-03-29T10:36:51","date_gmt":"2019-03-29T09:36:51","guid":{"rendered":"https:\/\/sead-ev.de\/?page_id=163"},"modified":"2022-03-23T13:59:12","modified_gmt":"2022-03-23T12:59:12","slug":"berichte","status":"publish","type":"page","link":"https:\/\/sead-ev.de\/en\/berichte","title":{"rendered":"Reports"},"content":{"rendered":"<div data-elementor-type=\"wp-post\" data-elementor-id=\"163\" class=\"elementor elementor-163\">\n\t\t\t\t\t\t<section class=\"elementor-section elementor-top-section elementor-element elementor-element-ba1f416 elementor-section-boxed elementor-section-height-default elementor-section-height-default\" data-id=\"ba1f416\" data-element_type=\"section\" data-e-type=\"section\">\n\t\t\t\t\t\t<div class=\"elementor-container elementor-column-gap-default\">\n\t\t\t\t\t<div class=\"elementor-column elementor-col-100 elementor-top-column elementor-element elementor-element-5a8bd22b\" data-id=\"5a8bd22b\" data-element_type=\"column\" data-e-type=\"column\">\n\t\t\t<div class=\"elementor-widget-wrap elementor-element-populated\">\n\t\t\t\t\t\t<div class=\"elementor-element elementor-element-420f37d7 elementor-widget elementor-widget-text-editor\" data-id=\"420f37d7\" data-element_type=\"widget\" data-e-type=\"widget\" data-widget_type=\"text-editor.default\">\n\t\t\t\t<div class=\"elementor-widget-container\">\n\t\t\t\t\t\t\t\t\t<p><\/p>\n<p><span style=\"color: #000000;\">What's the news?<\/span><\/p>\n<p><span style=\"color: #000000;\"><\/span><\/p>\n<p><span style=\"color: #000000;\"><\/span><\/p>\n<p><span style=\"color: #000000;\">Here you can read about the current state of affairs at the Good Shepherd Home and Bamenda.<\/span><\/p>\n<p><span style=\"color: #000000;\"><\/span><\/p>\n<p><span style=\"color: #000000;\"><\/span><\/p>\n<p><span style=\"color: #000000;\">Whether it's experience reports, project updates, or political information about the Anglophone crisis, our blog entries should give you the opportunity to get a better insight into the structures of the Good Shepherd Homes, as well as the current political situation in Cameroon.<\/span><\/p>\n<p><span style=\"color: #000000;\"><\/span><\/p>\n<p><span style=\"color: #000000;\"><\/span><\/p>\n<p><span style=\"color: #000000;\">Have fun browsing :)<\/span><\/p>\n<p><span style=\"color: #000000;\">\u00a0<\/span><\/p>\n<p>\t\t\t\t\t\t\t\t\n\t\t\t\t\n\t\t\t\t<div class=\"elementor-element elementor-element-42540b3 elementor-widget elementor-widget-heading\" data-id=\"42540b3\" data-element_type=\"widget\" data-e-type=\"widget\" data-widget_type=\"heading.default\">\n\t\t\t\t<div class=\"elementor-widget-container\">\n\t\t\t\t\t<h4 class=\"elementor-heading-title elementor-size-large\"><a href=\"https:\/\/www.keb-sha.de\/index.php?id=veranstaltungsdetails0&amp;no_cache=1&amp;tx_news_pi1%5Bnews%5D=477&amp;tx_news_pi1%5Bcontroller%5D=News&amp;tx_news_pi1%5Baction%5D=detail&amp;cHash=46b2abb0628e1c208fa7bff53522e710\">Online-Vortrag und Gespr\u00e4ch - Zwischen Crailsheim und Kamerun. Wenn Visionen zu Taten werden<\/a><\/h4>\t\t\t\t<\/div>\n\t\t\t\t<\/div>\n\t\t\t\t<div class=\"elementor-element elementor-element-be0c725 elementor-widget elementor-widget-image\" data-id=\"be0c725\" data-element_type=\"widget\" data-e-type=\"widget\" data-widget_type=\"image.default\">\n\t\t\t\t<div class=\"elementor-widget-container\">\n\t\t\t\t\t\t\t\t\t\t\t\t\t\t\t<img fetchpriority=\"high\" decoding=\"async\" data-attachment-id=\"1841\" data-permalink=\"https:\/\/sead-ev.de\/en\/berichte\/_dsc1663\" data-orig-file=\"https:\/\/sead-ev.de\/wp-content\/uploads\/2021\/02\/DSC1663-scaled.jpg\" data-orig-size=\"2560,1707\" data-comments-opened=\"1\" data-image-meta=\"{&quot;aperture&quot;:&quot;2&quot;,&quot;credit&quot;:&quot;&quot;,&quot;camera&quot;:&quot;ILCE-7M3&quot;,&quot;caption&quot;:&quot;&quot;,&quot;created_timestamp&quot;:&quot;1604562813&quot;,&quot;copyright&quot;:&quot;&quot;,&quot;focal_length&quot;:&quot;35&quot;,&quot;iso&quot;:&quot;200&quot;,&quot;shutter_speed&quot;:&quot;0.0008&quot;,&quot;title&quot;:&quot;&quot;,&quot;orientation&quot;:&quot;1&quot;}\" data-image-title=\"_DSC1663\" data-image-description=\"\" data-image-caption=\"\" data-large-file=\"https:\/\/sead-ev.de\/wp-content\/uploads\/2021\/02\/DSC1663-1024x683.jpg\" width=\"300\" height=\"200\" src=\"https:\/\/sead-ev.de\/wp-content\/uploads\/2021\/02\/DSC1663-300x200.jpg\" class=\"attachment-medium size-medium wp-image-1841\" alt=\"\" srcset=\"https:\/\/sead-ev.de\/wp-content\/uploads\/2021\/02\/DSC1663-300x200.jpg 300w, https:\/\/sead-ev.de\/wp-content\/uploads\/2021\/02\/DSC1663-1024x683.jpg 1024w, https:\/\/sead-ev.de\/wp-content\/uploads\/2021\/02\/DSC1663-768x512.jpg 768w, https:\/\/sead-ev.de\/wp-content\/uploads\/2021\/02\/DSC1663-1536x1024.jpg 1536w, https:\/\/sead-ev.de\/wp-content\/uploads\/2021\/02\/DSC1663-2048x1365.jpg 2048w, https:\/\/sead-ev.de\/wp-content\/uploads\/2021\/02\/DSC1663-16x12.jpg 16w\" sizes=\"100vw\">\t\t\t\t\t\t\t\t\t\t\t\t\t\t\t<\/div>\n\t\t\t\t<\/div>\n\t\t\t\t<div class=\"elementor-element elementor-element-2c10999 elementor-widget elementor-widget-text-editor\" data-id=\"2c10999\" data-element_type=\"widget\" data-e-type=\"widget\" data-widget_type=\"text-editor.default\">\n\t\t\t\t<div class=\"elementor-widget-container\">\n\t\t\t\t\t\t\t\t\t<p>Wir werden am 22. April 2021 um 19.30 Uhr einen Online-Vortrag zu unserer Vereinsgr\u00fcndung und Motivation von SEAD e.V. geben. Ebenso teilen wir mit euch spannende und kritische Einblicke in die Entwicklungszusammenarbeit und unsere Partnerschaft mit dem Waisenhaus \u201eGood Shepherd Home\u201c. Meldet euch bei der Katholischen Erwachsenbildung kreis Schw\u00e4bisch Hall e.V. unter folgendem Link an:<\/p>\t\t\t\t\t\t\t\t<\/div>\n\t\t\t\t<\/div>\n\t\t\t\t<div class=\"elementor-element elementor-element-8cb9771 elementor-widget elementor-widget-text-editor\" data-id=\"8cb9771\" data-element_type=\"widget\" data-e-type=\"widget\" data-widget_type=\"text-editor.default\">\n\t\t\t\t<div class=\"elementor-widget-container\">\n\t\t\t\t\t\t\t\t\t<p>Wir freuen uns auf euch:)<\/p><p><br><\/p>\t\t\t\t\t\t\t\t<\/div>\n\t\t\t\t<\/div>\n\t\t\t\t\t\n\t\t\n\t\t\t\t\t\n\t\t\n\t\t\t\t<section class=\"elementor-section elementor-top-section elementor-element elementor-element-80c73b6 elementor-section-boxed elementor-section-height-default elementor-section-height-default\" data-id=\"80c73b6\" data-element_type=\"section\" data-e-type=\"section\">\n\t\t\t\t\t\t<div class=\"elementor-container elementor-column-gap-default\">\n\t\t\t\t\t<div class=\"elementor-column elementor-col-100 elementor-top-column elementor-element elementor-element-46030f8\" data-id=\"46030f8\" data-element_type=\"column\" data-e-type=\"column\">\n\t\t\t<div class=\"elementor-widget-wrap elementor-element-populated\">\n\t\t\t\t\t\t<div class=\"elementor-element elementor-element-84b9fa0 elementor-widget elementor-widget-heading\" data-id=\"84b9fa0\" data-element_type=\"widget\" data-e-type=\"widget\" data-widget_type=\"heading.default\">\n\t\t\t\t<div class=\"elementor-widget-container\">\n\t\t\t\t\t<h2 class=\"elementor-heading-title elementor-size-default\"><br><br>Overviwe of the anglophone crisis in Cameroon<\/h2>\t\t\t\t<\/div>\n\t\t\t\t<\/div>\n\t\t\t\t<div class=\"embed-privacy-container is-disabled embed-youtube\" data-embed-id=\"oembed_00d3cc2ef22f54a4f84312d3c9443e80\" data-embed-provider=\"youtube\">\n\t\t\t\t\t\t<button type=\"button\" class=\"embed-privacy-enable screen-reader-text\">Display content from YouTube<\/button>\n\t\t\t\n\t\t\t<div class=\"embed-privacy-overlay\">\n\t\t\t\t<div class=\"embed-privacy-inner\">\n\t\t\t\t\t<div class=\"embed-privacy-logo\" style=\"background-image: url(https:\/\/sead-ev.de\/wp-content\/plugins\/embed-privacy\/assets\/images\/embed-youtube.png?ver=1.12.3);\"><\/div>\n\t\t<p>\n\t\tClick here to display content from YouTube.\n\t\t\t\t\t<br>\n\t\t\t\t\tLearn more in <a href=\"https:\/\/policies.google.com\/privacy?hl=en\" target=\"_blank\">YouTube\u2019s privacy policy<\/a>.\t\t<\/p>\n\t\t<p class=\"embed-privacy-input-wrapper\">\n\t\t\t<input id=\"embed-privacy-store-youtube-00d3cc2ef22f54a4f84312d3c9443e80\" type=\"checkbox\" value=\"1\" class=\"embed-privacy-input\" data-embed-provider=\"youtube\">\n\t\t\t<label for=\"embed-privacy-store-youtube-00d3cc2ef22f54a4f84312d3c9443e80\" class=\"embed-privacy-label\" data-embed-provider=\"youtube\">\n\t\t\t\tAlways display content from YouTube\t\t\t<\/label>\n\t\t<\/p>\n\t\t\n\t\t\t\t<\/div>\n\t\t\t\t\n\t\t\t\t<div class=\"embed-privacy-footer\"><span class=\"embed-privacy-url\"><a href=\"https:\/\/www.youtube.com\/watch?v=YwQ6gVEg1yY&amp;has_verified=1\">Open video directly<\/a><\/span><\/div>\n\t\t\t<\/div>\n\t\t\t\n\t\t\t<div class=\"embed-privacy-content\">\n\t\t\t\t<script>var _oembed_00d3cc2ef22f54a4f84312d3c9443e80 = '{\\\"embed\\\":\\\"&lt;div class=&quot;elementor-element elementor-element-742b57c elementor-widget elementor-widget-video&quot; data-id=&quot;742b57c&quot; data-element_type=&quot;widget&quot; data-e-type=&quot;widget&quot; data-settings=\\'{&quot;youtube_url&quot;:&quot;https:\\\\\\\\\\\\\/\\\\\\\\\\\\\/www.youtube-nocookie.com\\\\\\\\\\\\\/watch?v=YwQ6gVEg1yY&amp;amp;has_verified=1&quot;,&quot;video_type&quot;:&quot;youtube&quot;,&quot;controls&quot;:&quot;yes&quot;}\\' data-widget_type=&quot;video.default&quot;&gt; &lt;div class=&quot;elementor-widget-container&quot;&gt; &lt;div class=&quot;elementor-wrapper elementor-open-inline&quot;&gt; &lt;div class=&quot;elementor-video&quot;&gt;&lt;\\\\\/div&gt; &lt;\\\\\/div&gt; &lt;\\\\\/div&gt; &lt;\\\\\/div&gt;\\\"}';<\/script>\n\t\t\t<\/div>\n\t\t<\/div>\n\t\t\t\t\t<\/div>\n\t\t<\/div>\n\t\t\t\t\t<\/div>\n\t\t<\/section>\n\t\t\t\t<section class=\"elementor-section elementor-top-section elementor-element elementor-element-be8e209 elementor-section-boxed elementor-section-height-default elementor-section-height-default\" data-id=\"be8e209\" data-element_type=\"section\" data-e-type=\"section\">\n\t\t\t\t\t\t<div class=\"elementor-container elementor-column-gap-default\">\n\t\t\t\t\t<div class=\"elementor-column elementor-col-100 elementor-top-column elementor-element elementor-element-97a2cba\" data-id=\"97a2cba\" data-element_type=\"column\" data-e-type=\"column\">\n\t\t\t<div class=\"elementor-widget-wrap elementor-element-populated\">\n\t\t\t\t\t\t<div class=\"elementor-element elementor-element-ec9b47c elementor-widget elementor-widget-text-editor\" data-id=\"ec9b47c\" data-element_type=\"widget\" data-e-type=\"widget\" data-widget_type=\"text-editor.default\">\n\t\t\t\t<div class=\"elementor-widget-container\">\n\t\t\t\t\t\t\t\t\t<p style=\"text-align: center;\">\u00a0<\/p>\n<p style=\"text-align: center;\"><strong><span style=\"color: #000000;\">For more information click here:<\/span><\/strong><\/p>\t\t\t\t\t\t\t\t<\/div>\n\t\t\t\t<\/div>\n\t\t\t\t<div class=\"elementor-element elementor-element-9b19d57 elementor-widget elementor-widget-heading\" data-id=\"9b19d57\" data-element_type=\"widget\" data-e-type=\"widget\" data-widget_type=\"heading.default\">\n\t\t\t\t<div class=\"elementor-widget-container\">\n\t\t\t\t\t<h2 class=\"elementor-heading-title elementor-size-small\"><a href=\"https:\/\/www.hrw.org\/world-report\/2019\/country-chapters\/cameroon\" target=\"_blank\">https:\/\/www.hrw.org\/world-report\/2019\/country-chapters\/cameroon<br><\/a><\/h2>\t\t\t\t<\/div>\n\t\t\t\t<\/div>\n\t\t\t\t\t<\/div>\n\t\t<\/div>\n\t\t\t\t\t<\/div>\n\t\t<\/section>\n\t\t\t\t<\/div>","protected":false},"excerpt":{"rendered":"<p>Was gibts Neues? Hier kannst Du erfahren, wie der aktuelle Stand im Good Shepher Home und Bamenda ist. Ob Erfahrungberichte, Projektupdates und Politisches zur Anglophonen Krise, auf unseren Blogeintr\u00e4gen sollst du die M\u00f6glichkeit bekommen einen besseren Einblick in die Strukturen den Good Shepherd Homes zu bekommen, sowie auch \u00fcber die momentane politische Lage in Kamerun. &hellip; <\/p>\n<p class=\"link-more\"><a href=\"https:\/\/sead-ev.de\/en\/berichte\" class=\"more-link\">Continue reading<span class=\"screen-reader-text\"> &#8222;Berichte&#8220;<\/span><\/a><\/p>","protected":false},"author":1,"featured_media":693,"parent":0,"menu_order":0,"comment_status":"closed","ping_status":"closed","template":"","meta":{"jetpack_post_was_ever_published":false,"footnotes":""},"class_list":["post-163","page","type-page","status-publish","has-post-thumbnail","hentry"],"yoast_head":"<!-- This site is optimized with the Yoast SEO plugin v27.4 - https:\/\/yoast.com\/product\/yoast-seo-wordpress\/ -->\n<title>Berichte - SEAD e.V. - Nachhaltige Entwicklung<\/title>\n<meta name=\"robots\" content=\"index, follow, max-snippet:-1, max-image-preview:large, max-video-preview:-1\" \/>\n<link rel=\"canonical\" href=\"https:\/\/sead-ev.de\/en\/berichte\/\" \/>\n<meta property=\"og:locale\" content=\"en_US\" \/>\n<meta property=\"og:type\" content=\"article\" \/>\n<meta property=\"og:title\" content=\"Berichte - SEAD e.V. - Nachhaltige Entwicklung\" \/>\n<meta property=\"og:description\" content=\"Was gibts Neues? Hier kannst Du erfahren, wie der aktuelle Stand im Good Shepher Home und Bamenda ist. Ob Erfahrungberichte, Projektupdates und Politisches zur Anglophonen Krise, auf unseren Blogeintr\u00e4gen sollst du die M\u00f6glichkeit bekommen einen besseren Einblick in die Strukturen den Good Shepherd Homes zu bekommen, sowie auch \u00fcber die momentane politische Lage in Kamerun. &hellip; Continue reading &quot;Berichte&quot;\" \/>\n<meta property=\"og:url\" content=\"https:\/\/sead-ev.de\/en\/berichte\/\" \/>\n<meta property=\"og:site_name\" content=\"SEAD e.V. - Nachhaltige Entwicklung\" \/>\n<meta property=\"article:modified_time\" content=\"2022-03-23T12:59:12+00:00\" \/>\n<meta property=\"og:image\" content=\"https:\/\/sead-ev.de\/wp-content\/uploads\/2019\/04\/IMG_9960-1-1024x683.jpg\" \/>\n\t<meta property=\"og:image:width\" content=\"1024\" \/>\n\t<meta property=\"og:image:height\" content=\"683\" \/>\n\t<meta property=\"og:image:type\" content=\"image\/jpeg\" \/>\n<meta name=\"twitter:card\" content=\"summary_large_image\" \/>\n<meta name=\"twitter:label1\" content=\"Est. reading time\" \/>\n\t<meta name=\"twitter:data1\" content=\"2 minutes\" \/>\n<script type=\"application\/ld+json\" class=\"yoast-schema-graph\">{\"@context\":\"https:\\\/\\\/schema.org\",\"@graph\":[{\"@type\":\"WebPage\",\"@id\":\"https:\\\/\\\/sead-ev.de\\\/berichte\",\"url\":\"https:\\\/\\\/sead-ev.de\\\/berichte\",\"name\":\"Berichte - SEAD e.V. - Nachhaltige Entwicklung\",\"isPartOf\":{\"@id\":\"https:\\\/\\\/sead-ev.de\\\/#website\"},\"primaryImageOfPage\":{\"@id\":\"https:\\\/\\\/sead-ev.de\\\/berichte#primaryimage\"},\"image\":{\"@id\":\"https:\\\/\\\/sead-ev.de\\\/berichte#primaryimage\"},\"thumbnailUrl\":\"https:\\\/\\\/sead-ev.de\\\/wp-content\\\/uploads\\\/2019\\\/04\\\/IMG_9960-1.jpg\",\"datePublished\":\"2019-03-29T09:36:51+00:00\",\"dateModified\":\"2022-03-23T12:59:12+00:00\",\"breadcrumb\":{\"@id\":\"https:\\\/\\\/sead-ev.de\\\/berichte#breadcrumb\"},\"inLanguage\":\"en-US\",\"potentialAction\":[{\"@type\":\"ReadAction\",\"target\":[\"https:\\\/\\\/sead-ev.de\\\/berichte\"]}]},{\"@type\":\"ImageObject\",\"inLanguage\":\"en-US\",\"@id\":\"https:\\\/\\\/sead-ev.de\\\/berichte#primaryimage\",\"url\":\"https:\\\/\\\/sead-ev.de\\\/wp-content\\\/uploads\\\/2019\\\/04\\\/IMG_9960-1.jpg\",\"contentUrl\":\"https:\\\/\\\/sead-ev.de\\\/wp-content\\\/uploads\\\/2019\\\/04\\\/IMG_9960-1.jpg\",\"width\":3456,\"height\":2304},{\"@type\":\"BreadcrumbList\",\"@id\":\"https:\\\/\\\/sead-ev.de\\\/berichte#breadcrumb\",\"itemListElement\":[{\"@type\":\"ListItem\",\"position\":1,\"name\":\"Startseite\",\"item\":\"https:\\\/\\\/sead-ev.de\\\/\"},{\"@type\":\"ListItem\",\"position\":2,\"name\":\"Berichte\"}]},{\"@type\":\"WebSite\",\"@id\":\"https:\\\/\\\/sead-ev.de\\\/#website\",\"url\":\"https:\\\/\\\/sead-ev.de\\\/\",\"name\":\"SEAD e.V - Entwicklungshilfe Kamerun\",\"description\":\"Sustainability - Education - Agriculture - Development\",\"publisher\":{\"@id\":\"https:\\\/\\\/sead-ev.de\\\/#organization\"},\"potentialAction\":[{\"@type\":\"SearchAction\",\"target\":{\"@type\":\"EntryPoint\",\"urlTemplate\":\"https:\\\/\\\/sead-ev.de\\\/?s={search_term_string}\"},\"query-input\":{\"@type\":\"PropertyValueSpecification\",\"valueRequired\":true,\"valueName\":\"search_term_string\"}}],\"inLanguage\":\"en-US\"},{\"@type\":\"Organization\",\"@id\":\"https:\\\/\\\/sead-ev.de\\\/#organization\",\"name\":\"sead e.V\",\"url\":\"https:\\\/\\\/sead-ev.de\\\/\",\"logo\":{\"@type\":\"ImageObject\",\"inLanguage\":\"en-US\",\"@id\":\"https:\\\/\\\/sead-ev.de\\\/#\\\/schema\\\/logo\\\/image\\\/\",\"url\":\"https:\\\/\\\/sead-ev.de\\\/wp-content\\\/uploads\\\/2019\\\/03\\\/cropped-SEAD_Logo-05-3.png\",\"contentUrl\":\"https:\\\/\\\/sead-ev.de\\\/wp-content\\\/uploads\\\/2019\\\/03\\\/cropped-SEAD_Logo-05-3.png\",\"width\":250,\"height\":250,\"caption\":\"sead e.V\"},\"image\":{\"@id\":\"https:\\\/\\\/sead-ev.de\\\/#\\\/schema\\\/logo\\\/image\\\/\"},\"sameAs\":[\"https:\\\/\\\/www.instagram.com\\\/sead_e.v\\\/\"]}]}<\/script>\n<!-- \/ Yoast SEO plugin. -->","yoast_head_json":{"title":"Berichte - SEAD e.V. - Nachhaltige Entwicklung","robots":{"index":"index","follow":"follow","max-snippet":"max-snippet:-1","max-image-preview":"max-image-preview:large","max-video-preview":"max-video-preview:-1"},"canonical":"https:\/\/sead-ev.de\/en\/berichte\/","og_locale":"en_US","og_type":"article","og_title":"Berichte - SEAD e.V. - Nachhaltige Entwicklung","og_description":"Was gibts Neues? Hier kannst Du erfahren, wie der aktuelle Stand im Good Shepher Home und Bamenda ist. Ob Erfahrungberichte, Projektupdates und Politisches zur Anglophonen Krise, auf unseren Blogeintr\u00e4gen sollst du die M\u00f6glichkeit bekommen einen besseren Einblick in die Strukturen den Good Shepherd Homes zu bekommen, sowie auch \u00fcber die momentane politische Lage in Kamerun. &hellip; Continue reading \"Berichte\"","og_url":"https:\/\/sead-ev.de\/en\/berichte\/","og_site_name":"SEAD e.V. - Nachhaltige Entwicklung","article_modified_time":"2022-03-23T12:59:12+00:00","og_image":[{"width":1024,"height":683,"url":"https:\/\/sead-ev.de\/wp-content\/uploads\/2019\/04\/IMG_9960-1-1024x683.jpg","type":"image\/jpeg"}],"twitter_card":"summary_large_image","twitter_misc":{"Est. reading time":"2 minutes"},"schema":{"@context":"https:\/\/schema.org","@graph":[{"@type":"WebPage","@id":"https:\/\/sead-ev.de\/berichte","url":"https:\/\/sead-ev.de\/berichte","name":"Berichte - SEAD e.V. - Nachhaltige Entwicklung","isPartOf":{"@id":"https:\/\/sead-ev.de\/#website"},"primaryImageOfPage":{"@id":"https:\/\/sead-ev.de\/berichte#primaryimage"},"image":{"@id":"https:\/\/sead-ev.de\/berichte#primaryimage"},"thumbnailUrl":"https:\/\/sead-ev.de\/wp-content\/uploads\/2019\/04\/IMG_9960-1.jpg","datePublished":"2019-03-29T09:36:51+00:00","dateModified":"2022-03-23T12:59:12+00:00","breadcrumb":{"@id":"https:\/\/sead-ev.de\/berichte#breadcrumb"},"inLanguage":"en-US","potentialAction":[{"@type":"ReadAction","target":["https:\/\/sead-ev.de\/berichte"]}]},{"@type":"ImageObject","inLanguage":"en-US","@id":"https:\/\/sead-ev.de\/berichte#primaryimage","url":"https:\/\/sead-ev.de\/wp-content\/uploads\/2019\/04\/IMG_9960-1.jpg","contentUrl":"https:\/\/sead-ev.de\/wp-content\/uploads\/2019\/04\/IMG_9960-1.jpg","width":3456,"height":2304},{"@type":"BreadcrumbList","@id":"https:\/\/sead-ev.de\/berichte#breadcrumb","itemListElement":[{"@type":"ListItem","position":1,"name":"Startseite","item":"https:\/\/sead-ev.de\/"},{"@type":"ListItem","position":2,"name":"Berichte"}]},{"@type":"WebSite","@id":"https:\/\/sead-ev.de\/#website","url":"https:\/\/sead-ev.de\/","name":"SEAD e.V - Entwicklungshilfe Kamerun","description":"Sustainability - Education - Agriculture - Development","publisher":{"@id":"https:\/\/sead-ev.de\/#organization"},"potentialAction":[{"@type":"SearchAction","target":{"@type":"EntryPoint","urlTemplate":"https:\/\/sead-ev.de\/?s={search_term_string}"},"query-input":{"@type":"PropertyValueSpecification","valueRequired":true,"valueName":"search_term_string"}}],"inLanguage":"en-US"},{"@type":"Organization","@id":"https:\/\/sead-ev.de\/#organization","name":"sead e.V","url":"https:\/\/sead-ev.de\/","logo":{"@type":"ImageObject","inLanguage":"en-US","@id":"https:\/\/sead-ev.de\/#\/schema\/logo\/image\/","url":"https:\/\/sead-ev.de\/wp-content\/uploads\/2019\/03\/cropped-SEAD_Logo-05-3.png","contentUrl":"https:\/\/sead-ev.de\/wp-content\/uploads\/2019\/03\/cropped-SEAD_Logo-05-3.png","width":250,"height":250,"caption":"sead e.V"},"image":{"@id":"https:\/\/sead-ev.de\/#\/schema\/logo\/image\/"},"sameAs":["https:\/\/www.instagram.com\/sead_e.v\/"]}]}},"jetpack_shortlink":"https:\/\/wp.me\/PaxqgZ-2D","jetpack-related-posts":[{"id":133,"url":"https:\/\/sead-ev.de\/en\/leitlinien-sead","url_meta":{"origin":163,"position":0},"title":"Guiding principles SEAD","author":"Larissa Mayer","date":"29. March 2019","format":false,"excerpt":"\"Gehe ich vor dir, dann wei\u00df ich nicht, ob ich dich auf einen richtigen Weg bringe. Gehst du vor mir, dann wei\u00df ich nicht, ob du mich auf den richtigen Weg bringst. Gehe ich neben dir, werden wir gemeinsam den richtigen Weg finden.\" \u00a0 S\u00fcdafrikanisches Sprichwort \u00a0 Sustainability (Nachhaltigkeit): Sehen\u2026","rel":"","context":"Similar post","block_context":{"text":"Similar post","link":""},"img":{"alt_text":"","src":"https:\/\/i0.wp.com\/sead-ev.de\/wp-content\/uploads\/2019\/04\/anhang1.jpg?resize=350%2C200&ssl=1","width":350,"height":200,"srcset":"https:\/\/i0.wp.com\/sead-ev.de\/wp-content\/uploads\/2019\/04\/anhang1.jpg?resize=350%2C200&ssl=1 1x, https:\/\/i0.wp.com\/sead-ev.de\/wp-content\/uploads\/2019\/04\/anhang1.jpg?resize=525%2C300&ssl=1 1.5x, https:\/\/i0.wp.com\/sead-ev.de\/wp-content\/uploads\/2019\/04\/anhang1.jpg?resize=700%2C400&ssl=1 2x, https:\/\/i0.wp.com\/sead-ev.de\/wp-content\/uploads\/2019\/04\/anhang1.jpg?resize=1050%2C600&ssl=1 3x, https:\/\/i0.wp.com\/sead-ev.de\/wp-content\/uploads\/2019\/04\/anhang1.jpg?resize=1400%2C800&ssl=1 4x"},"classes":[]},{"id":141,"url":"https:\/\/sead-ev.de\/en\/sead\/schulbildung-und-stipendien","url_meta":{"origin":163,"position":1},"title":"Education","author":"Larissa Mayer","date":"29. March 2019","format":false,"excerpt":"\"Education is the most powerful weapon which you can use to change the world\u201d Nelson Mandela Bereits Mandela war sich schon der Bedeutung von Bildung f\u00fcr die bestehende Gesellschaft bewusst. Auch wir sehen in Bildung den Weg aus der Armut, zu mehr Frieden, Gerechtigkeit und einer nachhaltigen Welt. In den\u2026","rel":"","context":"Similar post","block_context":{"text":"Similar post","link":""},"img":{"alt_text":"","src":"https:\/\/i0.wp.com\/sead-ev.de\/wp-content\/uploads\/2019\/04\/56610374_588866138247452_6046759781727731712_n-227x300.jpg?resize=350%2C200&ssl=1","width":350,"height":200},"classes":[]},{"id":135,"url":"https:\/\/sead-ev.de\/en\/vorstellung-der-vereinsmitglieder","url_meta":{"origin":163,"position":2},"title":"Introduction of the members","author":"Larissa Mayer","date":"29. March 2019","format":false,"excerpt":"\u00a0Larissa Mayer, 1. Vorsitzende von SEAD\"If you think you are too small to make a difference try sleeping with a mosquito\" - Dalai LamaBereich: Vorstandsmitglied & ProjektkoordinationSo stelle ich mir die Zukunft von SEAD vor: Ich sehe gro\u00dfes Potential in den bereits laufenden Projekten zur Selbstversorgung des Good Shepherd Homes,\u2026","rel":"","context":"Similar post","block_context":{"text":"Similar post","link":""},"img":{"alt_text":"","src":"https:\/\/i0.wp.com\/sead-ev.de\/wp-content\/uploads\/2020\/12\/IMG_1096-2.jpg?resize=350%2C200&ssl=1","width":350,"height":200,"srcset":"https:\/\/i0.wp.com\/sead-ev.de\/wp-content\/uploads\/2020\/12\/IMG_1096-2.jpg?resize=350%2C200&ssl=1 1x, https:\/\/i0.wp.com\/sead-ev.de\/wp-content\/uploads\/2020\/12\/IMG_1096-2.jpg?resize=525%2C300&ssl=1 1.5x, https:\/\/i0.wp.com\/sead-ev.de\/wp-content\/uploads\/2020\/12\/IMG_1096-2.jpg?resize=700%2C400&ssl=1 2x"},"classes":[]},{"id":65,"url":"https:\/\/sead-ev.de\/en\/unterstuetzung\/spenden","url_meta":{"origin":163,"position":3},"title":"Donate","author":"artur","date":"14. November 2018","format":false,"excerpt":"Um die Arbeit von SEAD zu erm\u00f6glichen, sind wir auf deine Spende angewiesen. Wichtig f\u00fcr Dich ist, dass deine Spende zu 100% zugunsten des Good Shepherd Homes verwendet wird. Eine Spendenbescheinigung bekommst Du am Ende des Jahres (bitte Adresse bei \u00dcberweisung angeben!). Mit 1\u20ac kann ein Kind in Kamerun schon\u2026","rel":"","context":"Similar post","block_context":{"text":"Similar post","link":""},"img":{"alt_text":"","src":"https:\/\/i0.wp.com\/sead-ev.de\/wp-content\/uploads\/2019\/04\/Unbenannt.jpg?resize=350%2C200&ssl=1","width":350,"height":200,"srcset":"https:\/\/i0.wp.com\/sead-ev.de\/wp-content\/uploads\/2019\/04\/Unbenannt.jpg?resize=350%2C200&ssl=1 1x, https:\/\/i0.wp.com\/sead-ev.de\/wp-content\/uploads\/2019\/04\/Unbenannt.jpg?resize=525%2C300&ssl=1 1.5x, https:\/\/i0.wp.com\/sead-ev.de\/wp-content\/uploads\/2019\/04\/Unbenannt.jpg?resize=700%2C400&ssl=1 2x"},"classes":[]},{"id":1953,"url":"https:\/\/sead-ev.de\/en\/newsletter-2","url_meta":{"origin":163,"position":4},"title":"Newsletter","author":"Larissa Mayer","date":"29. March 2022","format":false,"excerpt":"Die Ghostwriting -Preise variieren je nach Projektumfang. Dies kann die Menge an Forschungen, den Schreibstil und den Zeitrahmen f\u00fcr das Projekt umfassen.Der Preis kann auch von den Erfahrungen und F\u00e4higkeiten des ghostwriting preise Ghostwriter abh\u00e4ngen. Die erfahreneren Ghostwriter werden h\u00f6here Preise berechnen.Hausaufgaben sind eine der Hauptquellen f\u00fcr Stress und Unruhen\u2026","rel":"","context":"Similar post","block_context":{"text":"Similar post","link":""},"img":{"alt_text":"","src":"","width":0,"height":0},"classes":[]}],"jetpack_sharing_enabled":true,"_links":{"self":[{"href":"https:\/\/sead-ev.de\/en\/wp-json\/wp\/v2\/pages\/163","targetHints":{"allow":["GET"]}}],"collection":[{"href":"https:\/\/sead-ev.de\/en\/wp-json\/wp\/v2\/pages"}],"about":[{"href":"https:\/\/sead-ev.de\/en\/wp-json\/wp\/v2\/types\/page"}],"author":[{"embeddable":true,"href":"https:\/\/sead-ev.de\/en\/wp-json\/wp\/v2\/users\/1"}],"replies":[{"embeddable":true,"href":"https:\/\/sead-ev.de\/en\/wp-json\/wp\/v2\/comments?post=163"}],"version-history":[{"count":48,"href":"https:\/\/sead-ev.de\/en\/wp-json\/wp\/v2\/pages\/163\/revisions"}],"predecessor-version":[{"id":1941,"href":"https:\/\/sead-ev.de\/en\/wp-json\/wp\/v2\/pages\/163\/revisions\/1941"}],"wp:featuredmedia":[{"embeddable":true,"href":"https:\/\/sead-ev.de\/en\/wp-json\/wp\/v2\/media\/693"}],"wp:attachment":[{"href":"https:\/\/sead-ev.de\/en\/wp-json\/wp\/v2\/media?parent=163"}],"curies":[{"name":"wp","href":"https:\/\/api.w.org\/{rel}","templated":true}]}}