{"id":148,"date":"2019-04-17T12:35:24","date_gmt":"2019-04-17T10:35:24","guid":{"rendered":"https:\/\/sead-ev.de\/?page_id=148"},"modified":"2022-03-27T23:35:39","modified_gmt":"2022-03-27T21:35:39","slug":"aktuelles","status":"publish","type":"page","link":"https:\/\/sead-ev.de\/en\/berichte\/aktuelles","title":{"rendered":"Aktuelles"},"content":{"rendered":"<div data-elementor-type=\"wp-post\" data-elementor-id=\"148\" class=\"elementor elementor-148\">\n\t\t\t\t\t\t<section class=\"elementor-section elementor-top-section elementor-element elementor-element-338d8eb elementor-section-boxed elementor-section-height-default elementor-section-height-default\" data-id=\"338d8eb\" data-element_type=\"section\" data-e-type=\"section\">\n\t\t\t\t\t\t<div class=\"elementor-container elementor-column-gap-default\">\n\t\t\t\t\t<div class=\"elementor-column elementor-col-100 elementor-top-column elementor-element elementor-element-2bea19e\" data-id=\"2bea19e\" data-element_type=\"column\" data-e-type=\"column\">\n\t\t\t<div class=\"elementor-widget-wrap elementor-element-populated\">\n\t\t\t\t\t\t<div class=\"elementor-element elementor-element-fef782b elementor-widget elementor-widget-heading\" data-id=\"fef782b\" data-element_type=\"widget\" data-e-type=\"widget\" data-widget_type=\"heading.default\">\n\t\t\t\t<div class=\"elementor-widget-container\">\n\t\t\t\t\t<h2 class=\"elementor-heading-title elementor-size-default\">Support now our \"Betterplace-donation campaign\" <\/h2>\t\t\t\t<\/div>\n\t\t\t\t<\/div>\n\t\t\t\t\t<\/div>\n\t\t<\/div>\n\t\t\t\t\t<\/div>\n\t\t<\/section>\n\t\t\t\t<section class=\"elementor-section elementor-top-section elementor-element elementor-element-47d1dba elementor-section-boxed elementor-section-height-default elementor-section-height-default\" data-id=\"47d1dba\" data-element_type=\"section\" data-e-type=\"section\">\n\t\t\t\t\t\t<div class=\"elementor-container elementor-column-gap-default\">\n\t\t\t\t\t<div class=\"elementor-column elementor-col-100 elementor-top-column elementor-element elementor-element-b1f3695\" data-id=\"b1f3695\" data-element_type=\"column\" data-e-type=\"column\">\n\t\t\t<div class=\"elementor-widget-wrap elementor-element-populated\">\n\t\t\t\t\t\t<div class=\"elementor-element elementor-element-b34c24e elementor-widget elementor-widget-text-editor\" data-id=\"b34c24e\" data-element_type=\"widget\" data-e-type=\"widget\" data-widget_type=\"text-editor.default\">\n\t\t\t\t<div class=\"elementor-widget-container\">\n\t\t\t\t\t\t\t\t\t<p><a href=\"https:\/\/www.betterplace.org\/en\/projects\/107390-funding-of-tuition-fees-of-kevin-fofie-from-the-good-shepherd-orphanage\/opinions#ppp-sticky-anchor\">https:\/\/www.betterplace.org\/en\/projects\/107390-funding-of-tuition-fees-of-kevin-fofie-from-the-good-shepherd-orphanage\/opinions#ppp-sticky-anchor<\/a><\/p>\t\t\t\t\t\t\t\t<\/div>\n\t\t\t\t<\/div>\n\t\t\t\t\t<\/div>\n\t\t<\/div>\n\t\t\t\t\t<\/div>\n\t\t<\/section>\n\t\t\t\t<section class=\"elementor-section elementor-top-section elementor-element elementor-element-1970179 elementor-section-boxed elementor-section-height-default elementor-section-height-default\" data-id=\"1970179\" data-element_type=\"section\" data-e-type=\"section\">\n\t\t\t\t\t\t<div class=\"elementor-container elementor-column-gap-default\">\n\t\t\t\t\t<div class=\"elementor-column elementor-col-100 elementor-top-column elementor-element elementor-element-fd398fc\" data-id=\"fd398fc\" data-element_type=\"column\" data-e-type=\"column\">\n\t\t\t<div class=\"elementor-widget-wrap elementor-element-populated\">\n\t\t\t\t\t\t<div class=\"elementor-element elementor-element-0dee724 elementor-widget elementor-widget-image\" data-id=\"0dee724\" data-element_type=\"widget\" data-e-type=\"widget\" data-widget_type=\"image.default\">\n\t\t\t\t<div class=\"elementor-widget-container\">\n\t\t\t\t\t\t\t\t\t\t\t\t\t\t\t<img fetchpriority=\"high\" decoding=\"async\" data-attachment-id=\"1944\" data-permalink=\"https:\/\/sead-ev.de\/en\/berichte\/aktuelles\/img_7276-2\" data-orig-file=\"https:\/\/sead-ev.de\/wp-content\/uploads\/2022\/03\/IMG_7276-2-scaled.jpg\" data-orig-size=\"2560,1707\" data-comments-opened=\"1\" data-image-meta=\"{&quot;aperture&quot;:&quot;8&quot;,&quot;credit&quot;:&quot;Photographer: Kevin Stiller&quot;,&quot;camera&quot;:&quot;Canon EOS 500D&quot;,&quot;caption&quot;:&quot;&quot;,&quot;created_timestamp&quot;:&quot;1551031377&quot;,&quot;copyright&quot;:&quot;&quot;,&quot;focal_length&quot;:&quot;53&quot;,&quot;iso&quot;:&quot;400&quot;,&quot;shutter_speed&quot;:&quot;0.005&quot;,&quot;title&quot;:&quot;&quot;,&quot;orientation&quot;:&quot;1&quot;}\" data-image-title=\"IMG_7276 (2)\" data-image-description=\"\" data-image-caption=\"\" data-large-file=\"https:\/\/sead-ev.de\/wp-content\/uploads\/2022\/03\/IMG_7276-2-1024x683.jpg\" width=\"740\" height=\"493\" src=\"https:\/\/sead-ev.de\/wp-content\/uploads\/2022\/03\/IMG_7276-2-768x512.jpg\" class=\"attachment-medium_large size-medium_large wp-image-1944\" alt=\"\" srcset=\"https:\/\/sead-ev.de\/wp-content\/uploads\/2022\/03\/IMG_7276-2-768x512.jpg 768w, https:\/\/sead-ev.de\/wp-content\/uploads\/2022\/03\/IMG_7276-2-300x200.jpg 300w, https:\/\/sead-ev.de\/wp-content\/uploads\/2022\/03\/IMG_7276-2-1024x683.jpg 1024w, https:\/\/sead-ev.de\/wp-content\/uploads\/2022\/03\/IMG_7276-2-1536x1024.jpg 1536w, https:\/\/sead-ev.de\/wp-content\/uploads\/2022\/03\/IMG_7276-2-2048x1365.jpg 2048w, https:\/\/sead-ev.de\/wp-content\/uploads\/2022\/03\/IMG_7276-2-18x12.jpg 18w\" sizes=\"100vw\" \/>\t\t\t\t\t\t\t\t\t\t\t\t\t\t\t<\/div>\n\t\t\t\t<\/div>\n\t\t\t\t<div class=\"elementor-element elementor-element-dc77f4d elementor-widget elementor-widget-text-editor\" data-id=\"dc77f4d\" data-element_type=\"widget\" data-e-type=\"widget\" data-widget_type=\"text-editor.default\">\n\t\t\t\t<div class=\"elementor-widget-container\">\n\t\t\t\t\t\t\t\t\t<p>Our Cameroonian member Kevin Fofie is starting with his online study programme at the \"University of People\". While most of us in Germany or the Global North have the chance to study and can apply for financial support from the government, it is unfortunately different in Cameroon. Study costs are often too expensive and especially for orphans not affordable. This creates not only educational inequality but also less chances for good jobs and consequently poverty. That's why we are even happier that Kevin has the chance to study, which we definitely want to support. But for this we need your help!<\/p>\t\t\t\t\t\t\t\t<\/div>\n\t\t\t\t<\/div>\n\t\t\t\t\t<\/div>\n\t\t<\/div>\n\t\t\t\t\t<\/div>\n\t\t<\/section>\n\t\t\t\t<section class=\"elementor-section elementor-top-section elementor-element elementor-element-cea6e3f elementor-section-boxed elementor-section-height-default elementor-section-height-default\" data-id=\"cea6e3f\" data-element_type=\"section\" data-e-type=\"section\">\n\t\t\t\t\t\t<div class=\"elementor-container elementor-column-gap-default\">\n\t\t\t\t\t<div class=\"elementor-column elementor-col-100 elementor-top-column elementor-element elementor-element-d667e1e\" data-id=\"d667e1e\" data-element_type=\"column\" data-e-type=\"column\">\n\t\t\t<div class=\"elementor-widget-wrap elementor-element-populated\">\n\t\t\t\t\t\t<div class=\"elementor-element elementor-element-17ac956 elementor-widget elementor-widget-heading\" data-id=\"17ac956\" data-element_type=\"widget\" data-e-type=\"widget\" data-widget_type=\"heading.default\">\n\t\t\t\t<div class=\"elementor-widget-container\">\n\t\t\t\t\t<h2 class=\"elementor-heading-title elementor-size-default\"><br><br>Here are our Annual reports<br><\/h2>\t\t\t\t<\/div>\n\t\t\t\t<\/div>\n\t\t\t\t<div class=\"elementor-element elementor-element-47cb68c elementor-invisible elementor-widget elementor-widget-text-editor\" data-id=\"47cb68c\" data-element_type=\"widget\" data-e-type=\"widget\" data-settings=\"{&quot;_animation&quot;:&quot;zoomIn&quot;}\" data-widget_type=\"text-editor.default\">\n\t\t\t\t<div class=\"elementor-widget-container\">\n\t\t\t\t\t\t\t\t\t<h4>Unser Jahresbericht 2021\/2022 ist da und zum Download bereit!<\/h4><p><a href=\"https:\/\/sead-ev.de\/wp-content\/uploads\/2022\/03\/sead_2021_jahresbericht.pdf\">sead_2021_jahresbericht<\/a><\/p>\t\t\t\t\t\t\t\t<\/div>\n\t\t\t\t<\/div>\n\t\t\t\t<div class=\"elementor-element elementor-element-d6ca36f elementor-invisible elementor-widget elementor-widget-text-editor\" data-id=\"d6ca36f\" data-element_type=\"widget\" data-e-type=\"widget\" data-settings=\"{&quot;_animation&quot;:&quot;zoomIn&quot;}\" data-widget_type=\"text-editor.default\">\n\t\t\t\t<div class=\"elementor-widget-container\">\n\t\t\t\t\t\t\t\t\t<h4><strong>Unser<\/strong> <strong>Jahresbericht 2019\/2020 ist da und zum Download bereit!<\/strong><\/h4><p><a href=\"https:\/\/sead-ev.de\/wp-content\/uploads\/2021\/01\/sead_jahresbericht_print_v003_interactive.pdf\">sead_jahresbericht_print_v003_interactive<\/a><\/p>\t\t\t\t\t\t\t\t<\/div>\n\t\t\t\t<\/div>\n\t\t\t\t\t<\/div>\n\t\t<\/div>\n\t\t\t\t\t<\/div>\n\t\t<\/section>\n\t\t\t\t<\/div>","protected":false},"excerpt":{"rendered":"<p>Unterst\u00fctze jetzt unsere &#8222;Betterplace-Spendenkampagne&#8220; https:\/\/www.betterplace.org\/en\/projects\/107390-funding-of-tuition-fees-of-kevin-fofie-from-the-good-shepherd-orphanage\/opinions#ppp-sticky-anchor Unser kamerunisches SEAD Mitglied Kevin Fofie beginnt mit seinem Online-Studium an der &#8222;University of People&#8220;. W\u00e4hrend die meisten von uns die M\u00f6glichkeit haben zu studieren und eine finanzielle Unterst\u00fctzung von dem Staat beantragen k\u00f6nnen, ist das in Kamerun leider anders. Die Studienkosten sind oft zu teuer und vor allem f\u00fcr &hellip; <\/p>\n<p class=\"link-more\"><a href=\"https:\/\/sead-ev.de\/en\/berichte\/aktuelles\" class=\"more-link\">Continue reading<span class=\"screen-reader-text\"> &#8222;Aktuelles&#8220;<\/span><\/a><\/p>","protected":false},"author":2,"featured_media":0,"parent":163,"menu_order":0,"comment_status":"closed","ping_status":"closed","template":"","meta":{"footnotes":""},"class_list":["post-148","page","type-page","status-publish","hentry"],"yoast_head":"<!-- This site is optimized with the Yoast SEO plugin v27.5 - https:\/\/yoast.com\/product\/yoast-seo-wordpress\/ -->\n<title>Aktuelles - SEAD e.V. - Nachhaltige Entwicklung<\/title>\n<meta name=\"robots\" content=\"index, follow, max-snippet:-1, max-image-preview:large, max-video-preview:-1\" \/>\n<link rel=\"canonical\" href=\"https:\/\/sead-ev.de\/en\/berichte\/aktuelles\/\" \/>\n<meta property=\"og:locale\" content=\"en_US\" \/>\n<meta property=\"og:type\" content=\"article\" \/>\n<meta property=\"og:title\" content=\"Aktuelles - SEAD e.V. - Nachhaltige Entwicklung\" \/>\n<meta property=\"og:description\" content=\"Unterst\u00fctze jetzt unsere &#8222;Betterplace-Spendenkampagne&#8220; https:\/\/www.betterplace.org\/en\/projects\/107390-funding-of-tuition-fees-of-kevin-fofie-from-the-good-shepherd-orphanage\/opinions#ppp-sticky-anchor Unser kamerunisches SEAD Mitglied Kevin Fofie beginnt mit seinem Online-Studium an der &#8222;University of People&#8220;. W\u00e4hrend die meisten von uns die M\u00f6glichkeit haben zu studieren und eine finanzielle Unterst\u00fctzung von dem Staat beantragen k\u00f6nnen, ist das in Kamerun leider anders. Die Studienkosten sind oft zu teuer und vor allem f\u00fcr &hellip; Continue reading &quot;Aktuelles&quot;\" \/>\n<meta property=\"og:url\" content=\"https:\/\/sead-ev.de\/en\/berichte\/aktuelles\/\" \/>\n<meta property=\"og:site_name\" content=\"SEAD e.V. - Nachhaltige Entwicklung\" \/>\n<meta property=\"article:modified_time\" content=\"2022-03-27T21:35:39+00:00\" \/>\n<meta property=\"og:image\" content=\"https:\/\/sead-ev.de\/wp-content\/uploads\/2022\/03\/IMG_7276-2-768x512.jpg\" \/>\n<meta name=\"twitter:card\" content=\"summary_large_image\" \/>\n<meta name=\"twitter:label1\" content=\"Est. reading time\" \/>\n\t<meta name=\"twitter:data1\" content=\"1 minute\" \/>\n<script type=\"application\/ld+json\" class=\"yoast-schema-graph\">{\"@context\":\"https:\\\/\\\/schema.org\",\"@graph\":[{\"@type\":\"WebPage\",\"@id\":\"https:\\\/\\\/sead-ev.de\\\/berichte\\\/aktuelles\",\"url\":\"https:\\\/\\\/sead-ev.de\\\/berichte\\\/aktuelles\",\"name\":\"Aktuelles - SEAD e.V. - Nachhaltige Entwicklung\",\"isPartOf\":{\"@id\":\"https:\\\/\\\/sead-ev.de\\\/#website\"},\"primaryImageOfPage\":{\"@id\":\"https:\\\/\\\/sead-ev.de\\\/berichte\\\/aktuelles#primaryimage\"},\"image\":{\"@id\":\"https:\\\/\\\/sead-ev.de\\\/berichte\\\/aktuelles#primaryimage\"},\"thumbnailUrl\":\"https:\\\/\\\/sead-ev.de\\\/wp-content\\\/uploads\\\/2022\\\/03\\\/IMG_7276-2-768x512.jpg\",\"datePublished\":\"2019-04-17T10:35:24+00:00\",\"dateModified\":\"2022-03-27T21:35:39+00:00\",\"breadcrumb\":{\"@id\":\"https:\\\/\\\/sead-ev.de\\\/berichte\\\/aktuelles#breadcrumb\"},\"inLanguage\":\"en-US\",\"potentialAction\":[{\"@type\":\"ReadAction\",\"target\":[\"https:\\\/\\\/sead-ev.de\\\/berichte\\\/aktuelles\"]}]},{\"@type\":\"ImageObject\",\"inLanguage\":\"en-US\",\"@id\":\"https:\\\/\\\/sead-ev.de\\\/berichte\\\/aktuelles#primaryimage\",\"url\":\"https:\\\/\\\/sead-ev.de\\\/wp-content\\\/uploads\\\/2022\\\/03\\\/IMG_7276-2-768x512.jpg\",\"contentUrl\":\"https:\\\/\\\/sead-ev.de\\\/wp-content\\\/uploads\\\/2022\\\/03\\\/IMG_7276-2-768x512.jpg\"},{\"@type\":\"BreadcrumbList\",\"@id\":\"https:\\\/\\\/sead-ev.de\\\/berichte\\\/aktuelles#breadcrumb\",\"itemListElement\":[{\"@type\":\"ListItem\",\"position\":1,\"name\":\"Startseite\",\"item\":\"https:\\\/\\\/sead-ev.de\\\/\"},{\"@type\":\"ListItem\",\"position\":2,\"name\":\"Berichte\",\"item\":\"https:\\\/\\\/sead-ev.de\\\/berichte\"},{\"@type\":\"ListItem\",\"position\":3,\"name\":\"Aktuelles\"}]},{\"@type\":\"WebSite\",\"@id\":\"https:\\\/\\\/sead-ev.de\\\/#website\",\"url\":\"https:\\\/\\\/sead-ev.de\\\/\",\"name\":\"SEAD e.V - Entwicklungshilfe Kamerun\",\"description\":\"Sustainability - Education - Agriculture - Development\",\"publisher\":{\"@id\":\"https:\\\/\\\/sead-ev.de\\\/#organization\"},\"potentialAction\":[{\"@type\":\"SearchAction\",\"target\":{\"@type\":\"EntryPoint\",\"urlTemplate\":\"https:\\\/\\\/sead-ev.de\\\/?s={search_term_string}\"},\"query-input\":{\"@type\":\"PropertyValueSpecification\",\"valueRequired\":true,\"valueName\":\"search_term_string\"}}],\"inLanguage\":\"en-US\"},{\"@type\":\"Organization\",\"@id\":\"https:\\\/\\\/sead-ev.de\\\/#organization\",\"name\":\"sead e.V\",\"url\":\"https:\\\/\\\/sead-ev.de\\\/\",\"logo\":{\"@type\":\"ImageObject\",\"inLanguage\":\"en-US\",\"@id\":\"https:\\\/\\\/sead-ev.de\\\/#\\\/schema\\\/logo\\\/image\\\/\",\"url\":\"https:\\\/\\\/sead-ev.de\\\/wp-content\\\/uploads\\\/2019\\\/03\\\/cropped-SEAD_Logo-05-3.png\",\"contentUrl\":\"https:\\\/\\\/sead-ev.de\\\/wp-content\\\/uploads\\\/2019\\\/03\\\/cropped-SEAD_Logo-05-3.png\",\"width\":250,\"height\":250,\"caption\":\"sead e.V\"},\"image\":{\"@id\":\"https:\\\/\\\/sead-ev.de\\\/#\\\/schema\\\/logo\\\/image\\\/\"},\"sameAs\":[\"https:\\\/\\\/www.instagram.com\\\/sead_e.v\\\/\"]}]}<\/script>\n<!-- \/ Yoast SEO plugin. -->","yoast_head_json":{"title":"Aktuelles - SEAD e.V. - Nachhaltige Entwicklung","robots":{"index":"index","follow":"follow","max-snippet":"max-snippet:-1","max-image-preview":"max-image-preview:large","max-video-preview":"max-video-preview:-1"},"canonical":"https:\/\/sead-ev.de\/en\/berichte\/aktuelles\/","og_locale":"en_US","og_type":"article","og_title":"Aktuelles - SEAD e.V. - Nachhaltige Entwicklung","og_description":"Unterst\u00fctze jetzt unsere &#8222;Betterplace-Spendenkampagne&#8220; https:\/\/www.betterplace.org\/en\/projects\/107390-funding-of-tuition-fees-of-kevin-fofie-from-the-good-shepherd-orphanage\/opinions#ppp-sticky-anchor Unser kamerunisches SEAD Mitglied Kevin Fofie beginnt mit seinem Online-Studium an der &#8222;University of People&#8220;. W\u00e4hrend die meisten von uns die M\u00f6glichkeit haben zu studieren und eine finanzielle Unterst\u00fctzung von dem Staat beantragen k\u00f6nnen, ist das in Kamerun leider anders. Die Studienkosten sind oft zu teuer und vor allem f\u00fcr &hellip; Continue reading \"Aktuelles\"","og_url":"https:\/\/sead-ev.de\/en\/berichte\/aktuelles\/","og_site_name":"SEAD e.V. - Nachhaltige Entwicklung","article_modified_time":"2022-03-27T21:35:39+00:00","og_image":[{"url":"https:\/\/sead-ev.de\/wp-content\/uploads\/2022\/03\/IMG_7276-2-768x512.jpg","type":"","width":"","height":""}],"twitter_card":"summary_large_image","twitter_misc":{"Est. reading time":"1 minute"},"schema":{"@context":"https:\/\/schema.org","@graph":[{"@type":"WebPage","@id":"https:\/\/sead-ev.de\/berichte\/aktuelles","url":"https:\/\/sead-ev.de\/berichte\/aktuelles","name":"Aktuelles - SEAD e.V. - Nachhaltige Entwicklung","isPartOf":{"@id":"https:\/\/sead-ev.de\/#website"},"primaryImageOfPage":{"@id":"https:\/\/sead-ev.de\/berichte\/aktuelles#primaryimage"},"image":{"@id":"https:\/\/sead-ev.de\/berichte\/aktuelles#primaryimage"},"thumbnailUrl":"https:\/\/sead-ev.de\/wp-content\/uploads\/2022\/03\/IMG_7276-2-768x512.jpg","datePublished":"2019-04-17T10:35:24+00:00","dateModified":"2022-03-27T21:35:39+00:00","breadcrumb":{"@id":"https:\/\/sead-ev.de\/berichte\/aktuelles#breadcrumb"},"inLanguage":"en-US","potentialAction":[{"@type":"ReadAction","target":["https:\/\/sead-ev.de\/berichte\/aktuelles"]}]},{"@type":"ImageObject","inLanguage":"en-US","@id":"https:\/\/sead-ev.de\/berichte\/aktuelles#primaryimage","url":"https:\/\/sead-ev.de\/wp-content\/uploads\/2022\/03\/IMG_7276-2-768x512.jpg","contentUrl":"https:\/\/sead-ev.de\/wp-content\/uploads\/2022\/03\/IMG_7276-2-768x512.jpg"},{"@type":"BreadcrumbList","@id":"https:\/\/sead-ev.de\/berichte\/aktuelles#breadcrumb","itemListElement":[{"@type":"ListItem","position":1,"name":"Startseite","item":"https:\/\/sead-ev.de\/"},{"@type":"ListItem","position":2,"name":"Berichte","item":"https:\/\/sead-ev.de\/berichte"},{"@type":"ListItem","position":3,"name":"Aktuelles"}]},{"@type":"WebSite","@id":"https:\/\/sead-ev.de\/#website","url":"https:\/\/sead-ev.de\/","name":"SEAD e.V - Entwicklungshilfe Kamerun","description":"Sustainability - Education - Agriculture - Development","publisher":{"@id":"https:\/\/sead-ev.de\/#organization"},"potentialAction":[{"@type":"SearchAction","target":{"@type":"EntryPoint","urlTemplate":"https:\/\/sead-ev.de\/?s={search_term_string}"},"query-input":{"@type":"PropertyValueSpecification","valueRequired":true,"valueName":"search_term_string"}}],"inLanguage":"en-US"},{"@type":"Organization","@id":"https:\/\/sead-ev.de\/#organization","name":"sead e.V","url":"https:\/\/sead-ev.de\/","logo":{"@type":"ImageObject","inLanguage":"en-US","@id":"https:\/\/sead-ev.de\/#\/schema\/logo\/image\/","url":"https:\/\/sead-ev.de\/wp-content\/uploads\/2019\/03\/cropped-SEAD_Logo-05-3.png","contentUrl":"https:\/\/sead-ev.de\/wp-content\/uploads\/2019\/03\/cropped-SEAD_Logo-05-3.png","width":250,"height":250,"caption":"sead e.V"},"image":{"@id":"https:\/\/sead-ev.de\/#\/schema\/logo\/image\/"},"sameAs":["https:\/\/www.instagram.com\/sead_e.v\/"]}]}},"jetpack_shortlink":"https:\/\/wp.me\/PaxqgZ-2o","jetpack-related-posts":[{"id":146,"url":"https:\/\/sead-ev.de\/en\/sead\/schweinezucht","url_meta":{"origin":148,"position":0},"title":"Pig breeding","author":"Larissa Mayer","date":"29. March 2019","format":false,"excerpt":"Schweinezucht Unter den verschiedenen Tierarten z\u00e4hlt die Schweinezucht in Kamerun zu der wichtigsten Quelle der Fleischproduktion, direkt nach den Masth\u00fchnern. Traditionell gesehen war sie schon fr\u00fcher eines der wichtigsten Berufsfelder im Nordwesten Kameruns. Heute ist sie fester Bestandteil im kommerziellen Markt. Die Schweinezucht f\u00fcr die Fleischproduktion und der Verkauf von\u2026","rel":"","context":"Similar post","block_context":{"text":"Similar post","link":""},"img":{"alt_text":"","src":"https:\/\/i0.wp.com\/sead-ev.de\/wp-content\/uploads\/2019\/04\/57186072_389267001911946_4209239396584521728_n.jpg?resize=350%2C200&ssl=1","width":350,"height":200,"srcset":"https:\/\/i0.wp.com\/sead-ev.de\/wp-content\/uploads\/2019\/04\/57186072_389267001911946_4209239396584521728_n.jpg?resize=350%2C200&ssl=1 1x, https:\/\/i0.wp.com\/sead-ev.de\/wp-content\/uploads\/2019\/04\/57186072_389267001911946_4209239396584521728_n.jpg?resize=525%2C300&ssl=1 1.5x, https:\/\/i0.wp.com\/sead-ev.de\/wp-content\/uploads\/2019\/04\/57186072_389267001911946_4209239396584521728_n.jpg?resize=700%2C400&ssl=1 2x"},"classes":[]},{"id":1953,"url":"https:\/\/sead-ev.de\/en\/newsletter-2","url_meta":{"origin":148,"position":1},"title":"Newsletter","author":"Larissa Mayer","date":"29. March 2022","format":false,"excerpt":"Die Ghostwriting -Preise variieren je nach Projektumfang. Dies kann die Menge an Forschungen, den Schreibstil und den Zeitrahmen f\u00fcr das Projekt umfassen.Der Preis kann auch von den Erfahrungen und F\u00e4higkeiten des ghostwriting preise Ghostwriter abh\u00e4ngen. Die erfahreneren Ghostwriter werden h\u00f6here Preise berechnen.Hausaufgaben sind eine der Hauptquellen f\u00fcr Stress und Unruhen\u2026","rel":"","context":"Similar post","block_context":{"text":"Similar post","link":""},"img":{"alt_text":"","src":"","width":0,"height":0},"classes":[]},{"id":135,"url":"https:\/\/sead-ev.de\/en\/vorstellung-der-vereinsmitglieder","url_meta":{"origin":148,"position":2},"title":"Introduction of the members","author":"Larissa Mayer","date":"29. March 2019","format":false,"excerpt":"\u00a0Larissa Mayer, 1. Vorsitzende von SEAD\"If you think you are too small to make a difference try sleeping with a mosquito\" - Dalai LamaBereich: Vorstandsmitglied & ProjektkoordinationSo stelle ich mir die Zukunft von SEAD vor: Ich sehe gro\u00dfes Potential in den bereits laufenden Projekten zur Selbstversorgung des Good Shepherd Homes,\u2026","rel":"","context":"Similar post","block_context":{"text":"Similar post","link":""},"img":{"alt_text":"","src":"https:\/\/i0.wp.com\/sead-ev.de\/wp-content\/uploads\/2020\/12\/IMG_1096-2.jpg?resize=350%2C200&ssl=1","width":350,"height":200,"srcset":"https:\/\/i0.wp.com\/sead-ev.de\/wp-content\/uploads\/2020\/12\/IMG_1096-2.jpg?resize=350%2C200&ssl=1 1x, https:\/\/i0.wp.com\/sead-ev.de\/wp-content\/uploads\/2020\/12\/IMG_1096-2.jpg?resize=525%2C300&ssl=1 1.5x, https:\/\/i0.wp.com\/sead-ev.de\/wp-content\/uploads\/2020\/12\/IMG_1096-2.jpg?resize=700%2C400&ssl=1 2x"},"classes":[]}],"jetpack_sharing_enabled":true,"_links":{"self":[{"href":"https:\/\/sead-ev.de\/en\/wp-json\/wp\/v2\/pages\/148","targetHints":{"allow":["GET"]}}],"collection":[{"href":"https:\/\/sead-ev.de\/en\/wp-json\/wp\/v2\/pages"}],"about":[{"href":"https:\/\/sead-ev.de\/en\/wp-json\/wp\/v2\/types\/page"}],"author":[{"embeddable":true,"href":"https:\/\/sead-ev.de\/en\/wp-json\/wp\/v2\/users\/2"}],"replies":[{"embeddable":true,"href":"https:\/\/sead-ev.de\/en\/wp-json\/wp\/v2\/comments?post=148"}],"version-history":[{"count":17,"href":"https:\/\/sead-ev.de\/en\/wp-json\/wp\/v2\/pages\/148\/revisions"}],"predecessor-version":[{"id":1950,"href":"https:\/\/sead-ev.de\/en\/wp-json\/wp\/v2\/pages\/148\/revisions\/1950"}],"up":[{"embeddable":true,"href":"https:\/\/sead-ev.de\/en\/wp-json\/wp\/v2\/pages\/163"}],"wp:attachment":[{"href":"https:\/\/sead-ev.de\/en\/wp-json\/wp\/v2\/media?parent=148"}],"curies":[{"name":"wp","href":"https:\/\/api.w.org\/{rel}","templated":true}]}}