{"id":146,"date":"2019-03-29T10:33:54","date_gmt":"2019-03-29T09:33:54","guid":{"rendered":"https:\/\/sead-ev.de\/?page_id=146"},"modified":"2019-04-18T15:14:33","modified_gmt":"2019-04-18T13:14:33","slug":"schweinezucht","status":"publish","type":"page","link":"https:\/\/sead-ev.de\/en\/sead\/schweinezucht","title":{"rendered":"Pig breeding"},"content":{"rendered":"<h2>Pig breeding<\/h2>\n<p><\/p>\n\n\n<\/p>\n<p>\n\n\n<p><\/p>\n<p><\/p>\n\n\n<div class=\"wp-block-image\"><figure class=\"alignleft is-resized\"><img decoding=\"async\" src=\"https:\/\/sead-ev.de\/wp-content\/uploads\/2019\/04\/57186072_389267001911946_4209239396584521728_n.jpg\" alt=\"\" width=\"124\" height=\"159\"\/><\/figure><\/div>\n\n\n<p><\/p>\n<p><\/p>\n\n\n<p>Among the various animal species, pig breeding in Cameroon is one of the most important sources of meat production, second only to the broilers.  Traditionally, it was one of the most important occupations in the northwest of Cameroon. Today it is an integral part of the commercial market. Pig breeding for meat production and the sale of piglets is very profitable, which is why the Good Shepherd Home also invests in pigs and piglets.<\/p>\n\n\n<p><\/p>\n<p><\/p>\n\n\n<\/p>\n<p>Currently there are 40 piglets and 6 pigs, all of which are located on the Good Shepherd property. For this purpose, the older boys themselves have built a barn that will be further expanded to accommodate more pigs and piglets. Our two club members, Dickson and Kevin, have been significantly involved in this project. They are responsible for the supply and sale of the pigs. At the moment they are working on expanding the pig breeding and making it more profitable and efficient. The demand for pork is present in Bamenda and the Good Shepherd Home is already cooperating with a small butchery that has become a regular customer.<\/p>\n<p>\n\n\n<p><\/p>\n<p><\/p>\n\n\n<\/p>\n<p>SEAD wants to support this pig breeding and contribute new pigs, piglets and money for pig feed. The feed for the pigs is produced and mixed by the older boys themselves at the Good Shepherd Home to save costs. In the long-term, money from these projects can flow into other self-sufficiency projects.<\/p>\n<p>\n\n\n<p><\/p>\n<p><\/p>\n\n\n<\/p>\n\u00a0\n<p>\n\n\n<p><\/p>\n<p><\/p>\n\n<nav id=\"foogallery-gallery-643_paging-top\" class=\"fg-paging-container fg-ph-dots\"><\/nav><style type=\"text\/css\">\n#foogallery-gallery-643.fg-justified .fg-item { margin-right: 1px; margin-bottom: 1px; }\n#foogallery-gallery-643.fg-justified .fg-image { height: 150px; }<\/style>\n\t\t\t<div class=\"foogallery foogallery-container foogallery-justified foogallery-lightbox-foobox fg-justified fg-ready fg-light fg-border-thin fg-shadow-outline fg-loading-default fg-loaded-fade-in fg-caption-hover fg-hover-fade fg-hover-zoom\" id=\"foogallery-gallery-643\" data-foogallery=\"{&quot;item&quot;:{&quot;showCaptionTitle&quot;:true,&quot;showCaptionDescription&quot;:true},&quot;lazy&quot;:true,&quot;paging&quot;:{&quot;type&quot;:&quot;dots&quot;,&quot;size&quot;:5,&quot;position&quot;:&quot;both&quot;,&quot;scrollToTop&quot;:true,&quot;output&quot;:&quot;html&quot;,&quot;theme&quot;:&quot;fg-light&quot;},&quot;template&quot;:{&quot;rowHeight&quot;:150,&quot;maxRowHeight&quot;:300,&quot;margins&quot;:1,&quot;align&quot;:&quot;center&quot;,&quot;lastRow&quot;:&quot;smart&quot;}}\" style=\"--fg-title-line-clamp: 0; --fg-description-line-clamp: 0;\" >\n\t<div class=\"fg-item fg-type-image fg-idle\"><figure class=\"fg-item-inner\"><a href=\"https:\/\/sead-ev.de\/wp-content\/uploads\/2019\/04\/IMG_7610-2-1.jpg\" data-attachment-id=\"449\" data-type=\"image\" class=\"fg-thumb\"><span class=\"fg-image-wrap\"><img fetchpriority=\"high\" decoding=\"async\" height=\"300\" width=\"450\" class=\"skip-lazy fg-image\" data-src-fg=\"https:\/\/sead-ev.de\/wp-content\/uploads\/cache\/2019\/04\/IMG_7610-2-1\/656822255.jpg\" src=\"data:image\/svg+xml,%3Csvg%20xmlns%3D%22http%3A%2F%2Fwww.w3.org%2F2000%2Fsvg%22%20width%3D%22450%22%20height%3D%22300%22%20viewBox%3D%220%200%20450%20300%22%3E%3C%2Fsvg%3E\" loading=\"eager\"><\/span><span class=\"fg-image-overlay\"><\/span><\/a><\/figure><div class=\"fg-loader\"><\/div><\/div><div class=\"fg-item fg-type-image fg-idle\"><figure class=\"fg-item-inner\"><a href=\"https:\/\/sead-ev.de\/wp-content\/uploads\/2019\/04\/IMG_7825.jpg\" data-attachment-id=\"447\" data-type=\"image\" class=\"fg-thumb\"><span class=\"fg-image-wrap\"><img decoding=\"async\" height=\"300\" width=\"450\" class=\"skip-lazy fg-image\" data-src-fg=\"https:\/\/sead-ev.de\/wp-content\/uploads\/cache\/2019\/04\/IMG_7825\/856396761.jpg\" src=\"data:image\/svg+xml,%3Csvg%20xmlns%3D%22http%3A%2F%2Fwww.w3.org%2F2000%2Fsvg%22%20width%3D%22450%22%20height%3D%22300%22%20viewBox%3D%220%200%20450%20300%22%3E%3C%2Fsvg%3E\" loading=\"eager\"><\/span><span class=\"fg-image-overlay\"><\/span><\/a><\/figure><div class=\"fg-loader\"><\/div><\/div><div class=\"fg-item fg-type-image fg-idle\"><figure class=\"fg-item-inner\"><a href=\"https:\/\/sead-ev.de\/wp-content\/uploads\/2019\/04\/56174915_1234977160012044_4187849699241230336_n.jpg\" data-attachment-id=\"644\" data-type=\"image\" class=\"fg-thumb\"><span class=\"fg-image-wrap\"><img decoding=\"async\" height=\"300\" width=\"225\" class=\"skip-lazy fg-image\" data-src-fg=\"https:\/\/sead-ev.de\/wp-content\/uploads\/cache\/2019\/04\/56174915_1234977160012044_4187849699241230336_n\/131156421.jpg\" src=\"data:image\/svg+xml,%3Csvg%20xmlns%3D%22http%3A%2F%2Fwww.w3.org%2F2000%2Fsvg%22%20width%3D%22225%22%20height%3D%22300%22%20viewBox%3D%220%200%20225%20300%22%3E%3C%2Fsvg%3E\" loading=\"eager\"><\/span><span class=\"fg-image-overlay\"><\/span><\/a><\/figure><div class=\"fg-loader\"><\/div><\/div><div class=\"fg-item fg-type-image fg-idle\"><figure class=\"fg-item-inner\"><a href=\"https:\/\/sead-ev.de\/wp-content\/uploads\/2019\/04\/IMG_7814-1.jpg\" data-attachment-id=\"446\" data-type=\"image\" class=\"fg-thumb\"><span class=\"fg-image-wrap\"><img decoding=\"async\" height=\"300\" width=\"450\" class=\"skip-lazy fg-image\" data-src-fg=\"https:\/\/sead-ev.de\/wp-content\/uploads\/cache\/2019\/04\/IMG_7814-1\/2982480733.jpg\" src=\"data:image\/svg+xml,%3Csvg%20xmlns%3D%22http%3A%2F%2Fwww.w3.org%2F2000%2Fsvg%22%20width%3D%22450%22%20height%3D%22300%22%20viewBox%3D%220%200%20450%20300%22%3E%3C%2Fsvg%3E\" loading=\"eager\"><\/span><span class=\"fg-image-overlay\"><\/span><\/a><\/figure><div class=\"fg-loader\"><\/div><\/div><div class=\"fg-item fg-type-image fg-idle\"><figure class=\"fg-item-inner\"><a href=\"https:\/\/sead-ev.de\/wp-content\/uploads\/2019\/04\/IMG_7824.jpg\" data-attachment-id=\"443\" data-type=\"image\" class=\"fg-thumb\"><span class=\"fg-image-wrap\"><img decoding=\"async\" height=\"300\" width=\"450\" class=\"skip-lazy fg-image\" data-src-fg=\"https:\/\/sead-ev.de\/wp-content\/uploads\/cache\/2019\/04\/IMG_7824\/3870086408.jpg\" src=\"data:image\/svg+xml,%3Csvg%20xmlns%3D%22http%3A%2F%2Fwww.w3.org%2F2000%2Fsvg%22%20width%3D%22450%22%20height%3D%22300%22%20viewBox%3D%220%200%20450%20300%22%3E%3C%2Fsvg%3E\" loading=\"eager\"><\/span><span class=\"fg-image-overlay\"><\/span><\/a><\/figure><div class=\"fg-loader\"><\/div><\/div><div class=\"fg-item fg-type-image fg-idle fg-hidden\"><figure class=\"fg-item-inner\"><a href=\"https:\/\/sead-ev.de\/wp-content\/uploads\/2019\/04\/IMG_7823.jpg\" data-attachment-id=\"441\" data-type=\"image\" class=\"fg-thumb\"><span class=\"fg-image-wrap\"><img decoding=\"async\" height=\"300\" width=\"450\" class=\"skip-lazy fg-image\" data-src-fg=\"https:\/\/sead-ev.de\/wp-content\/uploads\/cache\/2019\/04\/IMG_7823\/223869974.jpg\" src=\"data:image\/svg+xml,%3Csvg%20xmlns%3D%22http%3A%2F%2Fwww.w3.org%2F2000%2Fsvg%22%20width%3D%22450%22%20height%3D%22300%22%20viewBox%3D%220%200%20450%20300%22%3E%3C%2Fsvg%3E\" loading=\"eager\"><\/span><span class=\"fg-image-overlay\"><\/span><\/a><\/figure><div class=\"fg-loader\"><\/div><\/div><div class=\"fg-item fg-type-image fg-idle fg-hidden\"><figure class=\"fg-item-inner\"><a href=\"https:\/\/sead-ev.de\/wp-content\/uploads\/2019\/04\/IMG_7600-1.jpg\" data-attachment-id=\"448\" data-type=\"image\" class=\"fg-thumb\"><span class=\"fg-image-wrap\"><img decoding=\"async\" height=\"300\" width=\"450\" class=\"skip-lazy fg-image\" data-src-fg=\"https:\/\/sead-ev.de\/wp-content\/uploads\/cache\/2019\/04\/IMG_7600-1\/120325167.jpg\" src=\"data:image\/svg+xml,%3Csvg%20xmlns%3D%22http%3A%2F%2Fwww.w3.org%2F2000%2Fsvg%22%20width%3D%22450%22%20height%3D%22300%22%20viewBox%3D%220%200%20450%20300%22%3E%3C%2Fsvg%3E\" loading=\"eager\"><\/span><span class=\"fg-image-overlay\"><\/span><\/a><\/figure><div class=\"fg-loader\"><\/div><\/div><\/div>\n<nav id=\"foogallery-gallery-643_paging-bottom\" class=\"fg-paging-container fg-ph-dots\"><\/nav>\n\n<p><\/p>\n<p><\/p>\n\n\n<\/p>\n<h4 class=\"wp-block-heading\" style=\"text-align: center;\">#dreambigforapig<\/h4>\n<p>\n\n\n<p><\/p>\n<p><\/p>\n\n\n<\/p>\n\u00a0\n<p>\n\n\n<p><\/p>\n<p><\/p>\n\n\n<\/p>\n<h5 class=\"wp-block-heading\" style=\"text-align: left;\">Project costs:<\/h5>\n<p>\n\n\n<p><\/p>\n<p><\/p>\n\n\n<\/p>\n<ul class=\"wp-block-list\">\n<li>1 piglet: 75 \u20ac<\/li>\n<li>1 pig: 175 \u20ac<\/li>\n<li>1 feed bag: 25 \u20ac<\/li>\n<\/ul>\n<p>\n\n\n<p><\/p>","protected":false},"excerpt":{"rendered":"<p>Schweinezucht Unter den verschiedenen Tierarten z\u00e4hlt die Schweinezucht in Kamerun zu der wichtigsten Quelle der Fleischproduktion, direkt nach den Masth\u00fchnern. Traditionell gesehen war sie schon fr\u00fcher eines der wichtigsten Berufsfelder im Nordwesten Kameruns. Heute ist sie fester Bestandteil im kommerziellen Markt. Die Schweinezucht f\u00fcr die Fleischproduktion und der Verkauf von Ferkel ist sehr gewinnbringend, weshalb &hellip; <\/p>\n<p class=\"link-more\"><a href=\"https:\/\/sead-ev.de\/en\/sead\/schweinezucht\" class=\"more-link\">Continue reading<span class=\"screen-reader-text\"> &#8222;Schweinezucht&#8220;<\/span><\/a><\/p>","protected":false},"author":2,"featured_media":0,"parent":23,"menu_order":3,"comment_status":"closed","ping_status":"closed","template":"","meta":{"jetpack_post_was_ever_published":false,"footnotes":""},"class_list":["post-146","page","type-page","status-publish","hentry"],"yoast_head":"<!-- This site is optimized with the Yoast SEO plugin v27.3 - https:\/\/yoast.com\/product\/yoast-seo-wordpress\/ -->\n<title>Schweinezucht - SEAD e.V. - Nachhaltige Entwicklung<\/title>\n<meta name=\"description\" content=\"Unter den verschiedenen Tierarten z\u00e4hlt die Schweinezucht in Kamerun zu der wichtigsten Quelle der Fleischproduktion, direkt nach den Masth\u00fchnern.\" \/>\n<meta name=\"robots\" content=\"index, follow, max-snippet:-1, max-image-preview:large, max-video-preview:-1\" \/>\n<link rel=\"canonical\" href=\"https:\/\/sead-ev.de\/en\/sead\/schweinezucht\/\" \/>\n<meta property=\"og:locale\" content=\"en_US\" \/>\n<meta property=\"og:type\" content=\"article\" \/>\n<meta property=\"og:title\" content=\"Schweinezucht - SEAD e.V. - Nachhaltige Entwicklung\" \/>\n<meta property=\"og:description\" content=\"Unter den verschiedenen Tierarten z\u00e4hlt die Schweinezucht in Kamerun zu der wichtigsten Quelle der Fleischproduktion, direkt nach den Masth\u00fchnern.\" \/>\n<meta property=\"og:url\" content=\"https:\/\/sead-ev.de\/en\/sead\/schweinezucht\/\" \/>\n<meta property=\"og:site_name\" content=\"SEAD e.V. - Nachhaltige Entwicklung\" \/>\n<meta property=\"article:modified_time\" content=\"2019-04-18T13:14:33+00:00\" \/>\n<meta property=\"og:image\" content=\"https:\/\/sead-ev.de\/wp-content\/uploads\/2019\/04\/57186072_389267001911946_4209239396584521728_n.jpg\" \/>\n<meta name=\"twitter:card\" content=\"summary_large_image\" \/>\n<meta name=\"twitter:label1\" content=\"Est. reading time\" \/>\n\t<meta name=\"twitter:data1\" content=\"1 minute\" \/>\n<script type=\"application\/ld+json\" class=\"yoast-schema-graph\">{\"@context\":\"https:\\\/\\\/schema.org\",\"@graph\":[{\"@type\":\"WebPage\",\"@id\":\"https:\\\/\\\/sead-ev.de\\\/sead\\\/schweinezucht\",\"url\":\"https:\\\/\\\/sead-ev.de\\\/sead\\\/schweinezucht\",\"name\":\"Schweinezucht - SEAD e.V. - Nachhaltige Entwicklung\",\"isPartOf\":{\"@id\":\"https:\\\/\\\/sead-ev.de\\\/#website\"},\"primaryImageOfPage\":{\"@id\":\"https:\\\/\\\/sead-ev.de\\\/sead\\\/schweinezucht#primaryimage\"},\"image\":{\"@id\":\"https:\\\/\\\/sead-ev.de\\\/sead\\\/schweinezucht#primaryimage\"},\"thumbnailUrl\":\"https:\\\/\\\/sead-ev.de\\\/wp-content\\\/uploads\\\/2019\\\/04\\\/57186072_389267001911946_4209239396584521728_n.jpg\",\"datePublished\":\"2019-03-29T09:33:54+00:00\",\"dateModified\":\"2019-04-18T13:14:33+00:00\",\"description\":\"Unter den verschiedenen Tierarten z\u00e4hlt die Schweinezucht in Kamerun zu der wichtigsten Quelle der Fleischproduktion, direkt nach den Masth\u00fchnern.\",\"breadcrumb\":{\"@id\":\"https:\\\/\\\/sead-ev.de\\\/sead\\\/schweinezucht#breadcrumb\"},\"inLanguage\":\"en-US\",\"potentialAction\":[{\"@type\":\"ReadAction\",\"target\":[\"https:\\\/\\\/sead-ev.de\\\/sead\\\/schweinezucht\"]}]},{\"@type\":\"ImageObject\",\"inLanguage\":\"en-US\",\"@id\":\"https:\\\/\\\/sead-ev.de\\\/sead\\\/schweinezucht#primaryimage\",\"url\":\"https:\\\/\\\/sead-ev.de\\\/wp-content\\\/uploads\\\/2019\\\/04\\\/57186072_389267001911946_4209239396584521728_n.jpg\",\"contentUrl\":\"https:\\\/\\\/sead-ev.de\\\/wp-content\\\/uploads\\\/2019\\\/04\\\/57186072_389267001911946_4209239396584521728_n.jpg\"},{\"@type\":\"BreadcrumbList\",\"@id\":\"https:\\\/\\\/sead-ev.de\\\/sead\\\/schweinezucht#breadcrumb\",\"itemListElement\":[{\"@type\":\"ListItem\",\"position\":1,\"name\":\"Startseite\",\"item\":\"https:\\\/\\\/sead-ev.de\\\/\"},{\"@type\":\"ListItem\",\"position\":2,\"name\":\"Projekte\",\"item\":\"https:\\\/\\\/sead-ev.de\\\/sead\"},{\"@type\":\"ListItem\",\"position\":3,\"name\":\"Schweinezucht\"}]},{\"@type\":\"WebSite\",\"@id\":\"https:\\\/\\\/sead-ev.de\\\/#website\",\"url\":\"https:\\\/\\\/sead-ev.de\\\/\",\"name\":\"SEAD e.V - Entwicklungshilfe Kamerun\",\"description\":\"Sustainability - Education - Agriculture - Development\",\"publisher\":{\"@id\":\"https:\\\/\\\/sead-ev.de\\\/#organization\"},\"potentialAction\":[{\"@type\":\"SearchAction\",\"target\":{\"@type\":\"EntryPoint\",\"urlTemplate\":\"https:\\\/\\\/sead-ev.de\\\/?s={search_term_string}\"},\"query-input\":{\"@type\":\"PropertyValueSpecification\",\"valueRequired\":true,\"valueName\":\"search_term_string\"}}],\"inLanguage\":\"en-US\"},{\"@type\":\"Organization\",\"@id\":\"https:\\\/\\\/sead-ev.de\\\/#organization\",\"name\":\"sead e.V\",\"url\":\"https:\\\/\\\/sead-ev.de\\\/\",\"logo\":{\"@type\":\"ImageObject\",\"inLanguage\":\"en-US\",\"@id\":\"https:\\\/\\\/sead-ev.de\\\/#\\\/schema\\\/logo\\\/image\\\/\",\"url\":\"https:\\\/\\\/sead-ev.de\\\/wp-content\\\/uploads\\\/2019\\\/03\\\/cropped-SEAD_Logo-05-3.png\",\"contentUrl\":\"https:\\\/\\\/sead-ev.de\\\/wp-content\\\/uploads\\\/2019\\\/03\\\/cropped-SEAD_Logo-05-3.png\",\"width\":250,\"height\":250,\"caption\":\"sead e.V\"},\"image\":{\"@id\":\"https:\\\/\\\/sead-ev.de\\\/#\\\/schema\\\/logo\\\/image\\\/\"},\"sameAs\":[\"https:\\\/\\\/www.instagram.com\\\/sead_e.v\\\/\"]}]}<\/script>\n<!-- \/ Yoast SEO plugin. -->","yoast_head_json":{"title":"Schweinezucht - SEAD e.V. - Nachhaltige Entwicklung","description":"Unter den verschiedenen Tierarten z\u00e4hlt die Schweinezucht in Kamerun zu der wichtigsten Quelle der Fleischproduktion, direkt nach den Masth\u00fchnern.","robots":{"index":"index","follow":"follow","max-snippet":"max-snippet:-1","max-image-preview":"max-image-preview:large","max-video-preview":"max-video-preview:-1"},"canonical":"https:\/\/sead-ev.de\/en\/sead\/schweinezucht\/","og_locale":"en_US","og_type":"article","og_title":"Schweinezucht - SEAD e.V. - Nachhaltige Entwicklung","og_description":"Unter den verschiedenen Tierarten z\u00e4hlt die Schweinezucht in Kamerun zu der wichtigsten Quelle der Fleischproduktion, direkt nach den Masth\u00fchnern.","og_url":"https:\/\/sead-ev.de\/en\/sead\/schweinezucht\/","og_site_name":"SEAD e.V. - Nachhaltige Entwicklung","article_modified_time":"2019-04-18T13:14:33+00:00","og_image":[{"url":"https:\/\/sead-ev.de\/wp-content\/uploads\/2019\/04\/57186072_389267001911946_4209239396584521728_n.jpg","type":"","width":"","height":""}],"twitter_card":"summary_large_image","twitter_misc":{"Est. reading time":"1 minute"},"schema":{"@context":"https:\/\/schema.org","@graph":[{"@type":"WebPage","@id":"https:\/\/sead-ev.de\/sead\/schweinezucht","url":"https:\/\/sead-ev.de\/sead\/schweinezucht","name":"Schweinezucht - SEAD e.V. - Nachhaltige Entwicklung","isPartOf":{"@id":"https:\/\/sead-ev.de\/#website"},"primaryImageOfPage":{"@id":"https:\/\/sead-ev.de\/sead\/schweinezucht#primaryimage"},"image":{"@id":"https:\/\/sead-ev.de\/sead\/schweinezucht#primaryimage"},"thumbnailUrl":"https:\/\/sead-ev.de\/wp-content\/uploads\/2019\/04\/57186072_389267001911946_4209239396584521728_n.jpg","datePublished":"2019-03-29T09:33:54+00:00","dateModified":"2019-04-18T13:14:33+00:00","description":"Unter den verschiedenen Tierarten z\u00e4hlt die Schweinezucht in Kamerun zu der wichtigsten Quelle der Fleischproduktion, direkt nach den Masth\u00fchnern.","breadcrumb":{"@id":"https:\/\/sead-ev.de\/sead\/schweinezucht#breadcrumb"},"inLanguage":"en-US","potentialAction":[{"@type":"ReadAction","target":["https:\/\/sead-ev.de\/sead\/schweinezucht"]}]},{"@type":"ImageObject","inLanguage":"en-US","@id":"https:\/\/sead-ev.de\/sead\/schweinezucht#primaryimage","url":"https:\/\/sead-ev.de\/wp-content\/uploads\/2019\/04\/57186072_389267001911946_4209239396584521728_n.jpg","contentUrl":"https:\/\/sead-ev.de\/wp-content\/uploads\/2019\/04\/57186072_389267001911946_4209239396584521728_n.jpg"},{"@type":"BreadcrumbList","@id":"https:\/\/sead-ev.de\/sead\/schweinezucht#breadcrumb","itemListElement":[{"@type":"ListItem","position":1,"name":"Startseite","item":"https:\/\/sead-ev.de\/"},{"@type":"ListItem","position":2,"name":"Projekte","item":"https:\/\/sead-ev.de\/sead"},{"@type":"ListItem","position":3,"name":"Schweinezucht"}]},{"@type":"WebSite","@id":"https:\/\/sead-ev.de\/#website","url":"https:\/\/sead-ev.de\/","name":"SEAD e.V - Entwicklungshilfe Kamerun","description":"Sustainability - Education - Agriculture - Development","publisher":{"@id":"https:\/\/sead-ev.de\/#organization"},"potentialAction":[{"@type":"SearchAction","target":{"@type":"EntryPoint","urlTemplate":"https:\/\/sead-ev.de\/?s={search_term_string}"},"query-input":{"@type":"PropertyValueSpecification","valueRequired":true,"valueName":"search_term_string"}}],"inLanguage":"en-US"},{"@type":"Organization","@id":"https:\/\/sead-ev.de\/#organization","name":"sead e.V","url":"https:\/\/sead-ev.de\/","logo":{"@type":"ImageObject","inLanguage":"en-US","@id":"https:\/\/sead-ev.de\/#\/schema\/logo\/image\/","url":"https:\/\/sead-ev.de\/wp-content\/uploads\/2019\/03\/cropped-SEAD_Logo-05-3.png","contentUrl":"https:\/\/sead-ev.de\/wp-content\/uploads\/2019\/03\/cropped-SEAD_Logo-05-3.png","width":250,"height":250,"caption":"sead e.V"},"image":{"@id":"https:\/\/sead-ev.de\/#\/schema\/logo\/image\/"},"sameAs":["https:\/\/www.instagram.com\/sead_e.v\/"]}]}},"jetpack_shortlink":"https:\/\/wp.me\/PaxqgZ-2m","jetpack-related-posts":[{"id":133,"url":"https:\/\/sead-ev.de\/en\/leitlinien-sead","url_meta":{"origin":146,"position":0},"title":"Guiding principles SEAD","author":"Larissa Mayer","date":"29. March 2019","format":false,"excerpt":"\"Gehe ich vor dir, dann wei\u00df ich nicht, ob ich dich auf einen richtigen Weg bringe. Gehst du vor mir, dann wei\u00df ich nicht, ob du mich auf den richtigen Weg bringst. Gehe ich neben dir, werden wir gemeinsam den richtigen Weg finden.\" \u00a0 S\u00fcdafrikanisches Sprichwort \u00a0 Sustainability (Nachhaltigkeit): Sehen\u2026","rel":"","context":"Similar post","block_context":{"text":"Similar post","link":""},"img":{"alt_text":"","src":"https:\/\/i0.wp.com\/sead-ev.de\/wp-content\/uploads\/2019\/04\/anhang1.jpg?resize=350%2C200&ssl=1","width":350,"height":200,"srcset":"https:\/\/i0.wp.com\/sead-ev.de\/wp-content\/uploads\/2019\/04\/anhang1.jpg?resize=350%2C200&ssl=1 1x, https:\/\/i0.wp.com\/sead-ev.de\/wp-content\/uploads\/2019\/04\/anhang1.jpg?resize=525%2C300&ssl=1 1.5x, https:\/\/i0.wp.com\/sead-ev.de\/wp-content\/uploads\/2019\/04\/anhang1.jpg?resize=700%2C400&ssl=1 2x, https:\/\/i0.wp.com\/sead-ev.de\/wp-content\/uploads\/2019\/04\/anhang1.jpg?resize=1050%2C600&ssl=1 3x, https:\/\/i0.wp.com\/sead-ev.de\/wp-content\/uploads\/2019\/04\/anhang1.jpg?resize=1400%2C800&ssl=1 4x"},"classes":[]},{"id":141,"url":"https:\/\/sead-ev.de\/en\/sead\/schulbildung-und-stipendien","url_meta":{"origin":146,"position":1},"title":"Education","author":"Larissa Mayer","date":"29. March 2019","format":false,"excerpt":"\"Education is the most powerful weapon which you can use to change the world\u201d Nelson Mandela Bereits Mandela war sich schon der Bedeutung von Bildung f\u00fcr die bestehende Gesellschaft bewusst. Auch wir sehen in Bildung den Weg aus der Armut, zu mehr Frieden, Gerechtigkeit und einer nachhaltigen Welt. In den\u2026","rel":"","context":"Similar post","block_context":{"text":"Similar post","link":""},"img":{"alt_text":"","src":"https:\/\/i0.wp.com\/sead-ev.de\/wp-content\/uploads\/2019\/04\/56610374_588866138247452_6046759781727731712_n-227x300.jpg?resize=350%2C200&ssl=1","width":350,"height":200},"classes":[]},{"id":163,"url":"https:\/\/sead-ev.de\/en\/berichte","url_meta":{"origin":146,"position":2},"title":"Reports","author":"artur","date":"29. March 2019","format":false,"excerpt":"Was gibts Neues? Hier kannst Du erfahren, wie der aktuelle Stand im Good Shepher Home und Bamenda ist. Ob Erfahrungberichte, Projektupdates und Politisches zur Anglophonen Krise, auf unseren Blogeintr\u00e4gen sollst du die M\u00f6glichkeit bekommen einen besseren Einblick in die Strukturen den Good Shepherd Homes zu bekommen, sowie auch \u00fcber die\u2026","rel":"","context":"Similar post","block_context":{"text":"Similar post","link":""},"img":{"alt_text":"","src":"https:\/\/i0.wp.com\/sead-ev.de\/wp-content\/uploads\/2019\/04\/IMG_9960-1.jpg?resize=350%2C200&ssl=1","width":350,"height":200,"srcset":"https:\/\/i0.wp.com\/sead-ev.de\/wp-content\/uploads\/2019\/04\/IMG_9960-1.jpg?resize=350%2C200&ssl=1 1x, https:\/\/i0.wp.com\/sead-ev.de\/wp-content\/uploads\/2019\/04\/IMG_9960-1.jpg?resize=525%2C300&ssl=1 1.5x, https:\/\/i0.wp.com\/sead-ev.de\/wp-content\/uploads\/2019\/04\/IMG_9960-1.jpg?resize=700%2C400&ssl=1 2x, https:\/\/i0.wp.com\/sead-ev.de\/wp-content\/uploads\/2019\/04\/IMG_9960-1.jpg?resize=1050%2C600&ssl=1 3x, https:\/\/i0.wp.com\/sead-ev.de\/wp-content\/uploads\/2019\/04\/IMG_9960-1.jpg?resize=1400%2C800&ssl=1 4x"},"classes":[]},{"id":135,"url":"https:\/\/sead-ev.de\/en\/vorstellung-der-vereinsmitglieder","url_meta":{"origin":146,"position":3},"title":"Introduction of the members","author":"Larissa Mayer","date":"29. March 2019","format":false,"excerpt":"\u00a0Larissa Mayer, 1. Vorsitzende von SEAD\"If you think you are too small to make a difference try sleeping with a mosquito\" - Dalai LamaBereich: Vorstandsmitglied & ProjektkoordinationSo stelle ich mir die Zukunft von SEAD vor: Ich sehe gro\u00dfes Potential in den bereits laufenden Projekten zur Selbstversorgung des Good Shepherd Homes,\u2026","rel":"","context":"Similar post","block_context":{"text":"Similar post","link":""},"img":{"alt_text":"","src":"https:\/\/i0.wp.com\/sead-ev.de\/wp-content\/uploads\/2020\/12\/IMG_1096-2.jpg?resize=350%2C200&ssl=1","width":350,"height":200,"srcset":"https:\/\/i0.wp.com\/sead-ev.de\/wp-content\/uploads\/2020\/12\/IMG_1096-2.jpg?resize=350%2C200&ssl=1 1x, https:\/\/i0.wp.com\/sead-ev.de\/wp-content\/uploads\/2020\/12\/IMG_1096-2.jpg?resize=525%2C300&ssl=1 1.5x, https:\/\/i0.wp.com\/sead-ev.de\/wp-content\/uploads\/2020\/12\/IMG_1096-2.jpg?resize=700%2C400&ssl=1 2x"},"classes":[]},{"id":1953,"url":"https:\/\/sead-ev.de\/en\/newsletter-2","url_meta":{"origin":146,"position":4},"title":"Newsletter","author":"Larissa Mayer","date":"29. March 2022","format":false,"excerpt":"Die Ghostwriting -Preise variieren je nach Projektumfang. Dies kann die Menge an Forschungen, den Schreibstil und den Zeitrahmen f\u00fcr das Projekt umfassen.Der Preis kann auch von den Erfahrungen und F\u00e4higkeiten des ghostwriting preise Ghostwriter abh\u00e4ngen. Die erfahreneren Ghostwriter werden h\u00f6here Preise berechnen.Hausaufgaben sind eine der Hauptquellen f\u00fcr Stress und Unruhen\u2026","rel":"","context":"Similar post","block_context":{"text":"Similar post","link":""},"img":{"alt_text":"","src":"","width":0,"height":0},"classes":[]},{"id":65,"url":"https:\/\/sead-ev.de\/en\/unterstuetzung\/spenden","url_meta":{"origin":146,"position":5},"title":"Donate","author":"artur","date":"14. November 2018","format":false,"excerpt":"Um die Arbeit von SEAD zu erm\u00f6glichen, sind wir auf deine Spende angewiesen. Wichtig f\u00fcr Dich ist, dass deine Spende zu 100% zugunsten des Good Shepherd Homes verwendet wird. Eine Spendenbescheinigung bekommst Du am Ende des Jahres (bitte Adresse bei \u00dcberweisung angeben!). Mit 1\u20ac kann ein Kind in Kamerun schon\u2026","rel":"","context":"Similar post","block_context":{"text":"Similar post","link":""},"img":{"alt_text":"","src":"https:\/\/i0.wp.com\/sead-ev.de\/wp-content\/uploads\/2019\/04\/Unbenannt.jpg?resize=350%2C200&ssl=1","width":350,"height":200,"srcset":"https:\/\/i0.wp.com\/sead-ev.de\/wp-content\/uploads\/2019\/04\/Unbenannt.jpg?resize=350%2C200&ssl=1 1x, https:\/\/i0.wp.com\/sead-ev.de\/wp-content\/uploads\/2019\/04\/Unbenannt.jpg?resize=525%2C300&ssl=1 1.5x, https:\/\/i0.wp.com\/sead-ev.de\/wp-content\/uploads\/2019\/04\/Unbenannt.jpg?resize=700%2C400&ssl=1 2x"},"classes":[]}],"jetpack_sharing_enabled":true,"_links":{"self":[{"href":"https:\/\/sead-ev.de\/en\/wp-json\/wp\/v2\/pages\/146","targetHints":{"allow":["GET"]}}],"collection":[{"href":"https:\/\/sead-ev.de\/en\/wp-json\/wp\/v2\/pages"}],"about":[{"href":"https:\/\/sead-ev.de\/en\/wp-json\/wp\/v2\/types\/page"}],"author":[{"embeddable":true,"href":"https:\/\/sead-ev.de\/en\/wp-json\/wp\/v2\/users\/2"}],"replies":[{"embeddable":true,"href":"https:\/\/sead-ev.de\/en\/wp-json\/wp\/v2\/comments?post=146"}],"version-history":[{"count":17,"href":"https:\/\/sead-ev.de\/en\/wp-json\/wp\/v2\/pages\/146\/revisions"}],"predecessor-version":[{"id":1375,"href":"https:\/\/sead-ev.de\/en\/wp-json\/wp\/v2\/pages\/146\/revisions\/1375"}],"up":[{"embeddable":true,"href":"https:\/\/sead-ev.de\/en\/wp-json\/wp\/v2\/pages\/23"}],"wp:attachment":[{"href":"https:\/\/sead-ev.de\/en\/wp-json\/wp\/v2\/media?parent=146"}],"curies":[{"name":"wp","href":"https:\/\/api.w.org\/{rel}","templated":true}]}}